{"id":732136,"date":"2025-03-03T16:14:16","date_gmt":"2025-03-03T15:14:16","guid":{"rendered":"https:\/\/stoic-curie.212-227-153-4.plesk.page\/producto\/echelle-de-securite-3-30mt\/"},"modified":"2026-02-24T23:08:54","modified_gmt":"2026-02-24T23:08:54","slug":"echelle-de-securite-3-30mt","status":"publish","type":"product","link":"https:\/\/stoic-curie.212-227-153-4.plesk.page\/fr\/product\/echelle-de-securite-3-30mt\/","title":{"rendered":"\u00c9chelle de s\u00e9curit\u00e9 3.30mt"},"content":{"rendered":"<p>\u00c9chelle de s\u00e9curit\u00e9 3.30mt &#8211; <\/p>\n<p>\u00c9chelle de s\u00e9curit\u00e9 universelle. Conforme \u00e0 la norme ISO 15085. Convient \u00e0 tous les bateaux. Facile et s\u00fbr \u00e0 utiliser, le d\u00e9ploiement se fait depuis l&#8217;eau \u00e0 l&#8217;aide d&#8217;une corde appropri\u00e9e. Fabriqu\u00e9e en sangle de polyester avec des marches en fibre de verre. Comprend un solide conteneur en tissu polyester de 28x26x6 cm. Fixation au pupitre \u00e0 l&#8217;aide de deux boucles et de deux boutons-pression.<\/p>\n","protected":false},"excerpt":{"rendered":"<p>\u00c9chelle de s\u00e9curit\u00e9 3.30mt &#8211; \u00c9chelle de s\u00e9curit\u00e9 universelle. Conforme \u00e0 la norme ISO 15085. Convient \u00e0 tous les bateaux.<\/p>\n","protected":false},"featured_media":5948811,"comment_status":"open","ping_status":"closed","template":"","meta":[],"product_brand":[3234],"product_cat":[1044,1031],"product_tag":[],"class_list":{"0":"post-732136","1":"product","2":"type-product","3":"status-publish","4":"has-post-thumbnail","6":"product_brand-osculati-fr","7":"product_cat-echelles","8":"product_cat-materiel-de-securite","10":"first","11":"instock","12":"shipping-taxable","13":"purchasable","14":"product-type-simple"},"_links":{"self":[{"href":"https:\/\/stoic-curie.212-227-153-4.plesk.page\/fr\/wp-json\/wp\/v2\/product\/732136","targetHints":{"allow":["GET"]}}],"collection":[{"href":"https:\/\/stoic-curie.212-227-153-4.plesk.page\/fr\/wp-json\/wp\/v2\/product"}],"about":[{"href":"https:\/\/stoic-curie.212-227-153-4.plesk.page\/fr\/wp-json\/wp\/v2\/types\/product"}],"replies":[{"embeddable":true,"href":"https:\/\/stoic-curie.212-227-153-4.plesk.page\/fr\/wp-json\/wp\/v2\/comments?post=732136"}],"version-history":[{"count":0,"href":"https:\/\/stoic-curie.212-227-153-4.plesk.page\/fr\/wp-json\/wp\/v2\/product\/732136\/revisions"}],"wp:featuredmedia":[{"embeddable":true,"href":"https:\/\/stoic-curie.212-227-153-4.plesk.page\/fr\/wp-json\/wp\/v2\/media\/5948811"}],"wp:attachment":[{"href":"https:\/\/stoic-curie.212-227-153-4.plesk.page\/fr\/wp-json\/wp\/v2\/media?parent=732136"}],"wp:term":[{"taxonomy":"product_brand","embeddable":true,"href":"https:\/\/stoic-curie.212-227-153-4.plesk.page\/fr\/wp-json\/wp\/v2\/product_brand?post=732136"},{"taxonomy":"product_cat","embeddable":true,"href":"https:\/\/stoic-curie.212-227-153-4.plesk.page\/fr\/wp-json\/wp\/v2\/product_cat?post=732136"},{"taxonomy":"product_tag","embeddable":true,"href":"https:\/\/stoic-curie.212-227-153-4.plesk.page\/fr\/wp-json\/wp\/v2\/product_tag?post=732136"}],"curies":[{"name":"wp","href":"https:\/\/api.w.org\/{rel}","templated":true}]}}