{"id":732137,"date":"2025-03-03T16:14:16","date_gmt":"2025-03-03T15:14:16","guid":{"rendered":"https:\/\/stoic-curie.212-227-153-4.plesk.page\/producto\/chaise-pliante-marathon-r120-bleu\/"},"modified":"2026-02-24T23:08:54","modified_gmt":"2026-02-24T23:08:54","slug":"chaise-pliante-marathon-r120-bleu","status":"publish","type":"product","link":"https:\/\/stoic-curie.212-227-153-4.plesk.page\/fr\/product\/chaise-pliante-marathon-r120-bleu\/","title":{"rendered":"Chaise pliante Marathon r120 Bleu"},"content":{"rendered":"<p>Chaise pliante Marathon r120 Bleu &#8211; <\/p>\n<p>Chaise Marathon R120 confortable et \u00e9l\u00e9gante de Forma. Cadre en aluminium anodis\u00e9, l\u00e9ger et tr\u00e8s r\u00e9sistant, avec des joints coul\u00e9s. Toile de qualit\u00e9 marine Recacril, r\u00e9sistant aux taches. Quincaillerie en acier inoxydable.<\/p>\n","protected":false},"excerpt":{"rendered":"<p>Chaise pliante Marathon r120 Bleu &#8211; Chaise Marathon R120 confortable et \u00e9l\u00e9gante de Forma. Cadre en aluminium anodis\u00e9, l\u00e9ger et<\/p>\n","protected":false},"featured_media":5948813,"comment_status":"open","ping_status":"closed","template":"","meta":[],"product_brand":[2949],"product_cat":[1068],"product_tag":[],"class_list":{"0":"post-732137","1":"product","2":"type-product","3":"status-publish","4":"has-post-thumbnail","6":"product_brand-forma-fr","7":"product_cat-tables-et-chaises","9":"first","10":"instock","11":"shipping-taxable","12":"purchasable","13":"product-type-simple"},"_links":{"self":[{"href":"https:\/\/stoic-curie.212-227-153-4.plesk.page\/fr\/wp-json\/wp\/v2\/product\/732137","targetHints":{"allow":["GET"]}}],"collection":[{"href":"https:\/\/stoic-curie.212-227-153-4.plesk.page\/fr\/wp-json\/wp\/v2\/product"}],"about":[{"href":"https:\/\/stoic-curie.212-227-153-4.plesk.page\/fr\/wp-json\/wp\/v2\/types\/product"}],"replies":[{"embeddable":true,"href":"https:\/\/stoic-curie.212-227-153-4.plesk.page\/fr\/wp-json\/wp\/v2\/comments?post=732137"}],"version-history":[{"count":0,"href":"https:\/\/stoic-curie.212-227-153-4.plesk.page\/fr\/wp-json\/wp\/v2\/product\/732137\/revisions"}],"wp:featuredmedia":[{"embeddable":true,"href":"https:\/\/stoic-curie.212-227-153-4.plesk.page\/fr\/wp-json\/wp\/v2\/media\/5948813"}],"wp:attachment":[{"href":"https:\/\/stoic-curie.212-227-153-4.plesk.page\/fr\/wp-json\/wp\/v2\/media?parent=732137"}],"wp:term":[{"taxonomy":"product_brand","embeddable":true,"href":"https:\/\/stoic-curie.212-227-153-4.plesk.page\/fr\/wp-json\/wp\/v2\/product_brand?post=732137"},{"taxonomy":"product_cat","embeddable":true,"href":"https:\/\/stoic-curie.212-227-153-4.plesk.page\/fr\/wp-json\/wp\/v2\/product_cat?post=732137"},{"taxonomy":"product_tag","embeddable":true,"href":"https:\/\/stoic-curie.212-227-153-4.plesk.page\/fr\/wp-json\/wp\/v2\/product_tag?post=732137"}],"curies":[{"name":"wp","href":"https:\/\/api.w.org\/{rel}","templated":true}]}}