{"id":732143,"date":"2025-03-03T16:14:17","date_gmt":"2025-03-03T15:14:17","guid":{"rendered":"https:\/\/stoic-curie.212-227-153-4.plesk.page\/producto\/profile-detancheite-trim-lok-20-a-70mm-x-15mt\/"},"modified":"2026-02-24T23:08:54","modified_gmt":"2026-02-24T23:08:54","slug":"profile-detancheite-trim-lok-20-a-70mm-x-15mt","status":"publish","type":"product","link":"https:\/\/stoic-curie.212-227-153-4.plesk.page\/fr\/product\/profile-detancheite-trim-lok-20-a-70mm-x-15mt\/","title":{"rendered":"Profil\u00e9 d\u2019\u00e9tanch\u00e9it\u00e9 Trim-lok 2,0 \u00e0 7,0mm x 15mt"},"content":{"rendered":"<p>Profil\u00e9 d\u2019\u00e9tanch\u00e9it\u00e9 Trim-lok 2,0 \u00e0 7,0mm x 15mt &#8211; <\/p>\n<p>Joint Trim-Lok co-extrud\u00e9 pour portes, trappes et fermetures. Compos\u00e9 d&#8217;un anneau en caoutchouc EPDM expans\u00e9 extrud\u00e9 sur un profil en PVC. Il se monte facilement gr\u00e2ce \u00e0 la structure avec un ressort en acier int\u00e9gr\u00e9 dans le caoutchouc qui s&#8217;adapte ais\u00e9ment au bord \u00e0 couvrir. Plusieurs languettes de verrouillage garantissent un parfait joint \u00e9tanche m\u00eame sans adh\u00e9sif. Pack de 15 m\u00e8tres.<\/p>\n","protected":false},"excerpt":{"rendered":"<p>Profil\u00e9 d\u2019\u00e9tanch\u00e9it\u00e9 Trim-lok 2,0 \u00e0 7,0mm x 15mt &#8211; Joint Trim-Lok co-extrud\u00e9 pour portes, trappes et fermetures. Compos\u00e9 d&#8217;un anneau<\/p>\n","protected":false},"featured_media":5948823,"comment_status":"open","ping_status":"closed","template":"","meta":[],"product_brand":[3479],"product_cat":[1128],"product_tag":[],"class_list":{"0":"post-732143","1":"product","2":"type-product","3":"status-publish","4":"has-post-thumbnail","6":"product_brand-tessilmare-fr","7":"product_cat-panneaux-de-pont","9":"first","10":"instock","11":"shipping-taxable","12":"purchasable","13":"product-type-simple"},"_links":{"self":[{"href":"https:\/\/stoic-curie.212-227-153-4.plesk.page\/fr\/wp-json\/wp\/v2\/product\/732143","targetHints":{"allow":["GET"]}}],"collection":[{"href":"https:\/\/stoic-curie.212-227-153-4.plesk.page\/fr\/wp-json\/wp\/v2\/product"}],"about":[{"href":"https:\/\/stoic-curie.212-227-153-4.plesk.page\/fr\/wp-json\/wp\/v2\/types\/product"}],"replies":[{"embeddable":true,"href":"https:\/\/stoic-curie.212-227-153-4.plesk.page\/fr\/wp-json\/wp\/v2\/comments?post=732143"}],"version-history":[{"count":0,"href":"https:\/\/stoic-curie.212-227-153-4.plesk.page\/fr\/wp-json\/wp\/v2\/product\/732143\/revisions"}],"wp:featuredmedia":[{"embeddable":true,"href":"https:\/\/stoic-curie.212-227-153-4.plesk.page\/fr\/wp-json\/wp\/v2\/media\/5948823"}],"wp:attachment":[{"href":"https:\/\/stoic-curie.212-227-153-4.plesk.page\/fr\/wp-json\/wp\/v2\/media?parent=732143"}],"wp:term":[{"taxonomy":"product_brand","embeddable":true,"href":"https:\/\/stoic-curie.212-227-153-4.plesk.page\/fr\/wp-json\/wp\/v2\/product_brand?post=732143"},{"taxonomy":"product_cat","embeddable":true,"href":"https:\/\/stoic-curie.212-227-153-4.plesk.page\/fr\/wp-json\/wp\/v2\/product_cat?post=732143"},{"taxonomy":"product_tag","embeddable":true,"href":"https:\/\/stoic-curie.212-227-153-4.plesk.page\/fr\/wp-json\/wp\/v2\/product_tag?post=732143"}],"curies":[{"name":"wp","href":"https:\/\/api.w.org\/{rel}","templated":true}]}}