{"id":732144,"date":"2025-03-03T16:14:17","date_gmt":"2025-03-03T15:14:17","guid":{"rendered":"https:\/\/stoic-curie.212-227-153-4.plesk.page\/producto\/profile-de-finition-trim-lok-noir-230-x-125-mm-x-15-mt\/"},"modified":"2026-02-24T23:08:54","modified_gmt":"2026-02-24T23:08:54","slug":"profile-de-finition-trim-lok-noir-230-x-125-mm-x-15-mt","status":"publish","type":"product","link":"https:\/\/stoic-curie.212-227-153-4.plesk.page\/fr\/product\/profile-de-finition-trim-lok-noir-230-x-125-mm-x-15-mt\/","title":{"rendered":"Profil\u00e9 de finition Trim-lok Noir 23,0 x 12,5 mm x 15 mt"},"content":{"rendered":"<p>Profil\u00e9 de finition Trim-lok Noir 23,0 x 12,5 mm x 15 mt &#8211; <\/p>\n<p>Profil de goutte Trim-Lok pour l&#8217;\u00e9coulement de l&#8217;eau et des gouttes qui se forment sur le bord sup\u00e9rieur des ouvertures, fen\u00eatres et portes. Appliqu\u00e9 sur des superstructures, il \u00e9vite le remplissage des cockpits et des fonds de cale. \u00c9quip\u00e9 d&#8217;un puissant adh\u00e9sif 3M sp\u00e9cifiquement con\u00e7u pour un usage ext\u00e9rieur, il se monte facilement gr\u00e2ce \u00e0 sa structure en PVC flexible qui s&#8217;adapte \u00e0 la forme du bord. Pack de 15 m\u00e8tres.<\/p>\n","protected":false},"excerpt":{"rendered":"<p>Profil\u00e9 de finition Trim-lok Noir 23,0 x 12,5 mm x 15 mt &#8211; Profil de goutte Trim-Lok pour l&#8217;\u00e9coulement de<\/p>\n","protected":false},"featured_media":5948826,"comment_status":"open","ping_status":"closed","template":"","meta":[],"product_brand":[3479],"product_cat":[1278],"product_tag":[],"class_list":{"0":"post-732144","1":"product","2":"type-product","3":"status-publish","4":"has-post-thumbnail","6":"product_brand-tessilmare-fr","7":"product_cat-profils-de-pare-battage","9":"first","10":"instock","11":"shipping-taxable","12":"purchasable","13":"product-type-simple"},"_links":{"self":[{"href":"https:\/\/stoic-curie.212-227-153-4.plesk.page\/fr\/wp-json\/wp\/v2\/product\/732144","targetHints":{"allow":["GET"]}}],"collection":[{"href":"https:\/\/stoic-curie.212-227-153-4.plesk.page\/fr\/wp-json\/wp\/v2\/product"}],"about":[{"href":"https:\/\/stoic-curie.212-227-153-4.plesk.page\/fr\/wp-json\/wp\/v2\/types\/product"}],"replies":[{"embeddable":true,"href":"https:\/\/stoic-curie.212-227-153-4.plesk.page\/fr\/wp-json\/wp\/v2\/comments?post=732144"}],"version-history":[{"count":0,"href":"https:\/\/stoic-curie.212-227-153-4.plesk.page\/fr\/wp-json\/wp\/v2\/product\/732144\/revisions"}],"wp:featuredmedia":[{"embeddable":true,"href":"https:\/\/stoic-curie.212-227-153-4.plesk.page\/fr\/wp-json\/wp\/v2\/media\/5948826"}],"wp:attachment":[{"href":"https:\/\/stoic-curie.212-227-153-4.plesk.page\/fr\/wp-json\/wp\/v2\/media?parent=732144"}],"wp:term":[{"taxonomy":"product_brand","embeddable":true,"href":"https:\/\/stoic-curie.212-227-153-4.plesk.page\/fr\/wp-json\/wp\/v2\/product_brand?post=732144"},{"taxonomy":"product_cat","embeddable":true,"href":"https:\/\/stoic-curie.212-227-153-4.plesk.page\/fr\/wp-json\/wp\/v2\/product_cat?post=732144"},{"taxonomy":"product_tag","embeddable":true,"href":"https:\/\/stoic-curie.212-227-153-4.plesk.page\/fr\/wp-json\/wp\/v2\/product_tag?post=732144"}],"curies":[{"name":"wp","href":"https:\/\/api.w.org\/{rel}","templated":true}]}}