{"id":732146,"date":"2025-03-03T16:14:18","date_gmt":"2025-03-03T15:14:18","guid":{"rendered":"https:\/\/stoic-curie.212-227-153-4.plesk.page\/producto\/pompe-de-cale-johnson-aqua-void-ref-800-v-12\/"},"modified":"2026-02-24T23:08:54","modified_gmt":"2026-02-24T23:08:54","slug":"pompe-de-cale-johnson-aqua-void-ref-800-v-12","status":"publish","type":"product","link":"https:\/\/stoic-curie.212-227-153-4.plesk.page\/fr\/product\/pompe-de-cale-johnson-aqua-void-ref-800-v-12\/","title":{"rendered":"Pompe de cale Johnson aqua void ref 800 v 12"},"content":{"rendered":"<p>Pompe de cale Johnson aqua void ref 800 v 12  &#8211; <\/p>\n<p>Pompe submersible Johnson Aqua Void de qualit\u00e9 sup\u00e9rieure et durable, avec base et t\u00eate d\u00e9tachables pour un nettoyage facile. Avec un joint \u00e9tanche \u00e0 l&#8217;eau, des fusibles de rechange et un connecteur Deutsch pour une d\u00e9connexion rapide du secteur pendant la maintenance. Corps en thermodurci avec moteur scell\u00e9 refroidi \u00e0 l&#8217;eau et arbre en acier inoxydable. Port filet\u00e9 3\/4&#8243; avec raccords de tuyau droits et coud\u00e9s ajustables de 20 mm, y compris un joint et une vanne anti-retour. Dimensions de la pompe 70 x 133 x H119 mm.<\/p>\n","protected":false},"excerpt":{"rendered":"<p>Pompe de cale Johnson aqua void ref 800 v 12 &#8211; Pompe submersible Johnson Aqua Void de qualit\u00e9 sup\u00e9rieure et<\/p>\n","protected":false},"featured_media":5948842,"comment_status":"open","ping_status":"closed","template":"","meta":[],"product_brand":[3044],"product_cat":[1085],"product_tag":[],"class_list":{"0":"post-732146","1":"product","2":"type-product","3":"status-publish","4":"has-post-thumbnail","6":"product_brand-johnson-marine-fr","7":"product_cat-pompes-de-cale-electriques","9":"first","10":"instock","11":"shipping-taxable","12":"purchasable","13":"product-type-simple"},"_links":{"self":[{"href":"https:\/\/stoic-curie.212-227-153-4.plesk.page\/fr\/wp-json\/wp\/v2\/product\/732146","targetHints":{"allow":["GET"]}}],"collection":[{"href":"https:\/\/stoic-curie.212-227-153-4.plesk.page\/fr\/wp-json\/wp\/v2\/product"}],"about":[{"href":"https:\/\/stoic-curie.212-227-153-4.plesk.page\/fr\/wp-json\/wp\/v2\/types\/product"}],"replies":[{"embeddable":true,"href":"https:\/\/stoic-curie.212-227-153-4.plesk.page\/fr\/wp-json\/wp\/v2\/comments?post=732146"}],"version-history":[{"count":0,"href":"https:\/\/stoic-curie.212-227-153-4.plesk.page\/fr\/wp-json\/wp\/v2\/product\/732146\/revisions"}],"wp:featuredmedia":[{"embeddable":true,"href":"https:\/\/stoic-curie.212-227-153-4.plesk.page\/fr\/wp-json\/wp\/v2\/media\/5948842"}],"wp:attachment":[{"href":"https:\/\/stoic-curie.212-227-153-4.plesk.page\/fr\/wp-json\/wp\/v2\/media?parent=732146"}],"wp:term":[{"taxonomy":"product_brand","embeddable":true,"href":"https:\/\/stoic-curie.212-227-153-4.plesk.page\/fr\/wp-json\/wp\/v2\/product_brand?post=732146"},{"taxonomy":"product_cat","embeddable":true,"href":"https:\/\/stoic-curie.212-227-153-4.plesk.page\/fr\/wp-json\/wp\/v2\/product_cat?post=732146"},{"taxonomy":"product_tag","embeddable":true,"href":"https:\/\/stoic-curie.212-227-153-4.plesk.page\/fr\/wp-json\/wp\/v2\/product_tag?post=732146"}],"curies":[{"name":"wp","href":"https:\/\/api.w.org\/{rel}","templated":true}]}}