{"id":732153,"date":"2025-03-03T16:14:19","date_gmt":"2025-03-03T15:14:19","guid":{"rendered":"https:\/\/stoic-curie.212-227-153-4.plesk.page\/producto\/garmin-gnx-keyboard\/"},"modified":"2026-02-24T23:08:54","modified_gmt":"2026-02-24T23:08:54","slug":"garmin-gnx-keyboard","status":"publish","type":"product","link":"https:\/\/stoic-curie.212-227-153-4.plesk.page\/fr\/product\/garmin-gnx-keyboard\/","title":{"rendered":"Garmin GNX Keyboard"},"content":{"rendered":"<p>Garmin GNX Keyboard &#8211; <\/p>\n<p>\u00c9cran LCD r\u00e9tro\u00e9clair\u00e9 avec technologie anti-\u00e9blouissement \u00e0 verre coll\u00e9. Excellente luminosit\u00e9 et faible consommation d&#8217;\u00e9nergie. Boutons tactiles, il peut afficher plus de 50 vues de donn\u00e9es diff\u00e9rentes. Compatible NMEA2000, il s&#8217;int\u00e8gre \u00e0 tous les syst\u00e8mes \u00e0 bord. Montage affleurant ou en surface gr\u00e2ce aux supports optionnels. Complet avec c\u00e2ble NMEA2000, kit de connecteurs et housse d&#8217;\u00e9cran. Le clavier GNX optionnel permet de contr\u00f4ler l&#8217;affichage \u00e0 distance.<\/p>\n","protected":false},"excerpt":{"rendered":"<p>Garmin GNX Keyboard &#8211; \u00c9cran LCD r\u00e9tro\u00e9clair\u00e9 avec technologie anti-\u00e9blouissement \u00e0 verre coll\u00e9. Excellente luminosit\u00e9 et faible consommation d&#8217;\u00e9nergie. Boutons<\/p>\n","protected":false},"featured_media":5948860,"comment_status":"open","ping_status":"closed","template":"","meta":[],"product_brand":[2969],"product_cat":[1170],"product_tag":[],"class_list":{"0":"post-732153","1":"product","2":"type-product","3":"status-publish","4":"has-post-thumbnail","6":"product_brand-garmin-fr","7":"product_cat-electronique","9":"first","10":"instock","11":"shipping-taxable","12":"purchasable","13":"product-type-simple"},"_links":{"self":[{"href":"https:\/\/stoic-curie.212-227-153-4.plesk.page\/fr\/wp-json\/wp\/v2\/product\/732153","targetHints":{"allow":["GET"]}}],"collection":[{"href":"https:\/\/stoic-curie.212-227-153-4.plesk.page\/fr\/wp-json\/wp\/v2\/product"}],"about":[{"href":"https:\/\/stoic-curie.212-227-153-4.plesk.page\/fr\/wp-json\/wp\/v2\/types\/product"}],"replies":[{"embeddable":true,"href":"https:\/\/stoic-curie.212-227-153-4.plesk.page\/fr\/wp-json\/wp\/v2\/comments?post=732153"}],"version-history":[{"count":0,"href":"https:\/\/stoic-curie.212-227-153-4.plesk.page\/fr\/wp-json\/wp\/v2\/product\/732153\/revisions"}],"wp:featuredmedia":[{"embeddable":true,"href":"https:\/\/stoic-curie.212-227-153-4.plesk.page\/fr\/wp-json\/wp\/v2\/media\/5948860"}],"wp:attachment":[{"href":"https:\/\/stoic-curie.212-227-153-4.plesk.page\/fr\/wp-json\/wp\/v2\/media?parent=732153"}],"wp:term":[{"taxonomy":"product_brand","embeddable":true,"href":"https:\/\/stoic-curie.212-227-153-4.plesk.page\/fr\/wp-json\/wp\/v2\/product_brand?post=732153"},{"taxonomy":"product_cat","embeddable":true,"href":"https:\/\/stoic-curie.212-227-153-4.plesk.page\/fr\/wp-json\/wp\/v2\/product_cat?post=732153"},{"taxonomy":"product_tag","embeddable":true,"href":"https:\/\/stoic-curie.212-227-153-4.plesk.page\/fr\/wp-json\/wp\/v2\/product_tag?post=732153"}],"curies":[{"name":"wp","href":"https:\/\/api.w.org\/{rel}","templated":true}]}}