{"id":732155,"date":"2025-03-03T16:14:20","date_gmt":"2025-03-03T15:14:20","guid":{"rendered":"https:\/\/stoic-curie.212-227-153-4.plesk.page\/producto\/garmin-striker-plus-4\/"},"modified":"2026-02-24T23:08:54","modified_gmt":"2026-02-24T23:08:54","slug":"garmin-striker-plus-4","status":"publish","type":"product","link":"https:\/\/stoic-curie.212-227-153-4.plesk.page\/fr\/product\/garmin-striker-plus-4\/","title":{"rendered":"Garmin striker plus 4"},"content":{"rendered":"<p>Garmin striker plus 4 &#8211; <\/p>\n<p>Le fishfinder Garmin Striker Plus 4 avec syst\u00e8me GPS int\u00e9gr\u00e9. \u00c9quip\u00e9 de la technologie standard et CHIRP. Puissance de 200W. \u00c9cran de 3,5&#8243;\/480&#215;320 pixels. Avec Quickdraw Contours, qui permet de tracer des bathym\u00e9tries en temps r\u00e9el et de les partager en ligne. Comprend un transducteur, un support inclinable rotatif, un kit de montage arri\u00e8re et un c\u00e2ble d&#8217;alimentation\/donn\u00e9es. TD = Transducteur<\/p>\n","protected":false},"excerpt":{"rendered":"<p>Garmin striker plus 4 &#8211; Le fishfinder Garmin Striker Plus 4 avec syst\u00e8me GPS int\u00e9gr\u00e9. \u00c9quip\u00e9 de la technologie standard<\/p>\n","protected":false},"featured_media":5948865,"comment_status":"open","ping_status":"closed","template":"","meta":[],"product_brand":[2969],"product_cat":[1170],"product_tag":[],"class_list":{"0":"post-732155","1":"product","2":"type-product","3":"status-publish","4":"has-post-thumbnail","6":"product_brand-garmin-fr","7":"product_cat-electronique","9":"first","10":"instock","11":"shipping-taxable","12":"purchasable","13":"product-type-simple"},"_links":{"self":[{"href":"https:\/\/stoic-curie.212-227-153-4.plesk.page\/fr\/wp-json\/wp\/v2\/product\/732155","targetHints":{"allow":["GET"]}}],"collection":[{"href":"https:\/\/stoic-curie.212-227-153-4.plesk.page\/fr\/wp-json\/wp\/v2\/product"}],"about":[{"href":"https:\/\/stoic-curie.212-227-153-4.plesk.page\/fr\/wp-json\/wp\/v2\/types\/product"}],"replies":[{"embeddable":true,"href":"https:\/\/stoic-curie.212-227-153-4.plesk.page\/fr\/wp-json\/wp\/v2\/comments?post=732155"}],"version-history":[{"count":0,"href":"https:\/\/stoic-curie.212-227-153-4.plesk.page\/fr\/wp-json\/wp\/v2\/product\/732155\/revisions"}],"wp:featuredmedia":[{"embeddable":true,"href":"https:\/\/stoic-curie.212-227-153-4.plesk.page\/fr\/wp-json\/wp\/v2\/media\/5948865"}],"wp:attachment":[{"href":"https:\/\/stoic-curie.212-227-153-4.plesk.page\/fr\/wp-json\/wp\/v2\/media?parent=732155"}],"wp:term":[{"taxonomy":"product_brand","embeddable":true,"href":"https:\/\/stoic-curie.212-227-153-4.plesk.page\/fr\/wp-json\/wp\/v2\/product_brand?post=732155"},{"taxonomy":"product_cat","embeddable":true,"href":"https:\/\/stoic-curie.212-227-153-4.plesk.page\/fr\/wp-json\/wp\/v2\/product_cat?post=732155"},{"taxonomy":"product_tag","embeddable":true,"href":"https:\/\/stoic-curie.212-227-153-4.plesk.page\/fr\/wp-json\/wp\/v2\/product_tag?post=732155"}],"curies":[{"name":"wp","href":"https:\/\/api.w.org\/{rel}","templated":true}]}}