{"id":732156,"date":"2025-03-03T16:14:20","date_gmt":"2025-03-03T15:14:20","guid":{"rendered":"https:\/\/stoic-curie.212-227-153-4.plesk.page\/producto\/garmin-striker-vivid-4cv\/"},"modified":"2026-02-24T23:08:54","modified_gmt":"2026-02-24T23:08:54","slug":"garmin-striker-vivid-4cv","status":"publish","type":"product","link":"https:\/\/stoic-curie.212-227-153-4.plesk.page\/fr\/product\/garmin-striker-vivid-4cv\/","title":{"rendered":"Garmin striker vivid 4cv"},"content":{"rendered":"<p>Garmin striker vivid 4cv &#8211; <\/p>\n<p>Sondeur Garmin Striker Vivid 4CV avec r\u00e9cepteur GPS int\u00e9gr\u00e9. \u00c9quip\u00e9 des technologies standard, CHIRP et ClearVu. Puissance 300W. Nouvel \u00e9cran lumineux de 4,3&#8243;\/480&#215;272 pixels avec une large gamme de couleurs pour identifier m\u00eame les plus petites cibles. Avec Quickdraw Contours, qui permet de tracer des bathym\u00e9tries en temps r\u00e9el et de les partager en ligne. Complet avec transducteur, support inclinable rotatif, kit de montage arri\u00e8re et c\u00e2ble d&#8217;alimentation\/donn\u00e9es.<\/p>\n","protected":false},"excerpt":{"rendered":"<p>Garmin striker vivid 4cv &#8211; Sondeur Garmin Striker Vivid 4CV avec r\u00e9cepteur GPS int\u00e9gr\u00e9. \u00c9quip\u00e9 des technologies standard, CHIRP et<\/p>\n","protected":false},"featured_media":5948867,"comment_status":"open","ping_status":"closed","template":"","meta":[],"product_brand":[2969],"product_cat":[1170],"product_tag":[],"class_list":{"0":"post-732156","1":"product","2":"type-product","3":"status-publish","4":"has-post-thumbnail","6":"product_brand-garmin-fr","7":"product_cat-electronique","9":"first","10":"instock","11":"shipping-taxable","12":"purchasable","13":"product-type-simple"},"_links":{"self":[{"href":"https:\/\/stoic-curie.212-227-153-4.plesk.page\/fr\/wp-json\/wp\/v2\/product\/732156","targetHints":{"allow":["GET"]}}],"collection":[{"href":"https:\/\/stoic-curie.212-227-153-4.plesk.page\/fr\/wp-json\/wp\/v2\/product"}],"about":[{"href":"https:\/\/stoic-curie.212-227-153-4.plesk.page\/fr\/wp-json\/wp\/v2\/types\/product"}],"replies":[{"embeddable":true,"href":"https:\/\/stoic-curie.212-227-153-4.plesk.page\/fr\/wp-json\/wp\/v2\/comments?post=732156"}],"version-history":[{"count":0,"href":"https:\/\/stoic-curie.212-227-153-4.plesk.page\/fr\/wp-json\/wp\/v2\/product\/732156\/revisions"}],"wp:featuredmedia":[{"embeddable":true,"href":"https:\/\/stoic-curie.212-227-153-4.plesk.page\/fr\/wp-json\/wp\/v2\/media\/5948867"}],"wp:attachment":[{"href":"https:\/\/stoic-curie.212-227-153-4.plesk.page\/fr\/wp-json\/wp\/v2\/media?parent=732156"}],"wp:term":[{"taxonomy":"product_brand","embeddable":true,"href":"https:\/\/stoic-curie.212-227-153-4.plesk.page\/fr\/wp-json\/wp\/v2\/product_brand?post=732156"},{"taxonomy":"product_cat","embeddable":true,"href":"https:\/\/stoic-curie.212-227-153-4.plesk.page\/fr\/wp-json\/wp\/v2\/product_cat?post=732156"},{"taxonomy":"product_tag","embeddable":true,"href":"https:\/\/stoic-curie.212-227-153-4.plesk.page\/fr\/wp-json\/wp\/v2\/product_tag?post=732156"}],"curies":[{"name":"wp","href":"https:\/\/api.w.org\/{rel}","templated":true}]}}