{"id":732158,"date":"2025-03-03T16:14:21","date_gmt":"2025-03-03T15:14:21","guid":{"rendered":"https:\/\/stoic-curie.212-227-153-4.plesk.page\/producto\/garmin-echomap-uhd2-72cv-avec-sonde\/"},"modified":"2026-02-24T23:08:54","modified_gmt":"2026-02-24T23:08:54","slug":"garmin-echomap-uhd2-72cv-avec-sonde","status":"publish","type":"product","link":"https:\/\/stoic-curie.212-227-153-4.plesk.page\/fr\/product\/garmin-echomap-uhd2-72cv-avec-sonde\/","title":{"rendered":"Garmin echomap uhd2 72cv avec Transducteur GT20-TM"},"content":{"rendered":"<p>Garmin echomap uhd2 72cv avec Transducteur GT20-TM &#8211; <\/p>\n<p>D\u00e9couvrez le Garmin echoMAP UHD2 72CV, un chartplotter et sondeur sophistiqu\u00e9 dot\u00e9 d&#8217;un \u00e9cran tactile de 7 pouces avec une r\u00e9solution de 800&#215;480 pixels. Cet appareil comprend un clavier int\u00e9gr\u00e9 et un r\u00e9cepteur GPS, ainsi qu&#8217;un puissant sonar CHIRP de 500W, ClearV\u00fc et un module UHD. Il est compatible avec toute la cartographie Garmin BlueChart et Garmin Navionics+, et offre une connectivit\u00e9 sans fil int\u00e9gr\u00e9e, ainsi qu&#8217;une compatibilit\u00e9 NMEA0183\/2000 et Fusion-Link. L&#8217;echoMAP UHD2 s&#8217;int\u00e8gre parfaitement \u00e0 tous les syst\u00e8mes \u00e0 bord.<\/p>\n<p>Ce dernier mod\u00e8le de Garmin est compact mais puissant, disponible avec un \u00e9cran de 5 ou 7 pouces. Avec 500 watts de puissance de balayage, il est id\u00e9al pour les p\u00eacheurs qui souhaitent explorer les eaux \u00e0 la surface et sous l&#8217;eau. La s\u00e9rie echoMAP UHD2 conserve le design \u00e9l\u00e9gant des mod\u00e8les pr\u00e9c\u00e9dents tout en offrant une interface utilisateur moderne, une op\u00e9ration intuitive par boutons et des graphismes am\u00e9lior\u00e9s. L&#8217;\u00e9cran lumineux reste facile \u00e0 lire, m\u00eame en plein soleil.<\/p>\n<p>L&#8217;echoMAP UHD2 fournit aux p\u00eacheurs tout ce dont ils ont besoin pour r\u00e9ussir leur sortie de p\u00eache, y compris des vues sonar en temps r\u00e9el nettes, des redessins de cartes rapides et un support pour la cartographie Garmin Navionics+. Il est adapt\u00e9 \u00e0 toutes les eaux int\u00e9rieures et c\u00f4ti\u00e8res.<\/p>\n<p><strong>Op\u00e9ration Simple :<\/strong> L&#8217;appareil dispose d&#8217;un \u00e9cran lumineux de 7 pouces avec des boutons pour un contr\u00f4le facile. Marquer des points de passage importants et passer d&#8217;une vue de carte \u00e0 l&#8217;autre tout en p\u00eachant n&#8217;a jamais \u00e9t\u00e9 aussi simple.<\/p>\n<p><strong>Imagerie Claire :<\/strong> Les images sonar CHIRP et ClearV\u00fc traditionnelles sont exceptionnellement claires, garantissant qu&#8217;aucun poisson ne peut se cacher. Des signaux sonar \u00e0 contraste \u00e9lev\u00e9 en couleurs vives facilitent la distinction entre les poissons et les structures sous-marines.<\/p>\n<p><strong>Exp\u00e9rience Connect\u00e9e :<\/strong> L&#8217;echoMAP UHD2 est compatible r\u00e9seau avec Wi-Fi int\u00e9gr\u00e9, permettant de partager des donn\u00e9es sonar, des points de passage ou des itin\u00e9raires entre deux appareils echoMAP. Les utilisateurs peuvent \u00e9galement se connecter \u00e0 l&#8217;application ActiveCaptain gratuite, offrant un acc\u00e8s \u00e0 des fonctionnalit\u00e9s suppl\u00e9mentaires telles que OneChart\u2122, des notifications intelligentes, des mises \u00e0 jour logicielles et la communaut\u00e9 Garmin Quickdraw.<\/p>\n<p><strong>Restez sur la Bonne Voie :<\/strong> Avec les cartes marines Garmin Navionics+ et Garmin Navionics Vision+, vous resterez toujours sur la bonne voie tout en obtenant des informations pr\u00e9cieuses sur les eaux que vous naviguez. L&#8217;appareil inclut la technologie Auto Guidance+ et peut suivre jusqu&#8217;\u00e0 5 000 points de passage. Le logiciel de cartes Quickdraw Contours pr\u00e9install\u00e9 est une caract\u00e9ristique remarquable, cr\u00e9ant des cartes de p\u00eache en temps r\u00e9el pendant que le bateau est en mouvement et affichant les zones d\u00e9j\u00e0 sond\u00e9es directement sur le chartplotter. Vous pouvez partager vos propres cartes avec la communaut\u00e9 ActiveCaptain et \u00e9changer des points d&#8217;int\u00e9r\u00eat, si vous le souhaitez.<\/p>\n<p><strong>Donn\u00e9es Techniques :<\/strong><\/p>\n<ul>\n<li><strong>Taille de l&#8217;\u00c9cran :<\/strong> 7&#8243; (155 x 87 mm)<\/li>\n<li><strong>Type d&#8217;\u00c9cran :<\/strong> WVGA, TN<\/li>\n<li><strong>R\u00e9solution :<\/strong> 800 x 480 px<\/li>\n<li><strong>Alimentation :<\/strong> 9-18 V DC<\/li>\n<li><strong>Consommation \u00c9lectrique :<\/strong> 1 A (typique), 1.5 A (max)<\/li>\n<li><strong>Consommation \u00c9lectrique :<\/strong> 18 W<\/li>\n<li><strong>Sortie de Puissance du Sonar :<\/strong> 500 W<\/li>\n<li><strong>Fr\u00e9quences du Sonar :<\/strong> CHIRP : 70\/83\/200 kHz ; ClearV\u00fc : 260\/455\/800 kHz<\/li>\n<li><strong>Port du Transducteur :<\/strong> 4 broches<\/li>\n<li><strong>GPS :<\/strong> Oui, int\u00e9gr\u00e9<\/li>\n<li><strong>Support de Carte Marine :<\/strong> Oui<\/li>\n<li><strong>Cartes :<\/strong> BlueChart g3, BlueChart g3 Vision, Garmin Navionics+, Garmin Navionics Vision+<\/li>\n<li><strong>Slot pour Carte :<\/strong> 1x microSD<\/li>\n<li><strong>Indice d&#8217;\u00c9tanch\u00e9it\u00e9 :<\/strong> IPX7<\/li>\n<li><strong>Dimensions :<\/strong> 232 x 143 x 67 mm<\/li>\n<li><strong>Poids :<\/strong> 0.7 kg<\/li>\n<\/ul>\n<p><strong>Contenu de la Livraison :<\/strong><\/p>\n<ul>\n<li>ECHOMAP UHD2 72cv<\/li>\n<li>Transducteur GT20-TM<\/li>\n<li>C\u00e2ble d&#8217;alimentation\/donn\u00e9es<\/li>\n<li>Support inclinable\/rotatif<\/li>\n<li>Joints et mat\u00e9riel de montage encastr\u00e9<\/li>\n<li>Documentation<\/li>\n<\/ul>\n<p>L&#8217;echoMAP UHD2 est con\u00e7u pour am\u00e9liorer votre exp\u00e9rience de p\u00eache, en vous fournissant les outils essentiels pour r\u00e9ussir sur l&#8217;eau.<\/p>\n","protected":false},"excerpt":{"rendered":"<p>Garmin echomap uhd2 72cv avec Transducteur GT20-TM &#8211; D\u00e9couvrez le Garmin echoMAP UHD2 72CV, un chartplotter et sondeur sophistiqu\u00e9 dot\u00e9<\/p>\n","protected":false},"featured_media":5948869,"comment_status":"open","ping_status":"closed","template":"","meta":[],"product_brand":[2969],"product_cat":[1170],"product_tag":[],"class_list":{"0":"post-732158","1":"product","2":"type-product","3":"status-publish","4":"has-post-thumbnail","6":"product_brand-garmin-fr","7":"product_cat-electronique","9":"first","10":"instock","11":"shipping-taxable","12":"purchasable","13":"product-type-simple"},"_links":{"self":[{"href":"https:\/\/stoic-curie.212-227-153-4.plesk.page\/fr\/wp-json\/wp\/v2\/product\/732158","targetHints":{"allow":["GET"]}}],"collection":[{"href":"https:\/\/stoic-curie.212-227-153-4.plesk.page\/fr\/wp-json\/wp\/v2\/product"}],"about":[{"href":"https:\/\/stoic-curie.212-227-153-4.plesk.page\/fr\/wp-json\/wp\/v2\/types\/product"}],"replies":[{"embeddable":true,"href":"https:\/\/stoic-curie.212-227-153-4.plesk.page\/fr\/wp-json\/wp\/v2\/comments?post=732158"}],"version-history":[{"count":0,"href":"https:\/\/stoic-curie.212-227-153-4.plesk.page\/fr\/wp-json\/wp\/v2\/product\/732158\/revisions"}],"wp:featuredmedia":[{"embeddable":true,"href":"https:\/\/stoic-curie.212-227-153-4.plesk.page\/fr\/wp-json\/wp\/v2\/media\/5948869"}],"wp:attachment":[{"href":"https:\/\/stoic-curie.212-227-153-4.plesk.page\/fr\/wp-json\/wp\/v2\/media?parent=732158"}],"wp:term":[{"taxonomy":"product_brand","embeddable":true,"href":"https:\/\/stoic-curie.212-227-153-4.plesk.page\/fr\/wp-json\/wp\/v2\/product_brand?post=732158"},{"taxonomy":"product_cat","embeddable":true,"href":"https:\/\/stoic-curie.212-227-153-4.plesk.page\/fr\/wp-json\/wp\/v2\/product_cat?post=732158"},{"taxonomy":"product_tag","embeddable":true,"href":"https:\/\/stoic-curie.212-227-153-4.plesk.page\/fr\/wp-json\/wp\/v2\/product_tag?post=732158"}],"curies":[{"name":"wp","href":"https:\/\/api.w.org\/{rel}","templated":true}]}}