{"id":732162,"date":"2025-03-03T16:14:22","date_gmt":"2025-03-03T15:14:22","guid":{"rendered":"https:\/\/stoic-curie.212-227-153-4.plesk.page\/producto\/skis-nautiques-jobe-allegre-blue-170\/"},"modified":"2026-02-24T23:08:54","modified_gmt":"2026-02-24T23:08:54","slug":"skis-nautiques-jobe-allegre-blue-170","status":"publish","type":"product","link":"https:\/\/stoic-curie.212-227-153-4.plesk.page\/fr\/product\/skis-nautiques-jobe-allegre-blue-170\/","title":{"rendered":"Skis Nautiques Jobe Allegre Blue 170"},"content":{"rendered":"<p>Skis Nautiques Jobe Allegre Blue 170 &#8211; <\/p>\n<p>Les skis nautiques Jobe sont con\u00e7us avec la meilleure combinaison de performance et de maniabilit\u00e9. Construction par injection avec des bords en fibre de verre et des tiges m\u00e9talliques suppl\u00e9mentaires pour plus de rigidit\u00e9 et une finition brillante et protectrice en surface. Comprend des fixations renforc\u00e9es r\u00e9glables de la taille 36 \u00e0 47 et une aileron de haute visibilit\u00e9. Le paquet de skis contient \u00e9galement un sac pour ranger les skis, une corde de traction de 18 m, un gilet de sauvetage universel et un drapeau de signalisation pour les sports nautiques.<\/p>\n","protected":false},"excerpt":{"rendered":"<p>Skis Nautiques Jobe Allegre Blue 170 &#8211; Les skis nautiques Jobe sont con\u00e7us avec la meilleure combinaison de performance et<\/p>\n","protected":false},"featured_media":5948877,"comment_status":"open","ping_status":"closed","template":"","meta":[],"product_brand":[3039],"product_cat":[1272],"product_tag":[],"class_list":{"0":"post-732162","1":"product","2":"type-product","3":"status-publish","4":"has-post-thumbnail","6":"product_brand-jobe-sports-fr","7":"product_cat-accessoires-de-ski-nautique","9":"first","10":"instock","11":"shipping-taxable","12":"purchasable","13":"product-type-simple"},"_links":{"self":[{"href":"https:\/\/stoic-curie.212-227-153-4.plesk.page\/fr\/wp-json\/wp\/v2\/product\/732162","targetHints":{"allow":["GET"]}}],"collection":[{"href":"https:\/\/stoic-curie.212-227-153-4.plesk.page\/fr\/wp-json\/wp\/v2\/product"}],"about":[{"href":"https:\/\/stoic-curie.212-227-153-4.plesk.page\/fr\/wp-json\/wp\/v2\/types\/product"}],"replies":[{"embeddable":true,"href":"https:\/\/stoic-curie.212-227-153-4.plesk.page\/fr\/wp-json\/wp\/v2\/comments?post=732162"}],"version-history":[{"count":0,"href":"https:\/\/stoic-curie.212-227-153-4.plesk.page\/fr\/wp-json\/wp\/v2\/product\/732162\/revisions"}],"wp:featuredmedia":[{"embeddable":true,"href":"https:\/\/stoic-curie.212-227-153-4.plesk.page\/fr\/wp-json\/wp\/v2\/media\/5948877"}],"wp:attachment":[{"href":"https:\/\/stoic-curie.212-227-153-4.plesk.page\/fr\/wp-json\/wp\/v2\/media?parent=732162"}],"wp:term":[{"taxonomy":"product_brand","embeddable":true,"href":"https:\/\/stoic-curie.212-227-153-4.plesk.page\/fr\/wp-json\/wp\/v2\/product_brand?post=732162"},{"taxonomy":"product_cat","embeddable":true,"href":"https:\/\/stoic-curie.212-227-153-4.plesk.page\/fr\/wp-json\/wp\/v2\/product_cat?post=732162"},{"taxonomy":"product_tag","embeddable":true,"href":"https:\/\/stoic-curie.212-227-153-4.plesk.page\/fr\/wp-json\/wp\/v2\/product_tag?post=732162"}],"curies":[{"name":"wp","href":"https:\/\/api.w.org\/{rel}","templated":true}]}}