{"id":732163,"date":"2025-03-03T16:14:22","date_gmt":"2025-03-03T15:14:22","guid":{"rendered":"https:\/\/stoic-curie.212-227-153-4.plesk.page\/producto\/skis-nautiques-jobe-allegre-rouge-170\/"},"modified":"2026-02-24T23:08:54","modified_gmt":"2026-02-24T23:08:54","slug":"skis-nautiques-jobe-allegre-rouge-170","status":"publish","type":"product","link":"https:\/\/stoic-curie.212-227-153-4.plesk.page\/fr\/product\/skis-nautiques-jobe-allegre-rouge-170\/","title":{"rendered":"Skis Nautiques Jobe Allegre Rouge 170"},"content":{"rendered":"<p>Skis Nautiques Jobe Allegre Rouge 170 &#8211; <\/p>\n<p>Skis nautiques Jobe con\u00e7us avec la meilleure combinaison de performances et de maniabilit\u00e9. Construction \u00e0 cadre en fibre de verre inject\u00e9e avec des barres m\u00e9talliques suppl\u00e9mentaires pour plus de rigidit\u00e9 et une finition brillante et protectrice. Livr\u00e9 avec des fixations renforc\u00e9es r\u00e9glables de la taille 36 \u00e0 47 et une ailette haute visibilit\u00e9. Le paquet de ski comprend \u00e9galement un sac pour ranger les skis, une corde de remorquage de 18 m, un gilet de flottaison universel et un drapeau de signalisation pour les sports nautiques.<\/p>\n","protected":false},"excerpt":{"rendered":"<p>Skis Nautiques Jobe Allegre Rouge 170 &#8211; Skis nautiques Jobe con\u00e7us avec la meilleure combinaison de performances et de maniabilit\u00e9.<\/p>\n","protected":false},"featured_media":5948879,"comment_status":"open","ping_status":"closed","template":"","meta":[],"product_brand":[3039],"product_cat":[1272],"product_tag":[],"class_list":{"0":"post-732163","1":"product","2":"type-product","3":"status-publish","4":"has-post-thumbnail","6":"product_brand-jobe-sports-fr","7":"product_cat-accessoires-de-ski-nautique","9":"first","10":"instock","11":"shipping-taxable","12":"purchasable","13":"product-type-simple"},"_links":{"self":[{"href":"https:\/\/stoic-curie.212-227-153-4.plesk.page\/fr\/wp-json\/wp\/v2\/product\/732163","targetHints":{"allow":["GET"]}}],"collection":[{"href":"https:\/\/stoic-curie.212-227-153-4.plesk.page\/fr\/wp-json\/wp\/v2\/product"}],"about":[{"href":"https:\/\/stoic-curie.212-227-153-4.plesk.page\/fr\/wp-json\/wp\/v2\/types\/product"}],"replies":[{"embeddable":true,"href":"https:\/\/stoic-curie.212-227-153-4.plesk.page\/fr\/wp-json\/wp\/v2\/comments?post=732163"}],"version-history":[{"count":0,"href":"https:\/\/stoic-curie.212-227-153-4.plesk.page\/fr\/wp-json\/wp\/v2\/product\/732163\/revisions"}],"wp:featuredmedia":[{"embeddable":true,"href":"https:\/\/stoic-curie.212-227-153-4.plesk.page\/fr\/wp-json\/wp\/v2\/media\/5948879"}],"wp:attachment":[{"href":"https:\/\/stoic-curie.212-227-153-4.plesk.page\/fr\/wp-json\/wp\/v2\/media?parent=732163"}],"wp:term":[{"taxonomy":"product_brand","embeddable":true,"href":"https:\/\/stoic-curie.212-227-153-4.plesk.page\/fr\/wp-json\/wp\/v2\/product_brand?post=732163"},{"taxonomy":"product_cat","embeddable":true,"href":"https:\/\/stoic-curie.212-227-153-4.plesk.page\/fr\/wp-json\/wp\/v2\/product_cat?post=732163"},{"taxonomy":"product_tag","embeddable":true,"href":"https:\/\/stoic-curie.212-227-153-4.plesk.page\/fr\/wp-json\/wp\/v2\/product_tag?post=732163"}],"curies":[{"name":"wp","href":"https:\/\/api.w.org\/{rel}","templated":true}]}}