{"id":732165,"date":"2025-03-03T16:14:22","date_gmt":"2025-03-03T15:14:22","guid":{"rendered":"https:\/\/stoic-curie.212-227-153-4.plesk.page\/producto\/jobe-boat-rack\/"},"modified":"2026-02-24T23:08:54","modified_gmt":"2026-02-24T23:08:54","slug":"jobe-boat-rack","status":"publish","type":"product","link":"https:\/\/stoic-curie.212-227-153-4.plesk.page\/fr\/product\/jobe-boat-rack\/","title":{"rendered":"Jobe boat rack"},"content":{"rendered":"<p>Jobe boat rack &#8211; <\/p>\n<p>Support de SUP en alliage d&#8217;aluminium Jobe, avec des cordes \u00e9lastiques solides pour maintenir la planche en place, des inserts en mousse EVA douce pour prot\u00e9ger les c\u00f4t\u00e9s et des pinces ajustables pour s&#8217;adapter \u00e0 toute hauteur et \u00e9paisseur de rambarde. Convient \u00e0 tout bateau avec des rambardes droites sur les c\u00f4t\u00e9s du pont avec des rails de \u00d8 7\/8&#8243;, 1&#8243; et 1-1\/4&#8243;.<\/p>\n","protected":false},"excerpt":{"rendered":"<p>Jobe boat rack &#8211; Support de SUP en alliage d&#8217;aluminium Jobe, avec des cordes \u00e9lastiques solides pour maintenir la planche<\/p>\n","protected":false},"featured_media":5948882,"comment_status":"open","ping_status":"closed","template":"","meta":[],"product_brand":[3039],"product_cat":[1271],"product_tag":[],"class_list":{"0":"post-732165","1":"product","2":"type-product","3":"status-publish","4":"has-post-thumbnail","6":"product_brand-jobe-sports-fr","7":"product_cat-paddle-boards-sports-nautiques","9":"first","10":"instock","11":"shipping-taxable","12":"purchasable","13":"product-type-simple"},"_links":{"self":[{"href":"https:\/\/stoic-curie.212-227-153-4.plesk.page\/fr\/wp-json\/wp\/v2\/product\/732165","targetHints":{"allow":["GET"]}}],"collection":[{"href":"https:\/\/stoic-curie.212-227-153-4.plesk.page\/fr\/wp-json\/wp\/v2\/product"}],"about":[{"href":"https:\/\/stoic-curie.212-227-153-4.plesk.page\/fr\/wp-json\/wp\/v2\/types\/product"}],"replies":[{"embeddable":true,"href":"https:\/\/stoic-curie.212-227-153-4.plesk.page\/fr\/wp-json\/wp\/v2\/comments?post=732165"}],"version-history":[{"count":0,"href":"https:\/\/stoic-curie.212-227-153-4.plesk.page\/fr\/wp-json\/wp\/v2\/product\/732165\/revisions"}],"wp:featuredmedia":[{"embeddable":true,"href":"https:\/\/stoic-curie.212-227-153-4.plesk.page\/fr\/wp-json\/wp\/v2\/media\/5948882"}],"wp:attachment":[{"href":"https:\/\/stoic-curie.212-227-153-4.plesk.page\/fr\/wp-json\/wp\/v2\/media?parent=732165"}],"wp:term":[{"taxonomy":"product_brand","embeddable":true,"href":"https:\/\/stoic-curie.212-227-153-4.plesk.page\/fr\/wp-json\/wp\/v2\/product_brand?post=732165"},{"taxonomy":"product_cat","embeddable":true,"href":"https:\/\/stoic-curie.212-227-153-4.plesk.page\/fr\/wp-json\/wp\/v2\/product_cat?post=732165"},{"taxonomy":"product_tag","embeddable":true,"href":"https:\/\/stoic-curie.212-227-153-4.plesk.page\/fr\/wp-json\/wp\/v2\/product_tag?post=732165"}],"curies":[{"name":"wp","href":"https:\/\/api.w.org\/{rel}","templated":true}]}}