{"id":732166,"date":"2025-03-03T16:14:22","date_gmt":"2025-03-03T15:14:22","guid":{"rendered":"https:\/\/stoic-curie.212-227-153-4.plesk.page\/producto\/siege-de-sup-gonflable-jobe\/"},"modified":"2026-02-24T23:08:54","modified_gmt":"2026-02-24T23:08:54","slug":"siege-de-sup-gonflable-jobe","status":"publish","type":"product","link":"https:\/\/stoic-curie.212-227-153-4.plesk.page\/fr\/product\/siege-de-sup-gonflable-jobe\/","title":{"rendered":"Si\u00e8ge de sup gonflable Jobe"},"content":{"rendered":"<p>Si\u00e8ge de sup gonflable Jobe &#8211; <\/p>\n<p>Selle inflable Jobe pour SUP avec sangles r\u00e9glables et si\u00e8ge antid\u00e9rapant. Utile pour rester \u00e0 l&#8217;aise et maintenir une posture correcte lors du pagayage assis ou \u00e0 genoux.<\/p>\n","protected":false},"excerpt":{"rendered":"<p>Si\u00e8ge de sup gonflable Jobe &#8211; Selle inflable Jobe pour SUP avec sangles r\u00e9glables et si\u00e8ge antid\u00e9rapant. Utile pour rester<\/p>\n","protected":false},"featured_media":5948884,"comment_status":"open","ping_status":"closed","template":"","meta":[],"product_brand":[3039],"product_cat":[1271],"product_tag":[],"class_list":{"0":"post-732166","1":"product","2":"type-product","3":"status-publish","4":"has-post-thumbnail","6":"product_brand-jobe-sports-fr","7":"product_cat-paddle-boards-sports-nautiques","9":"first","10":"instock","11":"shipping-taxable","12":"purchasable","13":"product-type-simple"},"_links":{"self":[{"href":"https:\/\/stoic-curie.212-227-153-4.plesk.page\/fr\/wp-json\/wp\/v2\/product\/732166","targetHints":{"allow":["GET"]}}],"collection":[{"href":"https:\/\/stoic-curie.212-227-153-4.plesk.page\/fr\/wp-json\/wp\/v2\/product"}],"about":[{"href":"https:\/\/stoic-curie.212-227-153-4.plesk.page\/fr\/wp-json\/wp\/v2\/types\/product"}],"replies":[{"embeddable":true,"href":"https:\/\/stoic-curie.212-227-153-4.plesk.page\/fr\/wp-json\/wp\/v2\/comments?post=732166"}],"version-history":[{"count":0,"href":"https:\/\/stoic-curie.212-227-153-4.plesk.page\/fr\/wp-json\/wp\/v2\/product\/732166\/revisions"}],"wp:featuredmedia":[{"embeddable":true,"href":"https:\/\/stoic-curie.212-227-153-4.plesk.page\/fr\/wp-json\/wp\/v2\/media\/5948884"}],"wp:attachment":[{"href":"https:\/\/stoic-curie.212-227-153-4.plesk.page\/fr\/wp-json\/wp\/v2\/media?parent=732166"}],"wp:term":[{"taxonomy":"product_brand","embeddable":true,"href":"https:\/\/stoic-curie.212-227-153-4.plesk.page\/fr\/wp-json\/wp\/v2\/product_brand?post=732166"},{"taxonomy":"product_cat","embeddable":true,"href":"https:\/\/stoic-curie.212-227-153-4.plesk.page\/fr\/wp-json\/wp\/v2\/product_cat?post=732166"},{"taxonomy":"product_tag","embeddable":true,"href":"https:\/\/stoic-curie.212-227-153-4.plesk.page\/fr\/wp-json\/wp\/v2\/product_tag?post=732166"}],"curies":[{"name":"wp","href":"https:\/\/api.w.org\/{rel}","templated":true}]}}