{"id":732167,"date":"2025-03-03T16:14:22","date_gmt":"2025-03-03T15:14:22","guid":{"rendered":"https:\/\/stoic-curie.212-227-153-4.plesk.page\/producto\/bottes-de-voile-helly-hansen-nordvik-blue-42\/"},"modified":"2026-02-24T23:08:54","modified_gmt":"2026-02-24T23:08:54","slug":"bottes-de-voile-helly-hansen-nordvik-blue-42","status":"publish","type":"product","link":"https:\/\/stoic-curie.212-227-153-4.plesk.page\/fr\/product\/bottes-de-voile-helly-hansen-nordvik-blue-42\/","title":{"rendered":"Bottes de voile Helly Hansen Nordvik Blue 42"},"content":{"rendered":"<p>Bottes de voile Helly Hansen Nordvik Blue 42 &#8211; <\/p>\n<p>Botte HH Nordvik l\u00e9g\u00e8re et \u00e0 tige basse, id\u00e9ale pour les activit\u00e9s nautiques. Elle allie style et confort de mani\u00e8re simple. Semelle plate avec des rainures garantissant une adh\u00e9rence exceptionnelle.<\/p>\n","protected":false},"excerpt":{"rendered":"<p>Bottes de voile Helly Hansen Nordvik Blue 42 &#8211; Botte HH Nordvik l\u00e9g\u00e8re et \u00e0 tige basse, id\u00e9ale pour les<\/p>\n","protected":false},"featured_media":5945652,"comment_status":"open","ping_status":"closed","template":"","meta":[],"product_brand":[2999],"product_cat":[1285],"product_tag":[],"class_list":{"0":"post-732167","1":"product","2":"type-product","3":"status-publish","4":"has-post-thumbnail","6":"product_brand-helly-hansen-fr","7":"product_cat-bottes-de-voile","9":"first","10":"instock","11":"shipping-taxable","12":"purchasable","13":"product-type-simple"},"_links":{"self":[{"href":"https:\/\/stoic-curie.212-227-153-4.plesk.page\/fr\/wp-json\/wp\/v2\/product\/732167","targetHints":{"allow":["GET"]}}],"collection":[{"href":"https:\/\/stoic-curie.212-227-153-4.plesk.page\/fr\/wp-json\/wp\/v2\/product"}],"about":[{"href":"https:\/\/stoic-curie.212-227-153-4.plesk.page\/fr\/wp-json\/wp\/v2\/types\/product"}],"replies":[{"embeddable":true,"href":"https:\/\/stoic-curie.212-227-153-4.plesk.page\/fr\/wp-json\/wp\/v2\/comments?post=732167"}],"version-history":[{"count":0,"href":"https:\/\/stoic-curie.212-227-153-4.plesk.page\/fr\/wp-json\/wp\/v2\/product\/732167\/revisions"}],"wp:featuredmedia":[{"embeddable":true,"href":"https:\/\/stoic-curie.212-227-153-4.plesk.page\/fr\/wp-json\/wp\/v2\/media\/5945652"}],"wp:attachment":[{"href":"https:\/\/stoic-curie.212-227-153-4.plesk.page\/fr\/wp-json\/wp\/v2\/media?parent=732167"}],"wp:term":[{"taxonomy":"product_brand","embeddable":true,"href":"https:\/\/stoic-curie.212-227-153-4.plesk.page\/fr\/wp-json\/wp\/v2\/product_brand?post=732167"},{"taxonomy":"product_cat","embeddable":true,"href":"https:\/\/stoic-curie.212-227-153-4.plesk.page\/fr\/wp-json\/wp\/v2\/product_cat?post=732167"},{"taxonomy":"product_tag","embeddable":true,"href":"https:\/\/stoic-curie.212-227-153-4.plesk.page\/fr\/wp-json\/wp\/v2\/product_tag?post=732167"}],"curies":[{"name":"wp","href":"https:\/\/api.w.org\/{rel}","templated":true}]}}