{"id":732171,"date":"2025-03-03T16:14:23","date_gmt":"2025-03-03T15:14:23","guid":{"rendered":"https:\/\/stoic-curie.212-227-153-4.plesk.page\/producto\/plaques-en-acier-inoxydable-uflex-304-x-304mm\/"},"modified":"2026-02-24T23:08:54","modified_gmt":"2026-02-24T23:08:54","slug":"plaques-en-acier-inoxydable-uflex-304-x-304mm","status":"publish","type":"product","link":"https:\/\/stoic-curie.212-227-153-4.plesk.page\/fr\/product\/plaques-en-acier-inoxydable-uflex-304-x-304mm\/","title":{"rendered":"Plaques en acier inoxydable Uflex 304 x 304mm"},"content":{"rendered":"<p>Plaques en acier inoxydable Uflex 304 x 304mm &#8211; <\/p>\n<p>Kit de trim \u00e9lectrom\u00e9canique 12V Uflex, sans entretien et facile \u00e0 installer. Ne n\u00e9cessite pas de centrale de contr\u00f4le \u00e9lectrique ou hydraulique ni de tuyaux. Le panneau de contr\u00f4le avec joystick permet d&#8217;aligner les onglets pour ajuster l&#8217;inclinaison et le tangage. La bo\u00eete de contr\u00f4le comprend \u00e9galement la fonction de r\u00e9glage automatique pour un alignement automatique des volets lorsqu&#8217;il est d\u00e9sactiv\u00e9, et peut \u00e9galement fonctionner comme interrupteur pour un joystick de deuxi\u00e8me station. Le kit comprend deux actionneurs AT et la bo\u00eete de contr\u00f4le avec joystick chrom\u00e9. Les surfaces en acier inoxydable doivent \u00eatre achet\u00e9es s\u00e9par\u00e9ment, elles peuvent \u00eatre standard ou avec un profil haute performance poli miroir. <br \/> &#8211; Am\u00e9liore l&#8217;\u00e9conomie de carburant et le confort des passagers <br \/> &#8211; Onglets con\u00e7us pour r\u00e9sister aux conditions maritimes les plus exigeantes <br \/> &#8211; Installation avec un seul petit trou par onglet \u00e0 travers le miroir.<\/p>\n","protected":false},"excerpt":{"rendered":"<p>Plaques en acier inoxydable Uflex 304 x 304mm &#8211; Kit de trim \u00e9lectrom\u00e9canique 12V Uflex, sans entretien et facile \u00e0<\/p>\n","protected":false},"featured_media":5948740,"comment_status":"open","ping_status":"closed","template":"","meta":[],"product_brand":[3499],"product_cat":[1232],"product_tag":[],"class_list":{"0":"post-732171","1":"product","2":"type-product","3":"status-publish","4":"has-post-thumbnail","6":"product_brand-ultraflex-uflex-fr","7":"product_cat-volets-compensateurs","9":"first","10":"instock","11":"shipping-taxable","12":"purchasable","13":"product-type-simple"},"_links":{"self":[{"href":"https:\/\/stoic-curie.212-227-153-4.plesk.page\/fr\/wp-json\/wp\/v2\/product\/732171","targetHints":{"allow":["GET"]}}],"collection":[{"href":"https:\/\/stoic-curie.212-227-153-4.plesk.page\/fr\/wp-json\/wp\/v2\/product"}],"about":[{"href":"https:\/\/stoic-curie.212-227-153-4.plesk.page\/fr\/wp-json\/wp\/v2\/types\/product"}],"replies":[{"embeddable":true,"href":"https:\/\/stoic-curie.212-227-153-4.plesk.page\/fr\/wp-json\/wp\/v2\/comments?post=732171"}],"version-history":[{"count":0,"href":"https:\/\/stoic-curie.212-227-153-4.plesk.page\/fr\/wp-json\/wp\/v2\/product\/732171\/revisions"}],"wp:featuredmedia":[{"embeddable":true,"href":"https:\/\/stoic-curie.212-227-153-4.plesk.page\/fr\/wp-json\/wp\/v2\/media\/5948740"}],"wp:attachment":[{"href":"https:\/\/stoic-curie.212-227-153-4.plesk.page\/fr\/wp-json\/wp\/v2\/media?parent=732171"}],"wp:term":[{"taxonomy":"product_brand","embeddable":true,"href":"https:\/\/stoic-curie.212-227-153-4.plesk.page\/fr\/wp-json\/wp\/v2\/product_brand?post=732171"},{"taxonomy":"product_cat","embeddable":true,"href":"https:\/\/stoic-curie.212-227-153-4.plesk.page\/fr\/wp-json\/wp\/v2\/product_cat?post=732171"},{"taxonomy":"product_tag","embeddable":true,"href":"https:\/\/stoic-curie.212-227-153-4.plesk.page\/fr\/wp-json\/wp\/v2\/product_tag?post=732171"}],"curies":[{"name":"wp","href":"https:\/\/api.w.org\/{rel}","templated":true}]}}