{"id":732175,"date":"2025-03-03T16:14:24","date_gmt":"2025-03-03T15:14:24","guid":{"rendered":"https:\/\/stoic-curie.212-227-153-4.plesk.page\/producto\/ultraflex-x64\/"},"modified":"2026-02-24T23:08:54","modified_gmt":"2026-02-24T23:08:54","slug":"ultraflex-x64","status":"publish","type":"product","link":"https:\/\/stoic-curie.212-227-153-4.plesk.page\/fr\/product\/ultraflex-x64\/","title":{"rendered":"Ultraflex X64"},"content":{"rendered":"<p>Ultraflex X64 &#8211; <\/p>\n<p>Pi\u00e8ces de rechange et accessoires pour les syst\u00e8mes de direction Nautech. Pi\u00e8ces de rechange : cylindres et pompes. Accessoires : bride de pompe \u00e0 barre \u00e0 inclinement X64, syst\u00e8me de r\u00e9glage de l&#8217;angle du volant X72, barre de couplage pour moteurs doubles A94. Le syst\u00e8me de r\u00e9glage de la position du volant X72 (Cod MTM 4655530) pour les pompes de direction Nautech et SilverSteer permet 5 positions de conduite diff\u00e9rentes avec un angle total de 60\u00b0. La barre de couplage pour moteurs doubles A96 est utilis\u00e9e avec un cylindre unique UC128-OBF et 2 moteurs avec un entraxe de 66-73 cm (4655055) ou 73-87 cm (4655057).<\/p>\n","protected":false},"excerpt":{"rendered":"<p>Ultraflex X64 &#8211; Pi\u00e8ces de rechange et accessoires pour les syst\u00e8mes de direction Nautech. Pi\u00e8ces de rechange : cylindres et<\/p>\n","protected":false},"featured_media":5948898,"comment_status":"open","ping_status":"closed","template":"","meta":[],"product_brand":[3499],"product_cat":[1249],"product_tag":[],"class_list":{"0":"post-732175","1":"product","2":"type-product","3":"status-publish","4":"has-post-thumbnail","6":"product_brand-ultraflex-uflex-fr","7":"product_cat-direction-hydraulique","9":"first","10":"instock","11":"shipping-taxable","12":"purchasable","13":"product-type-simple"},"_links":{"self":[{"href":"https:\/\/stoic-curie.212-227-153-4.plesk.page\/fr\/wp-json\/wp\/v2\/product\/732175","targetHints":{"allow":["GET"]}}],"collection":[{"href":"https:\/\/stoic-curie.212-227-153-4.plesk.page\/fr\/wp-json\/wp\/v2\/product"}],"about":[{"href":"https:\/\/stoic-curie.212-227-153-4.plesk.page\/fr\/wp-json\/wp\/v2\/types\/product"}],"replies":[{"embeddable":true,"href":"https:\/\/stoic-curie.212-227-153-4.plesk.page\/fr\/wp-json\/wp\/v2\/comments?post=732175"}],"version-history":[{"count":0,"href":"https:\/\/stoic-curie.212-227-153-4.plesk.page\/fr\/wp-json\/wp\/v2\/product\/732175\/revisions"}],"wp:featuredmedia":[{"embeddable":true,"href":"https:\/\/stoic-curie.212-227-153-4.plesk.page\/fr\/wp-json\/wp\/v2\/media\/5948898"}],"wp:attachment":[{"href":"https:\/\/stoic-curie.212-227-153-4.plesk.page\/fr\/wp-json\/wp\/v2\/media?parent=732175"}],"wp:term":[{"taxonomy":"product_brand","embeddable":true,"href":"https:\/\/stoic-curie.212-227-153-4.plesk.page\/fr\/wp-json\/wp\/v2\/product_brand?post=732175"},{"taxonomy":"product_cat","embeddable":true,"href":"https:\/\/stoic-curie.212-227-153-4.plesk.page\/fr\/wp-json\/wp\/v2\/product_cat?post=732175"},{"taxonomy":"product_tag","embeddable":true,"href":"https:\/\/stoic-curie.212-227-153-4.plesk.page\/fr\/wp-json\/wp\/v2\/product_tag?post=732175"}],"curies":[{"name":"wp","href":"https:\/\/api.w.org\/{rel}","templated":true}]}}