{"id":732177,"date":"2025-03-03T16:14:24","date_gmt":"2025-03-03T15:14:24","guid":{"rendered":"https:\/\/stoic-curie.212-227-153-4.plesk.page\/producto\/telecommande-portative-quick-8-fonctions\/"},"modified":"2026-02-24T23:08:54","modified_gmt":"2026-02-24T23:08:54","slug":"telecommande-portative-quick-8-fonctions","status":"publish","type":"product","link":"https:\/\/stoic-curie.212-227-153-4.plesk.page\/fr\/product\/telecommande-portative-quick-8-fonctions\/","title":{"rendered":"T\u00e9l\u00e9commande portative Quick 8 Fonctions"},"content":{"rendered":"<p>T\u00e9l\u00e9commande portative Quick 8 Fonctions &#8211; <\/p>\n<p>Contr\u00f4les \u00e0 distance radio portables et de poche pour propulseurs d&#8217;\u00e9trave rapides. Flottant, protection IP67 et indicateur LED. L&#8217;\u00e9metteur portatif est dot\u00e9 d&#8217;un bo\u00eetier en caoutchouc anti-choc et d&#8217;un clavier r\u00e9tro\u00e9clair\u00e9 en silicone. Il peut fonctionner avec des batteries rechargeables. \u00c0 compl\u00e9ter avec un r\u00e9cepteur \u00e0 4 ou 6 relais selon les boutons de l&#8217;\u00e9metteur.<\/p>\n","protected":false},"excerpt":{"rendered":"<p>T\u00e9l\u00e9commande portative Quick 8 Fonctions &#8211; Contr\u00f4les \u00e0 distance radio portables et de poche pour propulseurs d&#8217;\u00e9trave rapides. Flottant, protection<\/p>\n","protected":false},"featured_media":5948900,"comment_status":"open","ping_status":"closed","template":"","meta":[],"product_brand":[3279],"product_cat":[1037,1036],"product_tag":[],"class_list":{"0":"post-732177","1":"product","2":"type-product","3":"status-publish","4":"has-post-thumbnail","6":"product_brand-quick-fr","7":"product_cat-guindeaux-quick","8":"product_cat-propulseurs-detrave-quick","10":"first","11":"instock","12":"shipping-taxable","13":"purchasable","14":"product-type-simple"},"_links":{"self":[{"href":"https:\/\/stoic-curie.212-227-153-4.plesk.page\/fr\/wp-json\/wp\/v2\/product\/732177","targetHints":{"allow":["GET"]}}],"collection":[{"href":"https:\/\/stoic-curie.212-227-153-4.plesk.page\/fr\/wp-json\/wp\/v2\/product"}],"about":[{"href":"https:\/\/stoic-curie.212-227-153-4.plesk.page\/fr\/wp-json\/wp\/v2\/types\/product"}],"replies":[{"embeddable":true,"href":"https:\/\/stoic-curie.212-227-153-4.plesk.page\/fr\/wp-json\/wp\/v2\/comments?post=732177"}],"version-history":[{"count":0,"href":"https:\/\/stoic-curie.212-227-153-4.plesk.page\/fr\/wp-json\/wp\/v2\/product\/732177\/revisions"}],"wp:featuredmedia":[{"embeddable":true,"href":"https:\/\/stoic-curie.212-227-153-4.plesk.page\/fr\/wp-json\/wp\/v2\/media\/5948900"}],"wp:attachment":[{"href":"https:\/\/stoic-curie.212-227-153-4.plesk.page\/fr\/wp-json\/wp\/v2\/media?parent=732177"}],"wp:term":[{"taxonomy":"product_brand","embeddable":true,"href":"https:\/\/stoic-curie.212-227-153-4.plesk.page\/fr\/wp-json\/wp\/v2\/product_brand?post=732177"},{"taxonomy":"product_cat","embeddable":true,"href":"https:\/\/stoic-curie.212-227-153-4.plesk.page\/fr\/wp-json\/wp\/v2\/product_cat?post=732177"},{"taxonomy":"product_tag","embeddable":true,"href":"https:\/\/stoic-curie.212-227-153-4.plesk.page\/fr\/wp-json\/wp\/v2\/product_tag?post=732177"}],"curies":[{"name":"wp","href":"https:\/\/api.w.org\/{rel}","templated":true}]}}