{"id":732181,"date":"2025-03-03T16:14:25","date_gmt":"2025-03-03T15:14:25","guid":{"rendered":"https:\/\/stoic-curie.212-227-153-4.plesk.page\/producto\/joystick-uflex-low-profile\/"},"modified":"2026-02-24T23:08:54","modified_gmt":"2026-02-24T23:08:54","slug":"joystick-uflex-low-profile","status":"publish","type":"product","link":"https:\/\/stoic-curie.212-227-153-4.plesk.page\/fr\/product\/joystick-uflex-low-profile\/","title":{"rendered":"Joystick Uflex Low Profile"},"content":{"rendered":"<p>Joystick Uflex Low Profile &#8211; <\/p>\n<p>Kit de trim \u00e9lectrom\u00e9canique 12V Uflex sans entretien et facile \u00e0 installer. Ne n\u00e9cessite pas d&#8217;unit\u00e9 de contr\u00f4le \u00e9lectrique ou hydraulique ni de tuyauterie. Le panneau de contr\u00f4le avec joystick permet d&#8217;aligner les ailettes pour r\u00e9gler l&#8217;assiette de roulis et de tangage. La bo\u00eete de contr\u00f4le comprend \u00e9galement la fonction de mise en ligne automatique pour l&#8217;alignement automatique des volets lorsqu&#8217;elle est d\u00e9sactiv\u00e9e, et peut \u00e9galement fonctionner comme un interrupteur pour un joystick de seconde station \u00e9ventuel. Le kit comprend deux actionneurs AT et la bo\u00eete de contr\u00f4le avec joystick chrom\u00e9. Les surfaces en acier inoxydable doivent \u00eatre achet\u00e9es s\u00e9par\u00e9ment, elles peuvent \u00eatre standard ou avec un profil hautement poli miroir.<br \/>&#8211; Am\u00e9liore l&#8217;\u00e9conomie de carburant et le confort des passagers<br \/>&#8211; Ailettes construites pour durer dans les conditions maritimes les plus exigeantes<br \/>&#8211; Installation avec un seul petit trou par ailettes \u00e0 travers le tableau arri\u00e8re<\/p>\n","protected":false},"excerpt":{"rendered":"<p>Joystick Uflex Low Profile &#8211; Kit de trim \u00e9lectrom\u00e9canique 12V Uflex sans entretien et facile \u00e0 installer. Ne n\u00e9cessite pas<\/p>\n","protected":false},"featured_media":5948924,"comment_status":"open","ping_status":"closed","template":"","meta":[],"product_brand":[3499],"product_cat":[1232],"product_tag":[],"class_list":{"0":"post-732181","1":"product","2":"type-product","3":"status-publish","4":"has-post-thumbnail","6":"product_brand-ultraflex-uflex-fr","7":"product_cat-volets-compensateurs","9":"first","10":"instock","11":"shipping-taxable","12":"purchasable","13":"product-type-simple"},"_links":{"self":[{"href":"https:\/\/stoic-curie.212-227-153-4.plesk.page\/fr\/wp-json\/wp\/v2\/product\/732181","targetHints":{"allow":["GET"]}}],"collection":[{"href":"https:\/\/stoic-curie.212-227-153-4.plesk.page\/fr\/wp-json\/wp\/v2\/product"}],"about":[{"href":"https:\/\/stoic-curie.212-227-153-4.plesk.page\/fr\/wp-json\/wp\/v2\/types\/product"}],"replies":[{"embeddable":true,"href":"https:\/\/stoic-curie.212-227-153-4.plesk.page\/fr\/wp-json\/wp\/v2\/comments?post=732181"}],"version-history":[{"count":0,"href":"https:\/\/stoic-curie.212-227-153-4.plesk.page\/fr\/wp-json\/wp\/v2\/product\/732181\/revisions"}],"wp:featuredmedia":[{"embeddable":true,"href":"https:\/\/stoic-curie.212-227-153-4.plesk.page\/fr\/wp-json\/wp\/v2\/media\/5948924"}],"wp:attachment":[{"href":"https:\/\/stoic-curie.212-227-153-4.plesk.page\/fr\/wp-json\/wp\/v2\/media?parent=732181"}],"wp:term":[{"taxonomy":"product_brand","embeddable":true,"href":"https:\/\/stoic-curie.212-227-153-4.plesk.page\/fr\/wp-json\/wp\/v2\/product_brand?post=732181"},{"taxonomy":"product_cat","embeddable":true,"href":"https:\/\/stoic-curie.212-227-153-4.plesk.page\/fr\/wp-json\/wp\/v2\/product_cat?post=732181"},{"taxonomy":"product_tag","embeddable":true,"href":"https:\/\/stoic-curie.212-227-153-4.plesk.page\/fr\/wp-json\/wp\/v2\/product_tag?post=732181"}],"curies":[{"name":"wp","href":"https:\/\/api.w.org\/{rel}","templated":true}]}}