{"id":732182,"date":"2025-03-03T16:14:25","date_gmt":"2025-03-03T15:14:25","guid":{"rendered":"https:\/\/stoic-curie.212-227-153-4.plesk.page\/producto\/kit-durites-hydrauliques-ultraflex-nautech-4-5mt\/"},"modified":"2026-02-24T23:08:54","modified_gmt":"2026-02-24T23:08:54","slug":"kit-durites-hydrauliques-ultraflex-nautech-4-5mt","status":"publish","type":"product","link":"https:\/\/stoic-curie.212-227-153-4.plesk.page\/fr\/product\/kit-durites-hydrauliques-ultraflex-nautech-4-5mt\/","title":{"rendered":"Kit Durites Hydrauliques Ultraflex Nautech 4.5mt"},"content":{"rendered":"<p>Kit Durites Hydrauliques Ultraflex Nautech 4.5mt &#8211; <\/p>\n<p>Kit de syst\u00e8me de direction Nautech1 pour moteurs hors-bord : Mercury 2 et 4T de 100 \u00e0 300 CV &#8211; Yamaha 4T de F70 \u00e0 F150 et de F200 \u00e0 F300 &#8211; Honda 4T 75\/90\/115A et de 135 \u00e0 250 CV &#8211; Suzuki 4T de 100 \u00e0 175 CV &#8211; Tohatsu 4T de 70 \u00e0 115 CV &#8211; Selva 2T de 80 \u00e0 150 et 4T 150 CV &#8211; Johnson 4T de 90 \u00e0 140 CV. Pratique et facile \u00e0 installer, comprend : 1 pompe \u00e0 barre UP28F (Cod MTM 4656601), 4,3 tours de volant de but\u00e9e \u00e0 but\u00e9e 1 cylindre UC128-OBF\/1 (Cod MTM 4655014) 2 litres d&#8217;huile hydraulique Ultraflex. Des passages \u00e0 travers les cloisons sont utilis\u00e9s pour faire passer les 2 tuyaux hydrauliques sur le tableau arri\u00e8re.<\/p>\n","protected":false},"excerpt":{"rendered":"<p>Kit Durites Hydrauliques Ultraflex Nautech 4.5mt &#8211; Kit de syst\u00e8me de direction Nautech1 pour moteurs hors-bord : Mercury 2 et<\/p>\n","protected":false},"featured_media":5948895,"comment_status":"open","ping_status":"closed","template":"","meta":[],"product_brand":[3499],"product_cat":[1249],"product_tag":[],"class_list":{"0":"post-732182","1":"product","2":"type-product","3":"status-publish","4":"has-post-thumbnail","6":"product_brand-ultraflex-uflex-fr","7":"product_cat-direction-hydraulique","9":"first","10":"instock","11":"shipping-taxable","12":"purchasable","13":"product-type-simple"},"_links":{"self":[{"href":"https:\/\/stoic-curie.212-227-153-4.plesk.page\/fr\/wp-json\/wp\/v2\/product\/732182","targetHints":{"allow":["GET"]}}],"collection":[{"href":"https:\/\/stoic-curie.212-227-153-4.plesk.page\/fr\/wp-json\/wp\/v2\/product"}],"about":[{"href":"https:\/\/stoic-curie.212-227-153-4.plesk.page\/fr\/wp-json\/wp\/v2\/types\/product"}],"replies":[{"embeddable":true,"href":"https:\/\/stoic-curie.212-227-153-4.plesk.page\/fr\/wp-json\/wp\/v2\/comments?post=732182"}],"version-history":[{"count":0,"href":"https:\/\/stoic-curie.212-227-153-4.plesk.page\/fr\/wp-json\/wp\/v2\/product\/732182\/revisions"}],"wp:featuredmedia":[{"embeddable":true,"href":"https:\/\/stoic-curie.212-227-153-4.plesk.page\/fr\/wp-json\/wp\/v2\/media\/5948895"}],"wp:attachment":[{"href":"https:\/\/stoic-curie.212-227-153-4.plesk.page\/fr\/wp-json\/wp\/v2\/media?parent=732182"}],"wp:term":[{"taxonomy":"product_brand","embeddable":true,"href":"https:\/\/stoic-curie.212-227-153-4.plesk.page\/fr\/wp-json\/wp\/v2\/product_brand?post=732182"},{"taxonomy":"product_cat","embeddable":true,"href":"https:\/\/stoic-curie.212-227-153-4.plesk.page\/fr\/wp-json\/wp\/v2\/product_cat?post=732182"},{"taxonomy":"product_tag","embeddable":true,"href":"https:\/\/stoic-curie.212-227-153-4.plesk.page\/fr\/wp-json\/wp\/v2\/product_tag?post=732182"}],"curies":[{"name":"wp","href":"https:\/\/api.w.org\/{rel}","templated":true}]}}