{"id":732183,"date":"2025-03-03T16:14:25","date_gmt":"2025-03-03T15:14:25","guid":{"rendered":"https:\/\/stoic-curie.212-227-153-4.plesk.page\/producto\/kit-2-tuyaux-hydrauliques-ultraflex-nautech-7mt\/"},"modified":"2026-02-24T23:08:54","modified_gmt":"2026-02-24T23:08:54","slug":"kit-2-tuyaux-hydrauliques-ultraflex-nautech-7mt","status":"publish","type":"product","link":"https:\/\/stoic-curie.212-227-153-4.plesk.page\/fr\/product\/kit-2-tuyaux-hydrauliques-ultraflex-nautech-7mt\/","title":{"rendered":"Kit 2 Tuyaux Hydrauliques Ultraflex Nautech 7mt"},"content":{"rendered":"<p>Kit 2 Tuyaux Hydrauliques Ultraflex Nautech 7mt &#8211; <\/p>\n<p>Kit de syst\u00e8me de direction Nautech1 pour moteurs hors-bord : Mercury 2 et 4ST de 100 \u00e0 300 ch &#8211; Yamaha 4ST de F70 \u00e0 F150 et de F200 \u00e0 F300 &#8211; Honda 4ST 75\/90\/115A et de 135 \u00e0 250 ch &#8211; Suzuki 4ST de 100 \u00e0 175 ch &#8211; Tohatsu 4ST de 70 \u00e0 115 ch &#8211; Selva 2ST de 80 \u00e0 150 et 4ST 150 ch &#8211; Johnson 4ST de 90 \u00e0 140 ch. Pratique et facile \u00e0 installer, comprend : 1 pompe de barre UP28F (Cod MTM 4656601), 4,3 tours de volant d&#8217;un but\u00e9e \u00e0 l&#8217;autre, 1 cylindre UC128-OBF\/1 (Cod MTM 4655014), 2 litres d&#8217;huile hydraulique Ultraflex. Des travers\u00e9es sont utilis\u00e9es pour passer les 2 tuyaux hydrauliques sur le tableau arri\u00e8re.<\/p>\n","protected":false},"excerpt":{"rendered":"<p>Kit 2 Tuyaux Hydrauliques Ultraflex Nautech 7mt &#8211; Kit de syst\u00e8me de direction Nautech1 pour moteurs hors-bord : Mercury 2<\/p>\n","protected":false},"featured_media":5944076,"comment_status":"open","ping_status":"closed","template":"","meta":[],"product_brand":[3499],"product_cat":[1249],"product_tag":[],"class_list":{"0":"post-732183","1":"product","2":"type-product","3":"status-publish","4":"has-post-thumbnail","6":"product_brand-ultraflex-uflex-fr","7":"product_cat-direction-hydraulique","9":"first","10":"instock","11":"shipping-taxable","12":"purchasable","13":"product-type-simple"},"_links":{"self":[{"href":"https:\/\/stoic-curie.212-227-153-4.plesk.page\/fr\/wp-json\/wp\/v2\/product\/732183","targetHints":{"allow":["GET"]}}],"collection":[{"href":"https:\/\/stoic-curie.212-227-153-4.plesk.page\/fr\/wp-json\/wp\/v2\/product"}],"about":[{"href":"https:\/\/stoic-curie.212-227-153-4.plesk.page\/fr\/wp-json\/wp\/v2\/types\/product"}],"replies":[{"embeddable":true,"href":"https:\/\/stoic-curie.212-227-153-4.plesk.page\/fr\/wp-json\/wp\/v2\/comments?post=732183"}],"version-history":[{"count":0,"href":"https:\/\/stoic-curie.212-227-153-4.plesk.page\/fr\/wp-json\/wp\/v2\/product\/732183\/revisions"}],"wp:featuredmedia":[{"embeddable":true,"href":"https:\/\/stoic-curie.212-227-153-4.plesk.page\/fr\/wp-json\/wp\/v2\/media\/5944076"}],"wp:attachment":[{"href":"https:\/\/stoic-curie.212-227-153-4.plesk.page\/fr\/wp-json\/wp\/v2\/media?parent=732183"}],"wp:term":[{"taxonomy":"product_brand","embeddable":true,"href":"https:\/\/stoic-curie.212-227-153-4.plesk.page\/fr\/wp-json\/wp\/v2\/product_brand?post=732183"},{"taxonomy":"product_cat","embeddable":true,"href":"https:\/\/stoic-curie.212-227-153-4.plesk.page\/fr\/wp-json\/wp\/v2\/product_cat?post=732183"},{"taxonomy":"product_tag","embeddable":true,"href":"https:\/\/stoic-curie.212-227-153-4.plesk.page\/fr\/wp-json\/wp\/v2\/product_tag?post=732183"}],"curies":[{"name":"wp","href":"https:\/\/api.w.org\/{rel}","templated":true}]}}