{"id":732197,"date":"2025-03-03T16:14:27","date_gmt":"2025-03-03T15:14:27","guid":{"rendered":"https:\/\/stoic-curie.212-227-153-4.plesk.page\/producto\/cuisiniere-a-induction-dometic-1-bruleur\/"},"modified":"2026-02-24T23:08:54","modified_gmt":"2026-02-24T23:08:54","slug":"cuisiniere-a-induction-dometic-1-bruleur","status":"publish","type":"product","link":"https:\/\/stoic-curie.212-227-153-4.plesk.page\/fr\/product\/cuisiniere-a-induction-dometic-1-bruleur\/","title":{"rendered":"Cuisini\u00e8re \u00e0 induction Dometic CVI 1350"},"content":{"rendered":"<p>Cuisini\u00e8re \u00e0 induction Dometic CVI 1350 &#8211; <\/p>\n<p style=\"color: rgb(34, 34, 34); font-family: Arial, Helvetica, sans-serif; font-size: small;\">Le DOMETIC CVI 1350 Plaque \u00e0 Induction Simple est une plaque de cuisson \u00e0 induction \u00e9l\u00e9gante \u00e0 une zone, parfaite pour une cuisson rapide et sans effort, que vous soyez au camping ou \u00e0 bord d&#8217;un bateau. Elle poss\u00e8de une surface en verre lisse facile \u00e0 nettoyer et dispose de commandes tactiles sensitives pour des ajustements de chaleur pr\u00e9cis. Conform\u00e9ment au concept Cooking Vision de Dometic, cette plaque peut \u00eatre associ\u00e9e \u00e0 un \u00e9vier compatible ou peut remplacer une plaque de cuisson \u00e0 gaz \u00e0 un br\u00fbleur de dimensions identiques, mesurant 350 x 350 mm.<\/p>\n<p style=\"color: rgb(34, 34, 34); font-family: Arial, Helvetica, sans-serif; font-size: small;\">Cette plaque de cuisson \u00e0 induction en c\u00e9ramique vitr\u00e9e Dometic de 220V est dot\u00e9e d&#8217;une commande tactile et offre 9 niveaux diff\u00e9rents d&#8217;ajustement de chaleur. Elle comprend un couvercle en verre tremp\u00e9 qui peut \u00e9galement servir de surface de travail suppl\u00e9mentaire lorsqu&#8217;il est ferm\u00e9. Le design est con\u00e7u pour ne pas surcharger l&#8217;alimentation \u00e9lectrique ou le syst\u00e8me \u00e9lectrique. Les sp\u00e9cifications de puissance sont les suivantes :<\/p>\n<ul style=\"color: rgb(34, 34, 34); font-family: Arial, Helvetica, sans-serif; font-size: small;\">\n<li>1-br\u00fbleur : 2300W, 10A<\/li>\n<\/ul>\n<p style=\"color: rgb(34, 34, 34); font-family: Arial, Helvetica, sans-serif; font-size: small;\">Conform\u00e9ment aux objectifs de durabilit\u00e9 de Dometic, ces plaques \u00e0 induction sont con\u00e7ues pour respecter les limites de puissance de 10 A \/ 2300 W g\u00e9n\u00e9ralement rencontr\u00e9es dans les campings et les v\u00e9hicules de loisirs. Cela garantit une utilisation s\u00fbre sans stress sur le syst\u00e8me \u00e9lectrique. Pour une plus grande autonomie, elles peuvent \u00e9galement \u00eatre aliment\u00e9es par un panneau solaire en combinaison avec une batterie lithium.<\/p>\n<p style=\"color: rgb(34, 34, 34); font-family: Arial, Helvetica, sans-serif; font-size: small;\">Les caract\u00e9ristiques de s\u00e9curit\u00e9 incluent un syst\u00e8me de verrouillage pour enfants afin de pr\u00e9venir les accidents, une minuterie, une protection contre la surchauffe, la d\u00e9tection d&#8217;objets inappropri\u00e9s et une minuterie d&#8217;arr\u00eat automatique.<\/p>\n<p style=\"color: rgb(34, 34, 34); font-family: Arial, Helvetica, sans-serif; font-size: small;\"><strong>Caract\u00e9ristiques cl\u00e9s de la Plaque \u00e0 Induction Simple DOMETIC CVI 1350 :<\/strong><\/p>\n<ul style=\"color: rgb(34, 34, 34); font-family: Arial, Helvetica, sans-serif; font-size: small;\">\n<li>Plaque de cuisson \u00e0 une zone utilisant une technologie d&#8217;induction avanc\u00e9e<\/li>\n<li>Se marie parfaitement avec d&#8217;autres produits Dometic Cooking Vision<\/li>\n<li>Tension\/Fr\u00e9quence : 220 &#8211; 240V\/50Hz<\/li>\n<li>Puissance totale : 2300W<\/li>\n<li>R\u00e9gulation facile de la chaleur avec 9 niveaux de temp\u00e9rature distincts<\/li>\n<li>Diam\u00e8tre de la zone de cuisson : 180 mm<\/li>\n<li>Couleur : Acier inoxydable et noir<\/li>\n<li>Test\u00e9e pour sa r\u00e9sistance aux vibrations pour r\u00e9pondre aux normes des camping-cars<\/li>\n<li>Con\u00e7ue pour respecter les limitations de 10A \/ 2300 W dans les campings et les v\u00e9hicules de loisirs<\/li>\n<li>Inclut un arr\u00eat automatique de surchauffe pour un chauffage rapide<\/li>\n<li>Convient pour une installation dans des salons int\u00e9rieurs sur des bateaux, non destin\u00e9 \u00e0 une utilisation sur des ponts ouverts<\/li>\n<\/ul>\n<p style=\"color: rgb(34, 34, 34); font-family: Arial, Helvetica, sans-serif; font-size: small;\"><strong>Marque :<\/strong>&nbsp;Dometic<\/p>\n<p style=\"color: rgb(34, 34, 34); font-family: Arial, Helvetica, sans-serif; font-size: small;\"><strong>Poids :<\/strong><\/p>\n<ul style=\"color: rgb(34, 34, 34); font-family: Arial, Helvetica, sans-serif; font-size: small;\">\n<li>Net : 5 kg<\/li>\n<li>Brut : 5,8 kg<\/li>\n<\/ul>\n<p style=\"color: rgb(34, 34, 34); font-family: Arial, Helvetica, sans-serif; font-size: small;\"><strong>Marque d&#8217;essai :<\/strong>&nbsp;CE UK CA<\/p>\n<p style=\"color: rgb(34, 34, 34); font-family: Arial, Helvetica, sans-serif; font-size: small;\"><strong>Code produit :<\/strong>&nbsp;9600050570<\/p>\n<p style=\"color: rgb(34, 34, 34); font-family: Arial, Helvetica, sans-serif; font-size: small;\"><strong>Dimensions :<\/strong><\/p>\n<ul style=\"color: rgb(34, 34, 34); font-family: Arial, Helvetica, sans-serif; font-size: small;\">\n<li>(L x H x P) 350 x 55 x 350 mm<\/li>\n<\/ul>\n<p style=\"color: rgb(34, 34, 34); font-family: Arial, Helvetica, sans-serif; font-size: small;\"><strong>Couleur :<\/strong>&nbsp;Acier inoxydable et noir<\/p>\n<p style=\"color: rgb(34, 34, 34); font-family: Arial, Helvetica, sans-serif; font-size: small;\"><strong>Zone de cuisson :<\/strong>&nbsp;Unique<\/p>\n<p style=\"color: rgb(34, 34, 34); font-family: Arial, Helvetica, sans-serif; font-size: small;\"><strong>Puissance de la plaque de cuisson :<\/strong>&nbsp;2,3 kW<\/p>\n<p style=\"color: rgb(34, 34, 34); font-family: Arial, Helvetica, sans-serif; font-size: small;\"><strong>Installation :<\/strong><\/p>\n<ul style=\"color: rgb(34, 34, 34); font-family: Arial, Helvetica, sans-serif; font-size: small;\">\n<li>Profond : 330 mm<\/li>\n<li>Hauteur : 100 mm<\/li>\n<li>Largeur : 330 mm<\/li>\n<\/ul>\n<p style=\"color: rgb(34, 34, 34); font-family: Arial, Helvetica, sans-serif; font-size: small;\"><strong>Diam\u00e8tre de la zone de cuisson :<\/strong>&nbsp;180 mm<\/p>\n","protected":false},"excerpt":{"rendered":"<p>Cuisini\u00e8re \u00e0 induction Dometic CVI 1350 &#8211; Le DOMETIC CVI 1350 Plaque \u00e0 Induction Simple est une plaque de cuisson<\/p>\n","protected":false},"featured_media":5948945,"comment_status":"open","ping_status":"closed","template":"","meta":[],"product_brand":[2894],"product_cat":[1067],"product_tag":[],"class_list":{"0":"post-732197","1":"product","2":"type-product","3":"status-publish","4":"has-post-thumbnail","6":"product_brand-dometic-fr","7":"product_cat-cuissons","9":"first","10":"instock","11":"shipping-taxable","12":"purchasable","13":"product-type-simple"},"_links":{"self":[{"href":"https:\/\/stoic-curie.212-227-153-4.plesk.page\/fr\/wp-json\/wp\/v2\/product\/732197","targetHints":{"allow":["GET"]}}],"collection":[{"href":"https:\/\/stoic-curie.212-227-153-4.plesk.page\/fr\/wp-json\/wp\/v2\/product"}],"about":[{"href":"https:\/\/stoic-curie.212-227-153-4.plesk.page\/fr\/wp-json\/wp\/v2\/types\/product"}],"replies":[{"embeddable":true,"href":"https:\/\/stoic-curie.212-227-153-4.plesk.page\/fr\/wp-json\/wp\/v2\/comments?post=732197"}],"version-history":[{"count":0,"href":"https:\/\/stoic-curie.212-227-153-4.plesk.page\/fr\/wp-json\/wp\/v2\/product\/732197\/revisions"}],"wp:featuredmedia":[{"embeddable":true,"href":"https:\/\/stoic-curie.212-227-153-4.plesk.page\/fr\/wp-json\/wp\/v2\/media\/5948945"}],"wp:attachment":[{"href":"https:\/\/stoic-curie.212-227-153-4.plesk.page\/fr\/wp-json\/wp\/v2\/media?parent=732197"}],"wp:term":[{"taxonomy":"product_brand","embeddable":true,"href":"https:\/\/stoic-curie.212-227-153-4.plesk.page\/fr\/wp-json\/wp\/v2\/product_brand?post=732197"},{"taxonomy":"product_cat","embeddable":true,"href":"https:\/\/stoic-curie.212-227-153-4.plesk.page\/fr\/wp-json\/wp\/v2\/product_cat?post=732197"},{"taxonomy":"product_tag","embeddable":true,"href":"https:\/\/stoic-curie.212-227-153-4.plesk.page\/fr\/wp-json\/wp\/v2\/product_tag?post=732197"}],"curies":[{"name":"wp","href":"https:\/\/api.w.org\/{rel}","templated":true}]}}