{"id":732201,"date":"2025-03-03T16:14:28","date_gmt":"2025-03-03T15:14:28","guid":{"rendered":"https:\/\/stoic-curie.212-227-153-4.plesk.page\/producto\/emerillon-olympic-en-acier-inoxydable-pour-chaine-de-6-a-8-mm\/"},"modified":"2026-02-24T23:08:54","modified_gmt":"2026-02-24T23:08:54","slug":"emerillon-olympic-en-acier-inoxydable-pour-chaine-de-6-a-8-mm","status":"publish","type":"product","link":"https:\/\/stoic-curie.212-227-153-4.plesk.page\/fr\/product\/emerillon-olympic-en-acier-inoxydable-pour-chaine-de-6-a-8-mm\/","title":{"rendered":"\u00c9merillon Olympic en acier inoxydable pour cha\u00eene de 6 \u00e0 8 mm"},"content":{"rendered":"<p>\u00c9merillon Olympic en acier inoxydable pour cha\u00eene de 6 \u00e0 8 mm &#8211; <\/p>\n<p>Le cha\u00eenon pivotant Quick Olympic est un \u00e9l\u00e9ment essentiel qui relie votre ancre olympique \u00e0 la cha\u00eene. Il est con\u00e7u pour emp\u00eacher la cha\u00eene de s&#8217;enrouler et facilite grandement la remont\u00e9e de l&#8217;ancre, car il reste bien align\u00e9 lors de sa r\u00e9cup\u00e9ration. Fabriqu\u00e9 en acier inoxydable AISI 630, ce pivot est r\u00e9sistant \u00e0 la corrosion marine et tr\u00e8s solide.<\/p>\n<p>Voici quelques caract\u00e9ristiques int\u00e9ressantes du cha\u00eenon pivotant Quick Olympic :<\/p>\n<p>Plus de torsion de cha\u00eene :<br \/>Ce pivot permet \u00e0 l&#8217;ancre de tourner librement, ce qui r\u00e9duit consid\u00e9rablement le risque d&#8217;emm\u00ealement de la cha\u00eene et d&#8217;endommagement.<\/p>\n<p>R\u00e9cup\u00e9ration facile :<br \/>Lorsque vous l&#8217;utilisez avec l&#8217;\u0153illet de l&#8217;ancre olympique, le pivot garantit que l&#8217;ancre se trouve au bon endroit pour \u00eatre relev\u00e9e, en particulier si vous utilisez un rouleau de proue.<\/p>\n<p>Fonction de retournement automatique :<br \/>Le design du syst\u00e8me de pivot et d&#8217;ancre olympique poss\u00e8de cette fonction de retournement automatique pratique qui aide l&#8217;ancre \u00e0 se positionner correctement pour un ramassage facile.<\/p>\n<p>Mat\u00e9riaux de haute qualit\u00e9 :<br \/>Fabriqu\u00e9 en acier inoxydable AISI 630, ce pivot est reconnu pour sa r\u00e9sistance \u00e0 la corrosion marine et sa grande durabilit\u00e9, le rendant parfait pour une utilisation en milieu aquatique.<\/p>\n<p>Installation simple :<br \/>Il est con\u00e7u pour une installation facile et peut \u00eatre \u00e9chang\u00e9 avec diff\u00e9rents types d&#8217;ancre sans tracas.<\/p>\n<p>Esth\u00e9tique agr\u00e9able :<br \/>Le pivot a une finition polie qui r\u00e9duit non seulement la friction, mais qui est \u00e9galement tr\u00e8s esth\u00e9tique !<\/p>\n","protected":false},"excerpt":{"rendered":"<p>\u00c9merillon Olympic en acier inoxydable pour cha\u00eene de 6 \u00e0 8 mm &#8211; Le cha\u00eenon pivotant Quick Olympic est un<\/p>\n","protected":false},"featured_media":5948958,"comment_status":"open","ping_status":"closed","template":"","meta":[],"product_brand":[3279],"product_cat":[1291],"product_tag":[],"class_list":{"0":"post-732201","1":"product","2":"type-product","3":"status-publish","4":"has-post-thumbnail","6":"product_brand-quick-fr","7":"product_cat-connecteurs-de-chaine-dancrage","9":"first","10":"instock","11":"shipping-taxable","12":"purchasable","13":"product-type-simple"},"_links":{"self":[{"href":"https:\/\/stoic-curie.212-227-153-4.plesk.page\/fr\/wp-json\/wp\/v2\/product\/732201","targetHints":{"allow":["GET"]}}],"collection":[{"href":"https:\/\/stoic-curie.212-227-153-4.plesk.page\/fr\/wp-json\/wp\/v2\/product"}],"about":[{"href":"https:\/\/stoic-curie.212-227-153-4.plesk.page\/fr\/wp-json\/wp\/v2\/types\/product"}],"replies":[{"embeddable":true,"href":"https:\/\/stoic-curie.212-227-153-4.plesk.page\/fr\/wp-json\/wp\/v2\/comments?post=732201"}],"version-history":[{"count":0,"href":"https:\/\/stoic-curie.212-227-153-4.plesk.page\/fr\/wp-json\/wp\/v2\/product\/732201\/revisions"}],"wp:featuredmedia":[{"embeddable":true,"href":"https:\/\/stoic-curie.212-227-153-4.plesk.page\/fr\/wp-json\/wp\/v2\/media\/5948958"}],"wp:attachment":[{"href":"https:\/\/stoic-curie.212-227-153-4.plesk.page\/fr\/wp-json\/wp\/v2\/media?parent=732201"}],"wp:term":[{"taxonomy":"product_brand","embeddable":true,"href":"https:\/\/stoic-curie.212-227-153-4.plesk.page\/fr\/wp-json\/wp\/v2\/product_brand?post=732201"},{"taxonomy":"product_cat","embeddable":true,"href":"https:\/\/stoic-curie.212-227-153-4.plesk.page\/fr\/wp-json\/wp\/v2\/product_cat?post=732201"},{"taxonomy":"product_tag","embeddable":true,"href":"https:\/\/stoic-curie.212-227-153-4.plesk.page\/fr\/wp-json\/wp\/v2\/product_tag?post=732201"}],"curies":[{"name":"wp","href":"https:\/\/api.w.org\/{rel}","templated":true}]}}