{"id":732202,"date":"2025-03-03T16:14:28","date_gmt":"2025-03-03T15:14:28","guid":{"rendered":"https:\/\/stoic-curie.212-227-153-4.plesk.page\/producto\/emerillon-olympic-en-acier-inoxydable-pour-chaine-de-8-a-10-mm\/"},"modified":"2026-02-24T23:08:54","modified_gmt":"2026-02-24T23:08:54","slug":"emerillon-olympic-en-acier-inoxydable-pour-chaine-de-8-a-10-mm","status":"publish","type":"product","link":"https:\/\/stoic-curie.212-227-153-4.plesk.page\/fr\/product\/emerillon-olympic-en-acier-inoxydable-pour-chaine-de-8-a-10-mm\/","title":{"rendered":"\u00c9merillon Olympic en acier inoxydable pour cha\u00eene de 8 \u00e0 10 mm"},"content":{"rendered":"<p>\u00c9merillon Olympic en acier inoxydable pour cha\u00eene de 8 \u00e0 10 mm &#8211; <\/p>\n<p>Le pivot d&#8217;ancre olympique Quick est un connecteur essentiel qui relie l&#8217;ancre olympique \u00e0 la cha\u00eene. Son design est soigneusement con\u00e7u pour emp\u00eacher la cha\u00eene de se tordre et pour faciliter la r\u00e9cup\u00e9ration de l&#8217;ancre en garantissant qu&#8217;elle reste correctement align\u00e9e lors du retrait. Fabriqu\u00e9 en acier inoxydable AISI 630, ce pivot est tr\u00e8s appr\u00e9ci\u00e9 pour sa r\u00e9sistance exceptionnelle \u00e0 la corrosion marine et sa force remarquable.<\/p>\n<p>Les principales caract\u00e9ristiques du pivot d&#8217;ancre olympique Quick incluent :<\/p>\n<p>Pr\u00e9vention des torsions de cha\u00eene :<br \/>Le pivot permet \u00e0 l&#8217;ancre de tourner librement, r\u00e9duisant consid\u00e9rablement le risque de torsion de la cha\u00eene pouvant causer des dommages.<\/p>\n<p>Facilit\u00e9 de r\u00e9cup\u00e9ration :<br \/>Lorsqu&#8217;il est associ\u00e9 \u00e0 l&#8217;\u0153illet de l&#8217;ancre olympique, le pivot garantit que l&#8217;ancre est positionn\u00e9e de mani\u00e8re optimale pour sa r\u00e9cup\u00e9ration, notamment lors de l&#8217;utilisation d&#8217;un rouleau de proue.<\/p>\n<p>Capacit\u00e9 d&#8217;auto-renversement :<br \/>Le design du syst\u00e8me d&#8217;ancre et de pivot olympique incorpore une fonction d&#8217;auto-renversement, qui aide l&#8217;ancre \u00e0 s&#8217;ajuster \u00e0 la bonne position pour une r\u00e9cup\u00e9ration ais\u00e9e.<\/p>\n<p>Mat\u00e9riaux de haute qualit\u00e9 :<br \/>Fabriqu\u00e9 en acier inoxydable AISI 630, le pivot est reconnu pour sa r\u00e9sistance \u00e0 la corrosion marine et sa durabilit\u00e9, ce qui le rend id\u00e9al pour les applications marines.<\/p>\n<p>Installation sans effort :<br \/>Le pivot est con\u00e7u pour une installation simple et peut \u00eatre facilement remplac\u00e9 avec divers types d&#8217;ancre existants.<\/p>\n<p>Finition attrayante :<br \/>Le pivot pr\u00e9sente une finition polie, qui non seulement minimise les frottements mais am\u00e9liore \u00e9galement son attrait esth\u00e9tique.<\/p>\n","protected":false},"excerpt":{"rendered":"<p>\u00c9merillon Olympic en acier inoxydable pour cha\u00eene de 8 \u00e0 10 mm &#8211; Le pivot d&#8217;ancre olympique Quick est un<\/p>\n","protected":false},"featured_media":5948958,"comment_status":"open","ping_status":"closed","template":"","meta":[],"product_brand":[3279],"product_cat":[1291],"product_tag":[],"class_list":{"0":"post-732202","1":"product","2":"type-product","3":"status-publish","4":"has-post-thumbnail","6":"product_brand-quick-fr","7":"product_cat-connecteurs-de-chaine-dancrage","9":"first","10":"instock","11":"shipping-taxable","12":"purchasable","13":"product-type-simple"},"_links":{"self":[{"href":"https:\/\/stoic-curie.212-227-153-4.plesk.page\/fr\/wp-json\/wp\/v2\/product\/732202","targetHints":{"allow":["GET"]}}],"collection":[{"href":"https:\/\/stoic-curie.212-227-153-4.plesk.page\/fr\/wp-json\/wp\/v2\/product"}],"about":[{"href":"https:\/\/stoic-curie.212-227-153-4.plesk.page\/fr\/wp-json\/wp\/v2\/types\/product"}],"replies":[{"embeddable":true,"href":"https:\/\/stoic-curie.212-227-153-4.plesk.page\/fr\/wp-json\/wp\/v2\/comments?post=732202"}],"version-history":[{"count":0,"href":"https:\/\/stoic-curie.212-227-153-4.plesk.page\/fr\/wp-json\/wp\/v2\/product\/732202\/revisions"}],"wp:featuredmedia":[{"embeddable":true,"href":"https:\/\/stoic-curie.212-227-153-4.plesk.page\/fr\/wp-json\/wp\/v2\/media\/5948958"}],"wp:attachment":[{"href":"https:\/\/stoic-curie.212-227-153-4.plesk.page\/fr\/wp-json\/wp\/v2\/media?parent=732202"}],"wp:term":[{"taxonomy":"product_brand","embeddable":true,"href":"https:\/\/stoic-curie.212-227-153-4.plesk.page\/fr\/wp-json\/wp\/v2\/product_brand?post=732202"},{"taxonomy":"product_cat","embeddable":true,"href":"https:\/\/stoic-curie.212-227-153-4.plesk.page\/fr\/wp-json\/wp\/v2\/product_cat?post=732202"},{"taxonomy":"product_tag","embeddable":true,"href":"https:\/\/stoic-curie.212-227-153-4.plesk.page\/fr\/wp-json\/wp\/v2\/product_tag?post=732202"}],"curies":[{"name":"wp","href":"https:\/\/api.w.org\/{rel}","templated":true}]}}