{"id":732203,"date":"2025-03-03T16:14:28","date_gmt":"2025-03-03T15:14:28","guid":{"rendered":"https:\/\/stoic-curie.212-227-153-4.plesk.page\/producto\/emerillon-olympic-en-acier-inoxydable-pour-chaine-de-10-13-mm\/"},"modified":"2026-02-24T23:08:54","modified_gmt":"2026-02-24T23:08:54","slug":"emerillon-olympic-en-acier-inoxydable-pour-chaine-de-10-13-mm","status":"publish","type":"product","link":"https:\/\/stoic-curie.212-227-153-4.plesk.page\/fr\/product\/emerillon-olympic-en-acier-inoxydable-pour-chaine-de-10-13-mm\/","title":{"rendered":"\u00c9merillon Olympic en acier inoxydable pour cha\u00eene de 10-13 mm"},"content":{"rendered":"<p>\u00c9merillon Olympic en acier inoxydable pour cha\u00eene de 10-13 mm &#8211; <\/p>\n<p>Le crochet pivotant Quick Olympic est un connecteur essentiel qui relie l&#8217;ancre olympique \u00e0 la cha\u00eene. Son design est soigneusement \u00e9labor\u00e9 pour pr\u00e9venir les torsions de la cha\u00eene et faciliter la r\u00e9cup\u00e9ration de l&#8217;ancre en garantissant qu&#8217;elle est correctement align\u00e9e lors du retrait.<\/p>\n<p>Fabriqu\u00e9 en acier inoxydable AISI 630, ce crochet pivotant est particuli\u00e8rement appr\u00e9ci\u00e9 pour sa r\u00e9sistance exceptionnelle \u00e0 la corrosion marine et sa robustesse impressionnante.<\/p>\n<p>Les principales caract\u00e9ristiques du crochet pivotant Quick Olympic incluent :<\/p>\n<p>Pr\u00e9vention des torsions de la cha\u00eene :<br \/>Le crochet pivotant permet \u00e0 l&#8217;ancre de tourner librement, r\u00e9duisant ainsi consid\u00e9rablement le risque de torsion de la cha\u00eene pouvant entra\u00eener des dommages.<\/p>\n<p>Facilit\u00e9 de r\u00e9cup\u00e9ration :<br \/>Lorsqu&#8217;il est utilis\u00e9 avec l&#8217;\u0153illet de l&#8217;ancre olympique, le crochet garantit que l&#8217;ancre est id\u00e9alement positionn\u00e9e pour la r\u00e9cup\u00e9ration, en particulier lorsqu&#8217;elle est utilis\u00e9e avec un rouleau avant.<\/p>\n<p>Capacit\u00e9 d&#8217;auto-renversement :<br \/>Le design du syst\u00e8me de crochet pivotant et d&#8217;ancre olympique comprend une fonctionnalit\u00e9 d&#8217;auto-renversement, qui aide l&#8217;ancre \u00e0 se positionner correctement pour une r\u00e9cup\u00e9ration facile.<\/p>\n<p>Mat\u00e9riaux de haute qualit\u00e9 :<br \/>Fabriqu\u00e9 en acier inoxydable AISI 630, le crochet pivotant est connu pour sa r\u00e9sistance \u00e0 la corrosion marine et sa durabilit\u00e9, le rendant parfait pour une utilisation en milieu marin.<\/p>\n<p>Installation sans effort :<br \/>Le crochet pivotant est con\u00e7u pour une installation facile et peut \u00eatre \u00e9chang\u00e9 commod\u00e9ment avec diff\u00e9rents types d&#8217;ancrages existants.<\/p>\n<p>Finition attrayante :<br \/>Le crochet pr\u00e9sente une finition polie, qui r\u00e9duit non seulement les frottements, mais am\u00e9liore \u00e9galement son attrait visuel.<\/p>\n","protected":false},"excerpt":{"rendered":"<p>\u00c9merillon Olympic en acier inoxydable pour cha\u00eene de 10-13 mm &#8211; Le crochet pivotant Quick Olympic est un connecteur essentiel<\/p>\n","protected":false},"featured_media":5948958,"comment_status":"open","ping_status":"closed","template":"","meta":[],"product_brand":[3279],"product_cat":[1291],"product_tag":[],"class_list":{"0":"post-732203","1":"product","2":"type-product","3":"status-publish","4":"has-post-thumbnail","6":"product_brand-quick-fr","7":"product_cat-connecteurs-de-chaine-dancrage","9":"first","10":"instock","11":"shipping-taxable","12":"purchasable","13":"product-type-simple"},"_links":{"self":[{"href":"https:\/\/stoic-curie.212-227-153-4.plesk.page\/fr\/wp-json\/wp\/v2\/product\/732203","targetHints":{"allow":["GET"]}}],"collection":[{"href":"https:\/\/stoic-curie.212-227-153-4.plesk.page\/fr\/wp-json\/wp\/v2\/product"}],"about":[{"href":"https:\/\/stoic-curie.212-227-153-4.plesk.page\/fr\/wp-json\/wp\/v2\/types\/product"}],"replies":[{"embeddable":true,"href":"https:\/\/stoic-curie.212-227-153-4.plesk.page\/fr\/wp-json\/wp\/v2\/comments?post=732203"}],"version-history":[{"count":0,"href":"https:\/\/stoic-curie.212-227-153-4.plesk.page\/fr\/wp-json\/wp\/v2\/product\/732203\/revisions"}],"wp:featuredmedia":[{"embeddable":true,"href":"https:\/\/stoic-curie.212-227-153-4.plesk.page\/fr\/wp-json\/wp\/v2\/media\/5948958"}],"wp:attachment":[{"href":"https:\/\/stoic-curie.212-227-153-4.plesk.page\/fr\/wp-json\/wp\/v2\/media?parent=732203"}],"wp:term":[{"taxonomy":"product_brand","embeddable":true,"href":"https:\/\/stoic-curie.212-227-153-4.plesk.page\/fr\/wp-json\/wp\/v2\/product_brand?post=732203"},{"taxonomy":"product_cat","embeddable":true,"href":"https:\/\/stoic-curie.212-227-153-4.plesk.page\/fr\/wp-json\/wp\/v2\/product_cat?post=732203"},{"taxonomy":"product_tag","embeddable":true,"href":"https:\/\/stoic-curie.212-227-153-4.plesk.page\/fr\/wp-json\/wp\/v2\/product_tag?post=732203"}],"curies":[{"name":"wp","href":"https:\/\/api.w.org\/{rel}","templated":true}]}}