{"id":732205,"date":"2025-03-03T16:14:28","date_gmt":"2025-03-03T15:14:28","guid":{"rendered":"https:\/\/stoic-curie.212-227-153-4.plesk.page\/producto\/corde-flottante-20mm-x-150mt-fluo\/"},"modified":"2026-02-24T23:08:54","modified_gmt":"2026-02-24T23:08:54","slug":"corde-flottante-20mm-x-150mt-fluo","status":"publish","type":"product","link":"https:\/\/stoic-curie.212-227-153-4.plesk.page\/fr\/product\/corde-flottante-20mm-x-150mt-fluo\/","title":{"rendered":"Corde flottante 20mm x 150mt Fluo"},"content":{"rendered":"<p>Corde flottante 20mm x 150mt Fluo &#8211; <\/p>\n<p><span style=\"color: rgb(34, 34, 34); font-family: Arial, Helvetica, sans-serif; font-size: small;\">Cette corde flottante fluorescente jaune hautement visible est une excellente option pour marquer les mouillages dans diff\u00e9rentes zones, y compris les baies et les quais. Sa couleur vive garantit une visibilit\u00e9 facile, am\u00e9liorant ainsi la s\u00e9curit\u00e9 pour les plaisanciers et les personnes sur terre. La corde est l\u00e9g\u00e8re mais extr\u00eamement r\u00e9sistante, ce qui la rend facile \u00e0 transporter sur le rivage lorsque n\u00e9cessaire. Fabriqu\u00e9e \u00e0 partir d&#8217;une tresse robuste \u00e0 16 brins en polypropyl\u00e8ne de haute r\u00e9sistance, cette corde est con\u00e7ue pour r\u00e9sister aux d\u00e9fis des environnements marins, offrant fiabilit\u00e9 et durabilit\u00e9 pour tous vos besoins en navigation.<\/span><\/p>\n","protected":false},"excerpt":{"rendered":"<p>Corde flottante 20mm x 150mt Fluo &#8211; Cette corde flottante fluorescente jaune hautement visible est une excellente option pour marquer<\/p>\n","protected":false},"featured_media":5948963,"comment_status":"open","ping_status":"closed","template":"","meta":[],"product_brand":[3099],"product_cat":[1047],"product_tag":[],"class_list":{"0":"post-732205","1":"product","2":"type-product","3":"status-publish","4":"has-post-thumbnail","6":"product_brand-marco-benvenuti-fr","7":"product_cat-corde-flottante","9":"first","10":"instock","11":"shipping-taxable","12":"purchasable","13":"product-type-simple"},"_links":{"self":[{"href":"https:\/\/stoic-curie.212-227-153-4.plesk.page\/fr\/wp-json\/wp\/v2\/product\/732205","targetHints":{"allow":["GET"]}}],"collection":[{"href":"https:\/\/stoic-curie.212-227-153-4.plesk.page\/fr\/wp-json\/wp\/v2\/product"}],"about":[{"href":"https:\/\/stoic-curie.212-227-153-4.plesk.page\/fr\/wp-json\/wp\/v2\/types\/product"}],"replies":[{"embeddable":true,"href":"https:\/\/stoic-curie.212-227-153-4.plesk.page\/fr\/wp-json\/wp\/v2\/comments?post=732205"}],"version-history":[{"count":0,"href":"https:\/\/stoic-curie.212-227-153-4.plesk.page\/fr\/wp-json\/wp\/v2\/product\/732205\/revisions"}],"wp:featuredmedia":[{"embeddable":true,"href":"https:\/\/stoic-curie.212-227-153-4.plesk.page\/fr\/wp-json\/wp\/v2\/media\/5948963"}],"wp:attachment":[{"href":"https:\/\/stoic-curie.212-227-153-4.plesk.page\/fr\/wp-json\/wp\/v2\/media?parent=732205"}],"wp:term":[{"taxonomy":"product_brand","embeddable":true,"href":"https:\/\/stoic-curie.212-227-153-4.plesk.page\/fr\/wp-json\/wp\/v2\/product_brand?post=732205"},{"taxonomy":"product_cat","embeddable":true,"href":"https:\/\/stoic-curie.212-227-153-4.plesk.page\/fr\/wp-json\/wp\/v2\/product_cat?post=732205"},{"taxonomy":"product_tag","embeddable":true,"href":"https:\/\/stoic-curie.212-227-153-4.plesk.page\/fr\/wp-json\/wp\/v2\/product_tag?post=732205"}],"curies":[{"name":"wp","href":"https:\/\/api.w.org\/{rel}","templated":true}]}}