{"id":732206,"date":"2025-03-03T16:14:29","date_gmt":"2025-03-03T15:14:29","guid":{"rendered":"https:\/\/stoic-curie.212-227-153-4.plesk.page\/producto\/corde-flottante-24mm-x-150mt-fluo\/"},"modified":"2026-02-24T23:08:54","modified_gmt":"2026-02-24T23:08:54","slug":"corde-flottante-24mm-x-150mt-fluo","status":"publish","type":"product","link":"https:\/\/stoic-curie.212-227-153-4.plesk.page\/fr\/product\/corde-flottante-24mm-x-150mt-fluo\/","title":{"rendered":"Corde flottante 24mm x 150mt Fluo"},"content":{"rendered":"<p>Corde flottante 24mm x 150mt Fluo &#8211; <\/p>\n<p><span style=\"color: rgb(34, 34, 34); font-family: Arial, Helvetica, sans-serif; font-size: small;\">Cette corde flottante en jaune fluorescent tr\u00e8s visible est un excellent choix pour signaler les mouillages dans divers lieux, tels que les baies et les quais. Sa couleur vive garantit une visibilit\u00e9 optimale, renfor\u00e7ant ainsi la s\u00e9curit\u00e9 tant pour les plaisanciers que pour ceux qui se trouvent sur la terre ferme. La corde est non seulement l\u00e9g\u00e8re, mais \u00e9galement incroyablement durable, ce qui la rend facile \u00e0 transporter sur la terre ferme si n\u00e9cessaire. Fabriqu\u00e9e \u00e0 partir d&#8217;une solide tresse \u00e0 16 brins en polypropyl\u00e8ne \u00e0 haute t\u00e9nacit\u00e9, cette corde est con\u00e7ue pour r\u00e9sister aux rigueurs des environnements marins, garantissant fiabilit\u00e9 et long\u00e9vit\u00e9 pour tous vos besoins en navigation.<\/span><\/p>\n","protected":false},"excerpt":{"rendered":"<p>Corde flottante 24mm x 150mt Fluo &#8211; Cette corde flottante en jaune fluorescent tr\u00e8s visible est un excellent choix pour<\/p>\n","protected":false},"featured_media":5948963,"comment_status":"open","ping_status":"closed","template":"","meta":[],"product_brand":[3099],"product_cat":[1047],"product_tag":[],"class_list":{"0":"post-732206","1":"product","2":"type-product","3":"status-publish","4":"has-post-thumbnail","6":"product_brand-marco-benvenuti-fr","7":"product_cat-corde-flottante","9":"first","10":"instock","11":"shipping-taxable","12":"purchasable","13":"product-type-simple"},"_links":{"self":[{"href":"https:\/\/stoic-curie.212-227-153-4.plesk.page\/fr\/wp-json\/wp\/v2\/product\/732206","targetHints":{"allow":["GET"]}}],"collection":[{"href":"https:\/\/stoic-curie.212-227-153-4.plesk.page\/fr\/wp-json\/wp\/v2\/product"}],"about":[{"href":"https:\/\/stoic-curie.212-227-153-4.plesk.page\/fr\/wp-json\/wp\/v2\/types\/product"}],"replies":[{"embeddable":true,"href":"https:\/\/stoic-curie.212-227-153-4.plesk.page\/fr\/wp-json\/wp\/v2\/comments?post=732206"}],"version-history":[{"count":0,"href":"https:\/\/stoic-curie.212-227-153-4.plesk.page\/fr\/wp-json\/wp\/v2\/product\/732206\/revisions"}],"wp:featuredmedia":[{"embeddable":true,"href":"https:\/\/stoic-curie.212-227-153-4.plesk.page\/fr\/wp-json\/wp\/v2\/media\/5948963"}],"wp:attachment":[{"href":"https:\/\/stoic-curie.212-227-153-4.plesk.page\/fr\/wp-json\/wp\/v2\/media?parent=732206"}],"wp:term":[{"taxonomy":"product_brand","embeddable":true,"href":"https:\/\/stoic-curie.212-227-153-4.plesk.page\/fr\/wp-json\/wp\/v2\/product_brand?post=732206"},{"taxonomy":"product_cat","embeddable":true,"href":"https:\/\/stoic-curie.212-227-153-4.plesk.page\/fr\/wp-json\/wp\/v2\/product_cat?post=732206"},{"taxonomy":"product_tag","embeddable":true,"href":"https:\/\/stoic-curie.212-227-153-4.plesk.page\/fr\/wp-json\/wp\/v2\/product_tag?post=732206"}],"curies":[{"name":"wp","href":"https:\/\/api.w.org\/{rel}","templated":true}]}}