{"id":732207,"date":"2025-03-03T16:14:29","date_gmt":"2025-03-03T15:14:29","guid":{"rendered":"https:\/\/stoic-curie.212-227-153-4.plesk.page\/producto\/passerelle-hydraulique-smeraldo-200-x-43cm-12v\/"},"modified":"2026-02-24T23:08:54","modified_gmt":"2026-02-24T23:08:54","slug":"passerelle-hydraulique-smeraldo-200-x-43cm-12v","status":"publish","type":"product","link":"https:\/\/stoic-curie.212-227-153-4.plesk.page\/fr\/product\/passerelle-hydraulique-smeraldo-200-x-43cm-12v\/","title":{"rendered":"Passerelle hydraulique Smeraldo 200 x 43cm 12v"},"content":{"rendered":"<p>Passerelle hydraulique Smeraldo 200 x 43cm 12v &#8211; <\/p>\n<p>Ponton t\u00e9lescopique hydraulique avec structure tubulaire en acier inoxydable 316L poli miroir de section circulaire. Dessus en teck antid\u00e9rapant avec \u00e9clairage LED pour la marche. Complet avec unit\u00e9 de contr\u00f4le hydraulique de 800W et tuyaux de 3\/8 pour un syst\u00e8me de 3,5 m\u00e8tres. Peut \u00eatre utilis\u00e9 avec une t\u00e9l\u00e9commande et une unit\u00e9 de contr\u00f4le \u00e9lectronique c\u00e2bl\u00e9e \u00e0 10 canaux ou avec un panneau de contr\u00f4le mural de 127 x 87 mm. \u00c9galement adapt\u00e9 pour soulever des annexes jusqu&#8217;\u00e0 120 kg.<\/p>\n<p style=\"color: rgb(34, 34, 34); font-family: Arial, Helvetica, sans-serif; font-size: small;\"><strong>Ponton hydraulique Smeraldo 200 x 43cm 12V<\/strong><\/p>\n<p style=\"color: rgb(34, 34, 34); font-family: Arial, Helvetica, sans-serif; font-size: small;\">Nous sommes heureux de vous pr\u00e9senter notre ponton hydraulique t\u00e9lescopique, soigneusement con\u00e7u avec une structure circulaire en acier inoxydable AISI 316 avec une finition polie. Ce ponton comprend des rampes \u00e9quip\u00e9es d&#8217;un m\u00e9canisme de descente automatique, facilitant des transitions fluides entre les configurations droite et gauche, et est compl\u00e9t\u00e9 par un robuste plancher en teck.<\/p>\n<p style=\"color: rgb(34, 34, 34); font-family: Arial, Helvetica, sans-serif; font-size: small;\">Le syst\u00e8me hydraulique fonctionne avec des vannes \u00e9lectriques et est compatible avec une alimentation de 12\/24V, comme indiqu\u00e9 lors du processus de commande. Pour votre commodit\u00e9, il est fourni avec un panneau de contr\u00f4le mural et une t\u00e9l\u00e9commande compacte. Vous avez \u00e9galement la possibilit\u00e9 de choisir une plaque frontale standard ou personnalis\u00e9e pour correspondre \u00e0 vos pr\u00e9f\u00e9rences.<\/p>\n<p style=\"color: rgb(34, 34, 34); font-family: Arial, Helvetica, sans-serif; font-size: small;\"><strong>Fonctionnalit\u00e9s optionnelles :<\/strong><\/p>\n<ul style=\"color: rgb(34, 34, 34); font-family: Arial, Helvetica, sans-serif; font-size: small;\">\n<li>Pompe manuelle<\/li>\n<li>T\u00e9l\u00e9commande portable suppl\u00e9mentaire<\/li>\n<li>Structure m\u00e9tallique peinte en blanc RAL 9010<\/li>\n<li>Plancher en contreplaqu\u00e9 peint<\/li>\n<li>\u00c9clairages de guidage longitudinaux<\/li>\n<li>Kit de cordage nautique<\/li>\n<li>Plaque de fixation en m\u00e9tal<\/li>\n<\/ul>\n<p style=\"color: rgb(34, 34, 34); font-family: Arial, Helvetica, sans-serif; font-size: small;\"><strong>Sp\u00e9cifications :<\/strong><\/p>\n<ul style=\"color: rgb(34, 34, 34); font-family: Arial, Helvetica, sans-serif; font-size: small;\">\n<li><strong>Domaine d&#8217;application :<\/strong> Con\u00e7u pour les yachts<\/li>\n<li><strong>Type :<\/strong> T\u00e9lescopique<\/li>\n<li><strong>Op\u00e9ration :<\/strong> Hydraulique<\/li>\n<li><strong>Mat\u00e9riaux structuraux :<\/strong> Acier inoxydable<\/li>\n<li><strong>Mat\u00e9riau de surface :<\/strong> Teck<\/li>\n<li><strong>Fonctionnalit\u00e9s suppl\u00e9mentaires :<\/strong> Comprend des mains courantes<\/li>\n<\/ul>\n<p style=\"color: rgb(34, 34, 34); font-family: Arial, Helvetica, sans-serif; font-size: small;\"><strong>Options de longueur maximale :<\/strong><\/p>\n<ul style=\"color: rgb(34, 34, 34); font-family: Arial, Helvetica, sans-serif; font-size: small;\">\n<li>2 m (6&#8217;06&#8221;)<\/li>\n<li>2.3 m (7&#8217;06&#8221;)<\/li>\n<li>2.7 m (8&#8217;10&#8221;)<\/li>\n<li>3 m (9&#8217;10&#8221;)<\/li>\n<\/ul>\n<p style=\"color: rgb(34, 34, 34); font-family: Arial, Helvetica, sans-serif; font-size: small;\"><strong>Capacit\u00e9 de charge maximale :<\/strong><\/p>\n<ul style=\"color: rgb(34, 34, 34); font-family: Arial, Helvetica, sans-serif; font-size: small;\">\n<li>150 kg (331 lb)<\/li>\n<li>200 kg (441 lb)<\/li>\n<\/ul>\n<p style=\"color: rgb(34, 34, 34); font-family: Arial, Helvetica, sans-serif; font-size: small;\">Ce ponton hydraulique t\u00e9lescopique allie fonctionnalit\u00e9 et \u00e9l\u00e9gance, en faisant un ajout indispensable \u00e0 votre exp\u00e9rience de navigation.<\/p>\n","protected":false},"excerpt":{"rendered":"<p>Passerelle hydraulique Smeraldo 200 x 43cm 12v &#8211; Ponton t\u00e9lescopique hydraulique avec structure tubulaire en acier inoxydable 316L poli miroir<\/p>\n","protected":false},"featured_media":5948965,"comment_status":"open","ping_status":"closed","template":"","meta":[],"product_brand":[3489],"product_cat":[1038],"product_tag":[],"class_list":{"0":"post-732207","1":"product","2":"type-product","3":"status-publish","4":"has-post-thumbnail","6":"product_brand-trem-fr","7":"product_cat-passerelles","9":"first","10":"instock","11":"shipping-taxable","12":"purchasable","13":"product-type-simple"},"_links":{"self":[{"href":"https:\/\/stoic-curie.212-227-153-4.plesk.page\/fr\/wp-json\/wp\/v2\/product\/732207","targetHints":{"allow":["GET"]}}],"collection":[{"href":"https:\/\/stoic-curie.212-227-153-4.plesk.page\/fr\/wp-json\/wp\/v2\/product"}],"about":[{"href":"https:\/\/stoic-curie.212-227-153-4.plesk.page\/fr\/wp-json\/wp\/v2\/types\/product"}],"replies":[{"embeddable":true,"href":"https:\/\/stoic-curie.212-227-153-4.plesk.page\/fr\/wp-json\/wp\/v2\/comments?post=732207"}],"version-history":[{"count":0,"href":"https:\/\/stoic-curie.212-227-153-4.plesk.page\/fr\/wp-json\/wp\/v2\/product\/732207\/revisions"}],"wp:featuredmedia":[{"embeddable":true,"href":"https:\/\/stoic-curie.212-227-153-4.plesk.page\/fr\/wp-json\/wp\/v2\/media\/5948965"}],"wp:attachment":[{"href":"https:\/\/stoic-curie.212-227-153-4.plesk.page\/fr\/wp-json\/wp\/v2\/media?parent=732207"}],"wp:term":[{"taxonomy":"product_brand","embeddable":true,"href":"https:\/\/stoic-curie.212-227-153-4.plesk.page\/fr\/wp-json\/wp\/v2\/product_brand?post=732207"},{"taxonomy":"product_cat","embeddable":true,"href":"https:\/\/stoic-curie.212-227-153-4.plesk.page\/fr\/wp-json\/wp\/v2\/product_cat?post=732207"},{"taxonomy":"product_tag","embeddable":true,"href":"https:\/\/stoic-curie.212-227-153-4.plesk.page\/fr\/wp-json\/wp\/v2\/product_tag?post=732207"}],"curies":[{"name":"wp","href":"https:\/\/api.w.org\/{rel}","templated":true}]}}