{"id":732208,"date":"2025-03-03T16:14:29","date_gmt":"2025-03-03T15:14:29","guid":{"rendered":"https:\/\/stoic-curie.212-227-153-4.plesk.page\/producto\/passerelle-hydraulique-smeraldo-200-x-43cm-24v\/"},"modified":"2026-02-24T23:08:54","modified_gmt":"2026-02-24T23:08:54","slug":"passerelle-hydraulique-smeraldo-200-x-43cm-24v","status":"publish","type":"product","link":"https:\/\/stoic-curie.212-227-153-4.plesk.page\/fr\/product\/passerelle-hydraulique-smeraldo-200-x-43cm-24v\/","title":{"rendered":"Passerelle hydraulique Smeraldo 200 x 43cm 24v"},"content":{"rendered":"<p>Passerelle hydraulique Smeraldo 200 x 43cm 24v &#8211; <\/p>\n<p>Ponton t\u00e9lescopique hydraulique avec une structure tubulaire circulaire en inox 316L poli miroir. Plateau en teck antid\u00e9rapant avec lumi\u00e8res LED. Complet avec unit\u00e9 de contr\u00f4le hydraulique de 800 W et tuyaux de 3\/8 pour 3,5 m\u00e8tres de syst\u00e8me. Il peut \u00eatre actionn\u00e9 par une t\u00e9l\u00e9commande et une unit\u00e9 de contr\u00f4le \u00e9lectronique filaire \u00e0 10 canaux ou avec un panneau de contr\u00f4le mural de 127 x 87 mm. \u00c9galement adapt\u00e9 pour soulever des annexes jusqu&#8217;\u00e0 120 kg.<\/p>\n<p><\/p>\n<p style=\"color: rgb(34, 34, 34); font-family: Arial, Helvetica, sans-serif; font-size: small;\">Ponton hydraulique Smeraldo 200 x 43 cm 24v : D\u00e9couvrez notre ponton hydraulique t\u00e9lescopique, soigneusement con\u00e7u avec une structure circulaire en acier inoxydable AISI 316, arborant une finition brillante et \u00e9l\u00e9gante. Ce ponton est \u00e9quip\u00e9 de rampes comprenant un dispositif d&#8217;abaissement automatique, permettant un \u00e9change facile entre les configurations \u00e0 droite et \u00e0 gauche, compl\u00e9t\u00e9 par un plancher durable en teck.<\/p>\n<p style=\"color: rgb(34, 34, 34); font-family: Arial, Helvetica, sans-serif; font-size: small;\">L&#8217;unit\u00e9 hydraulique fonctionne avec des vannes \u00e9lectriques et est compatible avec une alimentation de 12\/24 V, comme sp\u00e9cifi\u00e9 lors du processus de commande. Il est fourni avec un panneau de contr\u00f4le mural et une t\u00e9l\u00e9commande compacte pour plus de confort. Vous pouvez choisir entre une plaque frontale standard ou personnalis\u00e9e selon vos pr\u00e9f\u00e9rences.<\/p>\n<p style=\"color: rgb(34, 34, 34); font-family: Arial, Helvetica, sans-serif; font-size: small;\"><strong>Caract\u00e9ristiques optionnelles :<\/strong><\/p>\n<ul style=\"color: rgb(34, 34, 34); font-family: Arial, Helvetica, sans-serif; font-size: small;\">\n<li>Pompe \u00e0 main<\/li>\n<li>T\u00e9l\u00e9commande suppl\u00e9mentaire de poche<\/li>\n<li>Structure m\u00e9tallique peinte en RAL 9010 blanc<\/li>\n<li>Plancher en contreplaqu\u00e9 peint<\/li>\n<li>Lampe de guidage longitudinale<\/li>\n<li>Kit de cordage nautique<\/li>\n<li>Plaque de fixation m\u00e9tallique<\/li>\n<\/ul>\n<p style=\"color: rgb(34, 34, 34); font-family: Arial, Helvetica, sans-serif; font-size: small;\"><strong>Sp\u00e9cifications :<\/strong><\/p>\n<ul style=\"color: rgb(34, 34, 34); font-family: Arial, Helvetica, sans-serif; font-size: small;\">\n<li><strong>Domaine d&#8217;application :<\/strong> Con\u00e7u pour les yachts<\/li>\n<li><strong>Type :<\/strong> T\u00e9lescopique<\/li>\n<li><strong>Fonctionnement :<\/strong> Hydraulique<\/li>\n<li><strong>Mat\u00e9riaux Structurels :<\/strong> Acier inoxydable<\/li>\n<li><strong>Mat\u00e9riau de Surface :<\/strong> Teck<\/li>\n<li><strong>Caract\u00e9ristiques Suppl\u00e9mentaires :<\/strong> Comprend des rampes<\/li>\n<\/ul>\n<p style=\"color: rgb(34, 34, 34); font-family: Arial, Helvetica, sans-serif; font-size: small;\"><strong>Options de Longueur Maximale :<\/strong><\/p>\n<ul style=\"color: rgb(34, 34, 34); font-family: Arial, Helvetica, sans-serif; font-size: small;\">\n<li>2 m (6&#8217;06&#8221;)<\/li>\n<li>2,3 m (7&#8217;06&#8221;)<\/li>\n<li>2,7 m (8&#8217;10&#8221;)<\/li>\n<li>3 m (9&#8217;10&#8221;)<\/li>\n<\/ul>\n<p style=\"color: rgb(34, 34, 34); font-family: Arial, Helvetica, sans-serif; font-size: small;\"><strong>Capacit\u00e9 de Charge Maximale :<\/strong><\/p>\n<ul style=\"color: rgb(34, 34, 34); font-family: Arial, Helvetica, sans-serif; font-size: small;\">\n<li>150 kg (331 lb)<\/li>\n<li>200 kg (441 lb)<\/li>\n<\/ul>\n<p style=\"color: rgb(34, 34, 34); font-family: Arial, Helvetica, sans-serif; font-size: small;\">Ce ponton hydraulique t\u00e9lescopique allie fonctionnalit\u00e9 et \u00e9l\u00e9gance, en faisant un ajout essentiel \u00e0 votre exp\u00e9rience nautique.<\/p>\n","protected":false},"excerpt":{"rendered":"<p>Passerelle hydraulique Smeraldo 200 x 43cm 24v &#8211; Ponton t\u00e9lescopique hydraulique avec une structure tubulaire circulaire en inox 316L poli<\/p>\n","protected":false},"featured_media":5948965,"comment_status":"open","ping_status":"closed","template":"","meta":[],"product_brand":[3489],"product_cat":[1038],"product_tag":[],"class_list":{"0":"post-732208","1":"product","2":"type-product","3":"status-publish","4":"has-post-thumbnail","6":"product_brand-trem-fr","7":"product_cat-passerelles","9":"first","10":"outofstock","11":"shipping-taxable","12":"purchasable","13":"product-type-simple"},"_links":{"self":[{"href":"https:\/\/stoic-curie.212-227-153-4.plesk.page\/fr\/wp-json\/wp\/v2\/product\/732208","targetHints":{"allow":["GET"]}}],"collection":[{"href":"https:\/\/stoic-curie.212-227-153-4.plesk.page\/fr\/wp-json\/wp\/v2\/product"}],"about":[{"href":"https:\/\/stoic-curie.212-227-153-4.plesk.page\/fr\/wp-json\/wp\/v2\/types\/product"}],"replies":[{"embeddable":true,"href":"https:\/\/stoic-curie.212-227-153-4.plesk.page\/fr\/wp-json\/wp\/v2\/comments?post=732208"}],"version-history":[{"count":0,"href":"https:\/\/stoic-curie.212-227-153-4.plesk.page\/fr\/wp-json\/wp\/v2\/product\/732208\/revisions"}],"wp:featuredmedia":[{"embeddable":true,"href":"https:\/\/stoic-curie.212-227-153-4.plesk.page\/fr\/wp-json\/wp\/v2\/media\/5948965"}],"wp:attachment":[{"href":"https:\/\/stoic-curie.212-227-153-4.plesk.page\/fr\/wp-json\/wp\/v2\/media?parent=732208"}],"wp:term":[{"taxonomy":"product_brand","embeddable":true,"href":"https:\/\/stoic-curie.212-227-153-4.plesk.page\/fr\/wp-json\/wp\/v2\/product_brand?post=732208"},{"taxonomy":"product_cat","embeddable":true,"href":"https:\/\/stoic-curie.212-227-153-4.plesk.page\/fr\/wp-json\/wp\/v2\/product_cat?post=732208"},{"taxonomy":"product_tag","embeddable":true,"href":"https:\/\/stoic-curie.212-227-153-4.plesk.page\/fr\/wp-json\/wp\/v2\/product_tag?post=732208"}],"curies":[{"name":"wp","href":"https:\/\/api.w.org\/{rel}","templated":true}]}}