{"id":732209,"date":"2025-03-03T16:14:29","date_gmt":"2025-03-03T15:14:29","guid":{"rendered":"https:\/\/stoic-curie.212-227-153-4.plesk.page\/producto\/passerelle-hydraulique-smeraldo-230-x-43cm-12v\/"},"modified":"2026-02-24T23:08:54","modified_gmt":"2026-02-24T23:08:54","slug":"passerelle-hydraulique-smeraldo-230-x-43cm-12v","status":"publish","type":"product","link":"https:\/\/stoic-curie.212-227-153-4.plesk.page\/fr\/product\/passerelle-hydraulique-smeraldo-230-x-43cm-12v\/","title":{"rendered":"Passerelle hydraulique Smeraldo 230 x 43cm 12v"},"content":{"rendered":"<p>Passerelle hydraulique Smeraldo 230 x 43cm 12v &#8211; <\/p>\n<p>Passerelle t\u00e9lescopique hydraulique avec structure tubulaire en acier inoxydable 316L poli miroir. Surface en teck antid\u00e9rapante avec \u00e9clairage LED. Fourni avec une unit\u00e9 de contr\u00f4le hydraulique de 800W et des tuyaux de 3\/8 pour un syst\u00e8me de 3,5 m\u00e8tres. Peut \u00eatre utilis\u00e9 avec une t\u00e9l\u00e9commande et une unit\u00e9 de contr\u00f4le \u00e9lectronique filaire \u00e0 10 canaux ou avec un panneau de contr\u00f4le mural de 127 x 87 mm. \u00c9galement adapt\u00e9 pour soulever des annexes jusqu&#8217;\u00e0 120 kg.<\/p>\n<p style=\"color: rgb(34, 34, 34); font-family: Arial, Helvetica, sans-serif; font-size: small;\">Passerelle hydraulique Smeraldo 230 x 43 cm 12v<\/p>\n<p style=\"color: rgb(34, 34, 34); font-family: Arial, Helvetica, sans-serif; font-size: small;\">Nous vous pr\u00e9sentons la Passerelle Hydraulique Smeraldo, un ajout sophistiqu\u00e9 et hautement fonctionnel \u00e0 votre exp\u00e9rience nautique. Cette passerelle hydraulique t\u00e9lescopique est soigneusement con\u00e7ue avec une structure circulaire en acier inoxydable AISI 316. Ce choix de mat\u00e9riau garantit non seulement une durabilit\u00e9 exceptionnelle, mais aussi une r\u00e9sistance remarquable \u00e0 la corrosion, ce qui en fait une option id\u00e9ale pour les environnements marins o\u00f9 l&#8217;exposition \u00e0 l&#8217;eau sal\u00e9e et \u00e0 des conditions m\u00e9t\u00e9orologiques difficiles est une pr\u00e9occupation. La finition brillante de la passerelle am\u00e9liore non seulement son attrait esth\u00e9tique, mais s&#8217;assure \u00e9galement qu&#8217;elle compl\u00e8te l&#8217;apparence g\u00e9n\u00e9rale de votre embarcation, ajoutant une touche d&#8217;\u00e9l\u00e9gance.<\/p>\n<p style=\"color: rgb(34, 34, 34); font-family: Arial, Helvetica, sans-serif; font-size: small;\">En termes de fonctionnalit\u00e9, la passerelle est \u00e9quip\u00e9e de rampes munies d&#8217;un dispositif d&#8217;abaissement automatique innovant. Cela permet une interchangeabilit\u00e9 transparente entre les configurations droite et gauche, vous offrant flexibilit\u00e9 et facilit\u00e9 d&#8217;utilisation. Le plancher en teck ajoute une touche classique au design tout en garantissant une surface antid\u00e9rapante, ce qui est crucial pour la s\u00e9curit\u00e9 lors de l&#8217;embarquement ou du d\u00e9barquement.<\/p>\n<p style=\"color: rgb(34, 34, 34); font-family: Arial, Helvetica, sans-serif; font-size: small;\">L&#8217;unit\u00e9 hydraulique est con\u00e7ue pour fonctionner efficacement avec des vannes \u00e9lectriques et est compatible avec une alimentation de 12V, comme sp\u00e9cifi\u00e9 lors du processus de commande. Pour votre confort, un panneau de contr\u00f4le mural est inclus, ainsi qu&#8217;une t\u00e9l\u00e9commande de poche, permettant une utilisation sans effort depuis divers emplacements sur votre embarcation. Cette combinaison de style, de s\u00e9curit\u00e9 et de commodit\u00e9 fait de la Passerelle Hydraulique Smeraldo un accessoire essentiel pour tout propri\u00e9taire de bateau.<\/p>\n","protected":false},"excerpt":{"rendered":"<p>Passerelle hydraulique Smeraldo 230 x 43cm 12v &#8211; Passerelle t\u00e9lescopique hydraulique avec structure tubulaire en acier inoxydable 316L poli miroir.<\/p>\n","protected":false},"featured_media":5948965,"comment_status":"open","ping_status":"closed","template":"","meta":[],"product_brand":[3489],"product_cat":[1038],"product_tag":[],"class_list":{"0":"post-732209","1":"product","2":"type-product","3":"status-publish","4":"has-post-thumbnail","6":"product_brand-trem-fr","7":"product_cat-passerelles","9":"first","10":"instock","11":"shipping-taxable","12":"purchasable","13":"product-type-simple"},"_links":{"self":[{"href":"https:\/\/stoic-curie.212-227-153-4.plesk.page\/fr\/wp-json\/wp\/v2\/product\/732209","targetHints":{"allow":["GET"]}}],"collection":[{"href":"https:\/\/stoic-curie.212-227-153-4.plesk.page\/fr\/wp-json\/wp\/v2\/product"}],"about":[{"href":"https:\/\/stoic-curie.212-227-153-4.plesk.page\/fr\/wp-json\/wp\/v2\/types\/product"}],"replies":[{"embeddable":true,"href":"https:\/\/stoic-curie.212-227-153-4.plesk.page\/fr\/wp-json\/wp\/v2\/comments?post=732209"}],"version-history":[{"count":0,"href":"https:\/\/stoic-curie.212-227-153-4.plesk.page\/fr\/wp-json\/wp\/v2\/product\/732209\/revisions"}],"wp:featuredmedia":[{"embeddable":true,"href":"https:\/\/stoic-curie.212-227-153-4.plesk.page\/fr\/wp-json\/wp\/v2\/media\/5948965"}],"wp:attachment":[{"href":"https:\/\/stoic-curie.212-227-153-4.plesk.page\/fr\/wp-json\/wp\/v2\/media?parent=732209"}],"wp:term":[{"taxonomy":"product_brand","embeddable":true,"href":"https:\/\/stoic-curie.212-227-153-4.plesk.page\/fr\/wp-json\/wp\/v2\/product_brand?post=732209"},{"taxonomy":"product_cat","embeddable":true,"href":"https:\/\/stoic-curie.212-227-153-4.plesk.page\/fr\/wp-json\/wp\/v2\/product_cat?post=732209"},{"taxonomy":"product_tag","embeddable":true,"href":"https:\/\/stoic-curie.212-227-153-4.plesk.page\/fr\/wp-json\/wp\/v2\/product_tag?post=732209"}],"curies":[{"name":"wp","href":"https:\/\/api.w.org\/{rel}","templated":true}]}}