{"id":732210,"date":"2025-03-03T16:14:29","date_gmt":"2025-03-03T15:14:29","guid":{"rendered":"https:\/\/stoic-curie.212-227-153-4.plesk.page\/producto\/passerelle-hydraulique-smeraldo-230-x-43cm-24v\/"},"modified":"2026-02-24T23:08:54","modified_gmt":"2026-02-24T23:08:54","slug":"passerelle-hydraulique-smeraldo-230-x-43cm-24v","status":"publish","type":"product","link":"https:\/\/stoic-curie.212-227-153-4.plesk.page\/fr\/product\/passerelle-hydraulique-smeraldo-230-x-43cm-24v\/","title":{"rendered":"Passerelle hydraulique Smeraldo 230 x 43cm 24v"},"content":{"rendered":"<p>Passerelle hydraulique Smeraldo 230 x 43cm 24v &#8211; <\/p>\n<p>Ponton t\u00e9lescopique hydraulique avec une structure tubulaire circulaire en acier inoxydable 316L poli miroir. Dessus en teck antid\u00e9rapant avec \u00e9clairage LED. Complet avec unit\u00e9 de contr\u00f4le hydraulique de 800W et tuyaux de 3\/8 pour un syst\u00e8me de 3,5 m\u00e8tres. Peut \u00eatre contr\u00f4l\u00e9 \u00e0 distance avec une t\u00e9l\u00e9commande ou une unit\u00e9 de contr\u00f4le \u00e9lectronique c\u00e2bl\u00e9e \u00e0 10 canaux, ou avec un panneau de contr\u00f4le mural de 127 x 87 mm. \u00c9galement adapt\u00e9 pour soulever les annexes jusqu&#8217;\u00e0 120 kg.<\/p>\n<p style=\"color: rgb(34, 34, 34); font-family: Arial, Helvetica, sans-serif; font-size: small;\"><strong>Ponton hydraulique Smeraldo 230 x 43cm 24 Volts<\/strong><\/p>\n<p style=\"color: rgb(34, 34, 34); font-family: Arial, Helvetica, sans-serif; font-size: small;\">Nous sommes ravis de vous pr\u00e9senter le Ponton Hydraulique Smeraldo, une am\u00e9lioration sophistiqu\u00e9e et hautement fonctionnelle con\u00e7ue pour \u00e9lever votre exp\u00e9rience de navigation \u00e0 de nouveaux sommets. Ce ponton hydraulique t\u00e9lescopique pr\u00e9sente un design circulaire qui a \u00e9t\u00e9 m\u00e9ticuleusement construit en acier inoxydable AISI 316, un mat\u00e9riau reconnu pour son exceptionnelle durabilit\u00e9 et sa r\u00e9sistance \u00e0 la corrosion. Cela en fait un choix id\u00e9al pour les environnements marins, o\u00f9 l&#8217;exposition \u00e0 l&#8217;eau sal\u00e9e et aux conditions climatiques difficiles peut poser des d\u00e9fis importants. La finition brillante du ponton am\u00e9liore non seulement son attrait esth\u00e9tique, mais garantit \u00e9galement qu&#8217;il compl\u00e8te parfaitement l&#8217;apparence g\u00e9n\u00e9rale de votre bateau, ajoutant une touche d&#8217;\u00e9l\u00e9gance et de sophistication que les propri\u00e9taires de bateaux exigeants appr\u00e9cieront.<\/p>\n<p style=\"color: rgb(34, 34, 34); font-family: Arial, Helvetica, sans-serif; font-size: small;\">En termes de fonctionnalit\u00e9, le ponton Smeraldo est \u00e9quip\u00e9 de garde-corps avec un dispositif d&#8217;abaissement automatique innovant. Cette fonctionnalit\u00e9 avanc\u00e9e permet un passage facile entre les configurations droite et gauche, vous offrant la flexibilit\u00e9 et la commodit\u00e9 n\u00e9cessaires pour diff\u00e9rentes situations d&#8217;amarrage. Le plancher en teck ajoute un \u00e9l\u00e9ment classique et intemporel au design tout en assurant une surface antid\u00e9rapante, essentielle pour la s\u00e9curit\u00e9 lors de l&#8217;embarquement ou du d\u00e9barquement de votre bateau. Cette consid\u00e9ration de conception r\u00e9fl\u00e9chie priorise la s\u00e9curit\u00e9 de vous et de vos invit\u00e9s, faisant du ponton non seulement un ajout \u00e9l\u00e9gant, mais aussi pratique.<\/p>\n<p style=\"color: rgb(34, 34, 34); font-family: Arial, Helvetica, sans-serif; font-size: small;\">L&#8217;unit\u00e9 hydraulique fonctionne efficacement avec des vannes \u00e9lectriques et est sp\u00e9cifiquement con\u00e7ue pour \u00eatre compatible avec une alimentation de 24V, comme sp\u00e9cifi\u00e9 lors du processus de commande. Cela garantit que le ponton fonctionne de mani\u00e8re fluide et fiable, vous offrant une tranquillit\u00e9 d&#8217;esprit pendant que vous profitez de votre temps sur l&#8217;eau. Pour votre commodit\u00e9, un panneau de contr\u00f4le mural est inclus, ainsi qu&#8217;une t\u00e9l\u00e9commande compacte, permettant une op\u00e9ration sans effort depuis diff\u00e9rents endroits de votre bateau. Cette combinaison de style, de s\u00e9curit\u00e9 et de commodit\u00e9 fait du Ponton Hydraulique Smeraldo un accessoire indispensable pour tout propri\u00e9taire de bateau qui appr\u00e9cie \u00e0 la fois fonctionnalit\u00e9 et esth\u00e9tique.<\/p>\n<p style=\"color: rgb(34, 34, 34); font-family: Arial, Helvetica, sans-serif; font-size: small;\">En r\u00e9sum\u00e9, le Ponton Hydraulique Smeraldo n&#8217;est pas qu&#8217;un simple accessoire ; c&#8217;est une am\u00e9lioration essentielle qui contribue au plaisir g\u00e9n\u00e9ral et \u00e0 la fonctionnalit\u00e9 de votre exp\u00e9rience de navigation. Gr\u00e2ce \u00e0 sa construction robuste, son design \u00e9l\u00e9gant et ses caract\u00e9ristiques conviviales, il se distingue comme un choix de premier plan pour ceux qui recherchent qualit\u00e9 et fiabilit\u00e9 dans leur \u00e9quipement de bateau. Que vous soyez un marin chevronn\u00e9 ou un nouveau propri\u00e9taire de bateau, investir dans le Ponton Hydraulique Smeraldo am\u00e9liorera sans aucun doute votre temps pass\u00e9 sur l&#8217;eau, rendant l&#8217;exp\u00e9rience plus s\u00fbre et agr\u00e9able pour tous.<\/p>\n","protected":false},"excerpt":{"rendered":"<p>Passerelle hydraulique Smeraldo 230 x 43cm 24v &#8211; Ponton t\u00e9lescopique hydraulique avec une structure tubulaire circulaire en acier inoxydable 316L<\/p>\n","protected":false},"featured_media":5948965,"comment_status":"open","ping_status":"closed","template":"","meta":[],"product_brand":[3489],"product_cat":[1038],"product_tag":[],"class_list":{"0":"post-732210","1":"product","2":"type-product","3":"status-publish","4":"has-post-thumbnail","6":"product_brand-trem-fr","7":"product_cat-passerelles","9":"first","10":"outofstock","11":"shipping-taxable","12":"purchasable","13":"product-type-simple"},"_links":{"self":[{"href":"https:\/\/stoic-curie.212-227-153-4.plesk.page\/fr\/wp-json\/wp\/v2\/product\/732210","targetHints":{"allow":["GET"]}}],"collection":[{"href":"https:\/\/stoic-curie.212-227-153-4.plesk.page\/fr\/wp-json\/wp\/v2\/product"}],"about":[{"href":"https:\/\/stoic-curie.212-227-153-4.plesk.page\/fr\/wp-json\/wp\/v2\/types\/product"}],"replies":[{"embeddable":true,"href":"https:\/\/stoic-curie.212-227-153-4.plesk.page\/fr\/wp-json\/wp\/v2\/comments?post=732210"}],"version-history":[{"count":0,"href":"https:\/\/stoic-curie.212-227-153-4.plesk.page\/fr\/wp-json\/wp\/v2\/product\/732210\/revisions"}],"wp:featuredmedia":[{"embeddable":true,"href":"https:\/\/stoic-curie.212-227-153-4.plesk.page\/fr\/wp-json\/wp\/v2\/media\/5948965"}],"wp:attachment":[{"href":"https:\/\/stoic-curie.212-227-153-4.plesk.page\/fr\/wp-json\/wp\/v2\/media?parent=732210"}],"wp:term":[{"taxonomy":"product_brand","embeddable":true,"href":"https:\/\/stoic-curie.212-227-153-4.plesk.page\/fr\/wp-json\/wp\/v2\/product_brand?post=732210"},{"taxonomy":"product_cat","embeddable":true,"href":"https:\/\/stoic-curie.212-227-153-4.plesk.page\/fr\/wp-json\/wp\/v2\/product_cat?post=732210"},{"taxonomy":"product_tag","embeddable":true,"href":"https:\/\/stoic-curie.212-227-153-4.plesk.page\/fr\/wp-json\/wp\/v2\/product_tag?post=732210"}],"curies":[{"name":"wp","href":"https:\/\/api.w.org\/{rel}","templated":true}]}}