{"id":732211,"date":"2025-03-03T16:14:30","date_gmt":"2025-03-03T15:14:30","guid":{"rendered":"https:\/\/stoic-curie.212-227-153-4.plesk.page\/producto\/passerelle-hydraulique-smeraldo-270-x-43cm-12v\/"},"modified":"2026-02-24T23:08:54","modified_gmt":"2026-02-24T23:08:54","slug":"passerelle-hydraulique-smeraldo-270-x-43cm-12v","status":"publish","type":"product","link":"https:\/\/stoic-curie.212-227-153-4.plesk.page\/fr\/product\/passerelle-hydraulique-smeraldo-270-x-43cm-12v\/","title":{"rendered":"Passerelle hydraulique Smeraldo 270 x 43cm 12v"},"content":{"rendered":"<p>Passerelle hydraulique Smeraldo 270 x 43cm 12v &#8211; <\/p>\n<p>Passerelle t\u00e9lescopique hydraulique avec une structure tubulaire en acier inoxydable 316L poli miroir de section circulaire. Dessus en teck antid\u00e9rapant avec lumi\u00e8res LED de marche. Compl\u00e8te avec une unit\u00e9 de contr\u00f4le hydraulique de 800 W et des tuyaux de 3\/8 pour un syst\u00e8me de 3,5 m\u00e8tres. Peut \u00eatre op\u00e9r\u00e9e avec une t\u00e9l\u00e9commande et une unit\u00e9 de contr\u00f4le \u00e9lectronique c\u00e2bl\u00e9e \u00e0 10 canaux ou avec un panneau de contr\u00f4le mural de 127 x 87 mm. \u00c9galement adapt\u00e9e pour soulever des annexes jusqu&#8217;\u00e0 120 kg.<\/p>\n<p style=\"color: rgb(34, 34, 34); font-family: Arial, Helvetica, sans-serif; font-size: small;\"><strong>Passerelle hydraulique Smeraldo<\/strong><\/p>\n<p style=\"color: rgb(34, 34, 34); font-family: Arial, Helvetica, sans-serif; font-size: small;\">Nous sommes ravis de vous pr\u00e9senter la Passerelle Hydraulique Smeraldo, une solution hydraulique t\u00e9lescopique innovante mesurant une impressionnante 270 x 43 cm et fonctionnant sur un syst\u00e8me robuste de 12V. Cette passerelle exceptionnelle est con\u00e7ue avec une configuration circulaire et est fabriqu\u00e9e m\u00e9ticuleusement \u00e0 partir d&#8217;acier inoxydable AISI 316 de haute qualit\u00e9. Ce mat\u00e9riau de premier ordre est reconnu pour sa durabilit\u00e9 exceptionnelle et sa r\u00e9sistance remarquable \u00e0 la corrosion, ce qui en fait un choix id\u00e9al pour les conditions difficiles souvent rencontr\u00e9es dans les environnements marins. La finition \u00e9l\u00e9gante et brillante de la passerelle am\u00e9liore non seulement son attrait visuel, mais garantit \u00e9galement qu&#8217;elle s&#8217;harmonise parfaitement avec l&#8217;esth\u00e9tique globale de votre embarcation, ajoutant une touche d&#8217;\u00e9l\u00e9gance \u00e0 votre exp\u00e9rience de navigation.<\/p>\n<p style=\"color: rgb(34, 34, 34); font-family: Arial, Helvetica, sans-serif; font-size: small;\">Parmi les principales caract\u00e9ristiques de la Passerelle Hydraulique Smeraldo, on trouve ses garde-corps, qui sont \u00e9quip\u00e9s d&#8217;un m\u00e9canisme d&#8217;abaissement automatique. Ce design r\u00e9fl\u00e9chi permet une transition fluide entre les configurations droite et gauche, s&#8217;adaptant \u00e0 diverses situations d&#8217;amarrage et pr\u00e9f\u00e9rences d&#8217;utilisateur. Cette flexibilit\u00e9 est particuli\u00e8rement b\u00e9n\u00e9fique pour les propri\u00e9taires de bateaux qui naviguent fr\u00e9quemment dans diff\u00e9rents sc\u00e9narios d&#8217;amarrage. De plus, la passerelle est dot\u00e9e de superbes lames de teck qui non seulement augmentent sa durabilit\u00e9, mais ajoutent \u00e9galement une touche de sophistication et de chaleur \u00e0 son design global, en faisant un ajout \u00e9l\u00e9gant \u00e0 tout bateau.<\/p>\n<p style=\"color: rgb(34, 34, 34); font-family: Arial, Helvetica, sans-serif; font-size: small;\">L&#8217;unit\u00e9 hydraulique de la passerelle est con\u00e7ue pour fonctionner avec des vannes \u00e9lectriques, garantissant des performances fluides et fiables pendant son utilisation. Elle est sp\u00e9cifiquement con\u00e7ue pour \u00eatre compatible avec des sources d&#8217;alimentation de 12V, comme sp\u00e9cifi\u00e9 lors de la commande, vous offrant la flexibilit\u00e9 n\u00e9cessaire pour l&#8217;installation. Pour am\u00e9liorer encore la commodit\u00e9 de l&#8217;utilisateur, un panneau de contr\u00f4le mural est inclus avec la passerelle, permettant une op\u00e9ration facile depuis un emplacement fixe sur votre navire. Cette fonction est particuli\u00e8rement avantageuse pour ceux qui pr\u00e9f\u00e8rent un moyen simple et accessible de contr\u00f4ler la passerelle.<\/p>\n<p style=\"color: rgb(34, 34, 34); font-family: Arial, Helvetica, sans-serif; font-size: small;\">De plus, une t\u00e9l\u00e9commande compacte est \u00e9galement fournie, permettant une op\u00e9ration sans effort \u00e0 distance. Cela signifie que vous pouvez facilement d\u00e9ployer ou r\u00e9tracter la passerelle sans avoir \u00e0 \u00eatre physiquement pr\u00e9sent au panneau de contr\u00f4le, ajoutant une couche suppl\u00e9mentaire de confort pour les propri\u00e9taires de bateaux. La Passerelle Hydraulique Smeraldo 270 x 43 cm 12V n&#8217;est donc pas seulement un accessoire fonctionnel ; c&#8217;est une solution v\u00e9ritablement conviviale qui am\u00e9liore l&#8217;exp\u00e9rience globale de navigation. Avec sa combinaison de mat\u00e9riaux de haute qualit\u00e9, de caract\u00e9ristiques de design r\u00e9fl\u00e9chies et de facilit\u00e9 d&#8217;utilisation, cette passerelle est un excellent investissement pour tout propri\u00e9taire de bateau cherchant \u00e0 am\u00e9liorer l&#8217;accessibilit\u00e9 et la fonctionnalit\u00e9 de son embarcation.<\/p>\n","protected":false},"excerpt":{"rendered":"<p>Passerelle hydraulique Smeraldo 270 x 43cm 12v &#8211; Passerelle t\u00e9lescopique hydraulique avec une structure tubulaire en acier inoxydable 316L poli<\/p>\n","protected":false},"featured_media":5948965,"comment_status":"open","ping_status":"closed","template":"","meta":[],"product_brand":[3489],"product_cat":[1038],"product_tag":[],"class_list":{"0":"post-732211","1":"product","2":"type-product","3":"status-publish","4":"has-post-thumbnail","6":"product_brand-trem-fr","7":"product_cat-passerelles","9":"first","10":"outofstock","11":"shipping-taxable","12":"purchasable","13":"product-type-simple"},"_links":{"self":[{"href":"https:\/\/stoic-curie.212-227-153-4.plesk.page\/fr\/wp-json\/wp\/v2\/product\/732211","targetHints":{"allow":["GET"]}}],"collection":[{"href":"https:\/\/stoic-curie.212-227-153-4.plesk.page\/fr\/wp-json\/wp\/v2\/product"}],"about":[{"href":"https:\/\/stoic-curie.212-227-153-4.plesk.page\/fr\/wp-json\/wp\/v2\/types\/product"}],"replies":[{"embeddable":true,"href":"https:\/\/stoic-curie.212-227-153-4.plesk.page\/fr\/wp-json\/wp\/v2\/comments?post=732211"}],"version-history":[{"count":0,"href":"https:\/\/stoic-curie.212-227-153-4.plesk.page\/fr\/wp-json\/wp\/v2\/product\/732211\/revisions"}],"wp:featuredmedia":[{"embeddable":true,"href":"https:\/\/stoic-curie.212-227-153-4.plesk.page\/fr\/wp-json\/wp\/v2\/media\/5948965"}],"wp:attachment":[{"href":"https:\/\/stoic-curie.212-227-153-4.plesk.page\/fr\/wp-json\/wp\/v2\/media?parent=732211"}],"wp:term":[{"taxonomy":"product_brand","embeddable":true,"href":"https:\/\/stoic-curie.212-227-153-4.plesk.page\/fr\/wp-json\/wp\/v2\/product_brand?post=732211"},{"taxonomy":"product_cat","embeddable":true,"href":"https:\/\/stoic-curie.212-227-153-4.plesk.page\/fr\/wp-json\/wp\/v2\/product_cat?post=732211"},{"taxonomy":"product_tag","embeddable":true,"href":"https:\/\/stoic-curie.212-227-153-4.plesk.page\/fr\/wp-json\/wp\/v2\/product_tag?post=732211"}],"curies":[{"name":"wp","href":"https:\/\/api.w.org\/{rel}","templated":true}]}}