{"id":732212,"date":"2025-03-03T16:14:30","date_gmt":"2025-03-03T15:14:30","guid":{"rendered":"https:\/\/stoic-curie.212-227-153-4.plesk.page\/producto\/passerelle-hydraulique-smeraldo-270-x-43cm-24v\/"},"modified":"2026-02-24T23:08:54","modified_gmt":"2026-02-24T23:08:54","slug":"passerelle-hydraulique-smeraldo-270-x-43cm-24v","status":"publish","type":"product","link":"https:\/\/stoic-curie.212-227-153-4.plesk.page\/fr\/product\/passerelle-hydraulique-smeraldo-270-x-43cm-24v\/","title":{"rendered":"Passerelle hydraulique Smeraldo 270 x 43cm 24v"},"content":{"rendered":"<p>Passerelle hydraulique Smeraldo 270 x 43cm 24v &#8211; <\/p>\n<p>Ponton t\u00e9lescopique hydraulique avec structure tubulaire en acier inoxydable 316L poli miroir de section circulaire. Surface sup\u00e9rieure en teck antid\u00e9rapant avec lumi\u00e8res LED. Complet avec unit\u00e9 de contr\u00f4le hydraulique de 800 W et tuyaux de 3\/8 pour un syst\u00e8me de 3,5 m\u00e8tres. Peut \u00eatre op\u00e9rationnel avec une t\u00e9l\u00e9commande et une unit\u00e9 de contr\u00f4le \u00e9lectronique filaire \u00e0 10 canaux ou avec un panneau de contr\u00f4le mural de 127 x 87 mm. \u00c9galement adapt\u00e9 pour soulever des annexes allant jusqu&#8217;\u00e0 120 kg.\u00a0<\/p>\n<p><strong style=\"color: rgb(34, 34, 34); font-family: Arial, Helvetica, sans-serif; font-size: small;\">Ponton hydraulique Smeraldo<\/strong><\/p>\n<p style=\"color: rgb(34, 34, 34); font-family: Arial, Helvetica, sans-serif; font-size: small;\">Nous sommes heureux de vous pr\u00e9senter le Ponton hydraulique Smeraldo, une solution hydraulique t\u00e9lescopique innovante qui a \u00e9t\u00e9 soigneusement con\u00e7ue avec une structure circulaire, fabriqu\u00e9e avec de l&#8217;acier inoxydable AISI 316 de haute qualit\u00e9. Ce mat\u00e9riau haut de gamme garantit non seulement une durabilit\u00e9 exceptionnelle, mais offre \u00e9galement une r\u00e9sistance \u00e0 la corrosion, ce qui le rend id\u00e9al pour les environnements marins. Le ponton pr\u00e9sente une finition \u00e9l\u00e9gante et brillante qui am\u00e9liore consid\u00e9rablement son attrait esth\u00e9tique, assurant qu&#8217;il compl\u00e8te l&#8217;apparence g\u00e9n\u00e9rale de votre bateau.<\/p>\n<p style=\"color: rgb(34, 34, 34); font-family: Arial, Helvetica, sans-serif; font-size: small;\">Parmi ses principales caract\u00e9ristiques, le ponton est \u00e9quip\u00e9 de gardes-corps incorporant un m\u00e9canisme de descente automatique. Ce design r\u00e9fl\u00e9chi permet une interchangeabilit\u00e9 sans faille entre les configurations droite et gauche, r\u00e9pondant \u00e0 divers sc\u00e9narios d&#8217;amarrage et pr\u00e9f\u00e9rences des utilisateurs. De plus, le ponton est orn\u00e9 de planches de teck \u00e9l\u00e9gantes, qui contribuent non seulement \u00e0 sa durabilit\u00e9, mais ajoutent \u00e9galement une touche de sophistication et de chaleur \u00e0 l&#8217;ensemble du design.<\/p>\n<p style=\"color: rgb(34, 34, 34); font-family: Arial, Helvetica, sans-serif; font-size: small;\">L&#8217;unit\u00e9 hydraulique est con\u00e7ue pour fonctionner avec des vannes \u00e9lectriques, garantissant un fonctionnement fluide et fiable. Elle est compatible avec des alimentations de 12\/24V, comme sp\u00e9cifi\u00e9 lors du processus de commande, offrant ainsi une flexibilit\u00e9 d&#8217;installation. Pour am\u00e9liorer la commodit\u00e9 de l&#8217;utilisateur, un panneau de contr\u00f4le mural est inclus, permettant une utilisation facile depuis un emplacement fixe. De plus, une t\u00e9l\u00e9commande de poche est fournie, offrant une facilit\u00e9 d&#8217;utilisation suppl\u00e9mentaire et permettant un fonctionnement sans effort \u00e0 distance, faisant du Ponton hydraulique Smeraldo une solution vraiment conviviale pour les propri\u00e9taires de bateaux.<\/p>\n","protected":false},"excerpt":{"rendered":"<p>Passerelle hydraulique Smeraldo 270 x 43cm 24v &#8211; Ponton t\u00e9lescopique hydraulique avec structure tubulaire en acier inoxydable 316L poli miroir<\/p>\n","protected":false},"featured_media":5948965,"comment_status":"open","ping_status":"closed","template":"","meta":[],"product_brand":[3489],"product_cat":[1038],"product_tag":[],"class_list":{"0":"post-732212","1":"product","2":"type-product","3":"status-publish","4":"has-post-thumbnail","6":"product_brand-trem-fr","7":"product_cat-passerelles","9":"first","10":"instock","11":"shipping-taxable","12":"purchasable","13":"product-type-simple"},"_links":{"self":[{"href":"https:\/\/stoic-curie.212-227-153-4.plesk.page\/fr\/wp-json\/wp\/v2\/product\/732212","targetHints":{"allow":["GET"]}}],"collection":[{"href":"https:\/\/stoic-curie.212-227-153-4.plesk.page\/fr\/wp-json\/wp\/v2\/product"}],"about":[{"href":"https:\/\/stoic-curie.212-227-153-4.plesk.page\/fr\/wp-json\/wp\/v2\/types\/product"}],"replies":[{"embeddable":true,"href":"https:\/\/stoic-curie.212-227-153-4.plesk.page\/fr\/wp-json\/wp\/v2\/comments?post=732212"}],"version-history":[{"count":0,"href":"https:\/\/stoic-curie.212-227-153-4.plesk.page\/fr\/wp-json\/wp\/v2\/product\/732212\/revisions"}],"wp:featuredmedia":[{"embeddable":true,"href":"https:\/\/stoic-curie.212-227-153-4.plesk.page\/fr\/wp-json\/wp\/v2\/media\/5948965"}],"wp:attachment":[{"href":"https:\/\/stoic-curie.212-227-153-4.plesk.page\/fr\/wp-json\/wp\/v2\/media?parent=732212"}],"wp:term":[{"taxonomy":"product_brand","embeddable":true,"href":"https:\/\/stoic-curie.212-227-153-4.plesk.page\/fr\/wp-json\/wp\/v2\/product_brand?post=732212"},{"taxonomy":"product_cat","embeddable":true,"href":"https:\/\/stoic-curie.212-227-153-4.plesk.page\/fr\/wp-json\/wp\/v2\/product_cat?post=732212"},{"taxonomy":"product_tag","embeddable":true,"href":"https:\/\/stoic-curie.212-227-153-4.plesk.page\/fr\/wp-json\/wp\/v2\/product_tag?post=732212"}],"curies":[{"name":"wp","href":"https:\/\/api.w.org\/{rel}","templated":true}]}}