{"id":732221,"date":"2025-03-03T16:14:31","date_gmt":"2025-03-03T15:14:31","guid":{"rendered":"https:\/\/stoic-curie.212-227-153-4.plesk.page\/producto\/reservoir-deaux-usees-iso-8099-53lt-24v\/"},"modified":"2026-02-24T23:08:54","modified_gmt":"2026-02-24T23:08:54","slug":"reservoir-deaux-usees-iso-8099-53lt-24v","status":"publish","type":"product","link":"https:\/\/stoic-curie.212-227-153-4.plesk.page\/fr\/product\/reservoir-deaux-usees-iso-8099-53lt-24v\/","title":{"rendered":"R\u00e9servoir d`eaux us\u00e9es ISO 8099 53lt 24v"},"content":{"rendered":"<p>R\u00e9servoir d`eaux us\u00e9es ISO 8099 53lt 24v &#8211; <\/p>\n<p>R\u00e9servoir d&#8217;eaux us\u00e9es\/vidanges en poly\u00e9thyl\u00e8ne selon la norme ISO8099 avec pompe broyeuse pour le vidage. Complet avec trappe d&#8217;inspection \u00e0 10 trous, trois connexions filet\u00e9es de 1&#8243;1\/2, une connexion filet\u00e9e de 1\/2&#8243;, tube plongeant, couvercle, deux connexions pivotantes de 38 mm avec \u00e9crou \u00e0 anneau de 1&#8243;1\/2, connecteur de tuyau de 20 mm \u00e0 vis de 1\/2&#8243;, a\u00e9ration de 1&#8243; avec connexion de tuyau de 16\/18 mm, filtre \u00e0 charbon actif avec connexions de 16\/19\/25 mm, capteur de niveau de type VDO \u00e0 trois points presque plein\/plein avec 5 trous et panneau de contr\u00f4le de niveau \u00e0 LED avec c\u00e2ble de 2,4 m. Hauteur de la pompe au-dessus du r\u00e9servoir : 100 mm.<\/p>\n","protected":false},"excerpt":{"rendered":"<p>R\u00e9servoir d`eaux us\u00e9es ISO 8099 53lt 24v &#8211; R\u00e9servoir d&#8217;eaux us\u00e9es\/vidanges en poly\u00e9thyl\u00e8ne selon la norme ISO8099 avec pompe broyeuse<\/p>\n","protected":false},"featured_media":5947401,"comment_status":"open","ping_status":"closed","template":"","meta":[],"product_brand":[3139],"product_cat":[1075],"product_tag":[],"class_list":{"0":"post-732221","1":"product","2":"type-product","3":"status-publish","4":"has-post-thumbnail","6":"product_brand-matromarine-fr","7":"product_cat-reservoirs-deaux-usees","9":"first","10":"instock","11":"shipping-taxable","12":"purchasable","13":"product-type-simple"},"_links":{"self":[{"href":"https:\/\/stoic-curie.212-227-153-4.plesk.page\/fr\/wp-json\/wp\/v2\/product\/732221","targetHints":{"allow":["GET"]}}],"collection":[{"href":"https:\/\/stoic-curie.212-227-153-4.plesk.page\/fr\/wp-json\/wp\/v2\/product"}],"about":[{"href":"https:\/\/stoic-curie.212-227-153-4.plesk.page\/fr\/wp-json\/wp\/v2\/types\/product"}],"replies":[{"embeddable":true,"href":"https:\/\/stoic-curie.212-227-153-4.plesk.page\/fr\/wp-json\/wp\/v2\/comments?post=732221"}],"version-history":[{"count":0,"href":"https:\/\/stoic-curie.212-227-153-4.plesk.page\/fr\/wp-json\/wp\/v2\/product\/732221\/revisions"}],"wp:featuredmedia":[{"embeddable":true,"href":"https:\/\/stoic-curie.212-227-153-4.plesk.page\/fr\/wp-json\/wp\/v2\/media\/5947401"}],"wp:attachment":[{"href":"https:\/\/stoic-curie.212-227-153-4.plesk.page\/fr\/wp-json\/wp\/v2\/media?parent=732221"}],"wp:term":[{"taxonomy":"product_brand","embeddable":true,"href":"https:\/\/stoic-curie.212-227-153-4.plesk.page\/fr\/wp-json\/wp\/v2\/product_brand?post=732221"},{"taxonomy":"product_cat","embeddable":true,"href":"https:\/\/stoic-curie.212-227-153-4.plesk.page\/fr\/wp-json\/wp\/v2\/product_cat?post=732221"},{"taxonomy":"product_tag","embeddable":true,"href":"https:\/\/stoic-curie.212-227-153-4.plesk.page\/fr\/wp-json\/wp\/v2\/product_tag?post=732221"}],"curies":[{"name":"wp","href":"https:\/\/api.w.org\/{rel}","templated":true}]}}