{"id":732222,"date":"2025-03-03T16:14:31","date_gmt":"2025-03-03T15:14:31","guid":{"rendered":"https:\/\/stoic-curie.212-227-153-4.plesk.page\/producto\/johnson-aqua-void-ultima-combo-500gph-12v\/"},"modified":"2026-02-24T23:08:54","modified_gmt":"2026-02-24T23:08:54","slug":"johnson-aqua-void-ultima-combo-500gph-12v","status":"publish","type":"product","link":"https:\/\/stoic-curie.212-227-153-4.plesk.page\/fr\/product\/johnson-aqua-void-ultima-combo-500gph-12v\/","title":{"rendered":"Johnson Aqua Void Ultima Combo 500GPH 12v"},"content":{"rendered":"<p>Johnson Aqua Void Ultima Combo 500GPH 12v &#8211; <\/p>\n<p>Pompe de cale submersible automatique Johnson Aqua Void de qualit\u00e9 sup\u00e9rieure et durable, avec base et t\u00eate d\u00e9tachables pour un nettoyage facile. Comprend un interrupteur \u00e9lectronique Ultima qui active et d\u00e9sactive automatiquement la pompe en pr\u00e9sence d&#8217;eau dans la cale. Avec une \u00e9tanch\u00e9it\u00e9 des fils, des fusibles de rechange et un connecteur Deutsch pour un d\u00e9branchement rapide du secteur lors de la maintenance. Corps thermodurci avec moteur scell\u00e9 refroidi par eau et arbre en acier inoxydable. Port \u00e0 filetage 3\/4 avec raccords de tuyau droit et coud\u00e9 ajustables de 20 mm, comprenant un joint et une vanne de non-retour. Dimensions de la pompe 75 x 168 x H120 mm.<\/p>\n","protected":false},"excerpt":{"rendered":"<p>Johnson Aqua Void Ultima Combo 500GPH 12v &#8211; Pompe de cale submersible automatique Johnson Aqua Void de qualit\u00e9 sup\u00e9rieure et<\/p>\n","protected":false},"featured_media":5948977,"comment_status":"open","ping_status":"closed","template":"","meta":[],"product_brand":[3044],"product_cat":[1085],"product_tag":[],"class_list":{"0":"post-732222","1":"product","2":"type-product","3":"status-publish","4":"has-post-thumbnail","6":"product_brand-johnson-marine-fr","7":"product_cat-pompes-de-cale-electriques","9":"first","10":"instock","11":"shipping-taxable","12":"purchasable","13":"product-type-simple"},"_links":{"self":[{"href":"https:\/\/stoic-curie.212-227-153-4.plesk.page\/fr\/wp-json\/wp\/v2\/product\/732222","targetHints":{"allow":["GET"]}}],"collection":[{"href":"https:\/\/stoic-curie.212-227-153-4.plesk.page\/fr\/wp-json\/wp\/v2\/product"}],"about":[{"href":"https:\/\/stoic-curie.212-227-153-4.plesk.page\/fr\/wp-json\/wp\/v2\/types\/product"}],"replies":[{"embeddable":true,"href":"https:\/\/stoic-curie.212-227-153-4.plesk.page\/fr\/wp-json\/wp\/v2\/comments?post=732222"}],"version-history":[{"count":0,"href":"https:\/\/stoic-curie.212-227-153-4.plesk.page\/fr\/wp-json\/wp\/v2\/product\/732222\/revisions"}],"wp:featuredmedia":[{"embeddable":true,"href":"https:\/\/stoic-curie.212-227-153-4.plesk.page\/fr\/wp-json\/wp\/v2\/media\/5948977"}],"wp:attachment":[{"href":"https:\/\/stoic-curie.212-227-153-4.plesk.page\/fr\/wp-json\/wp\/v2\/media?parent=732222"}],"wp:term":[{"taxonomy":"product_brand","embeddable":true,"href":"https:\/\/stoic-curie.212-227-153-4.plesk.page\/fr\/wp-json\/wp\/v2\/product_brand?post=732222"},{"taxonomy":"product_cat","embeddable":true,"href":"https:\/\/stoic-curie.212-227-153-4.plesk.page\/fr\/wp-json\/wp\/v2\/product_cat?post=732222"},{"taxonomy":"product_tag","embeddable":true,"href":"https:\/\/stoic-curie.212-227-153-4.plesk.page\/fr\/wp-json\/wp\/v2\/product_tag?post=732222"}],"curies":[{"name":"wp","href":"https:\/\/api.w.org\/{rel}","templated":true}]}}