{"id":732224,"date":"2025-03-03T16:14:32","date_gmt":"2025-03-03T15:14:32","guid":{"rendered":"https:\/\/stoic-curie.212-227-153-4.plesk.page\/producto\/compresseur-dair-de-rechange-marco-24v\/"},"modified":"2026-02-24T23:08:54","modified_gmt":"2026-02-24T23:08:54","slug":"compresseur-dair-de-rechange-marco-24v","status":"publish","type":"product","link":"https:\/\/stoic-curie.212-227-153-4.plesk.page\/fr\/product\/compresseur-dair-de-rechange-marco-24v\/","title":{"rendered":"Compresseur d\u2019air Marco M3 24v"},"content":{"rendered":"<p>Compresseur d\u2019air Marco M3 24v &#8211; <\/p>\n<p>Nous sommes ravis de vous pr\u00e9senter le compresseur d&#8217;air M3 en AISI 304, un compresseur \u00e9lectrique compact dot\u00e9 d&#8217;un r\u00e9servoir de 8 litres en acier inoxydable AISI 304 de haute qualit\u00e9. Ce compresseur fiable fonctionne \u00e0 une pression de 8 bars et offre un d\u00e9bit d&#8217;air de 47 litres par minute.<\/p>\n<p>Ce compresseur d&#8217;air est id\u00e9al pour faire fonctionner des cornes homologu\u00e9es sur des bateaux mesurant entre 20 et 75 m\u00e8tres, en particulier les mod\u00e8les K341 et K348, tout en r\u00e9pondant \u00e0 divers besoins en air \u00e0 bord.<\/p>\n<p><strong>Caract\u00e9ristiques :<\/strong><\/p>\n<ul>\n<li><strong>Pression :<\/strong> 8 bars<\/li>\n<li><strong>D\u00e9bit :<\/strong> 47 litres\/min<\/li>\n<li><strong>Capacit\u00e9 du r\u00e9servoir :<\/strong> 8 litres<\/li>\n<li><strong>Puissance :<\/strong> 380 watts<\/li>\n<li><strong>Dimensions :<\/strong> 390 x 230 x 380 mm<\/li>\n<li><strong>Poids :<\/strong> 9 kg<\/li>\n<li><strong>Indice de protection :<\/strong> IP54<\/li>\n<li><strong>Diam\u00e8tre du tuyau :<\/strong> 8\/6 mm<\/li>\n<li><strong>Fusible requis :<\/strong> 10A<\/li>\n<\/ul>\n<p>Le compresseur M3 est con\u00e7u pour \u00eatre compact et l\u00e9ger, fonctionnant silencieusement gr\u00e2ce \u00e0 ses quatre pieds en caoutchouc qui assurent sa stabilit\u00e9. Il est \u00e9galement \u00e9quip\u00e9 d&#8217;une poign\u00e9e de transport pratique pour un transport ais\u00e9. De plus, le compresseur est dot\u00e9 d&#8217;un manom\u00e8tre et d&#8217;une valve de drainage de condensat, le rendant id\u00e9al pour les syst\u00e8mes de signalisation sonore et autres utilisations de l&#8217;air comprim\u00e9 \u00e0 bord.<\/p>\n<p>Ce mod\u00e8le est disponible pour des alimentations de 12V et 24V \u00e0 bord. La puissance du moteur est de 240 watts et il peut atteindre une pression de fonctionnement allant jusqu&#8217;\u00e0 8 bars, avec une capacit\u00e9 de remplissage d&#8217;environ 47 litres d&#8217;air par minute.<\/p>\n","protected":false},"excerpt":{"rendered":"<p>Compresseur d\u2019air Marco M3 24v &#8211; Nous sommes ravis de vous pr\u00e9senter le compresseur d&#8217;air M3 en AISI 304, un<\/p>\n","protected":false},"featured_media":5948979,"comment_status":"open","ping_status":"closed","template":"","meta":[],"product_brand":[3094],"product_cat":[1173],"product_tag":[],"class_list":{"0":"post-732224","1":"product","2":"type-product","3":"status-publish","4":"has-post-thumbnail","6":"product_brand-marco-fr","7":"product_cat-cornes","9":"first","10":"instock","11":"shipping-taxable","12":"purchasable","13":"product-type-simple"},"_links":{"self":[{"href":"https:\/\/stoic-curie.212-227-153-4.plesk.page\/fr\/wp-json\/wp\/v2\/product\/732224","targetHints":{"allow":["GET"]}}],"collection":[{"href":"https:\/\/stoic-curie.212-227-153-4.plesk.page\/fr\/wp-json\/wp\/v2\/product"}],"about":[{"href":"https:\/\/stoic-curie.212-227-153-4.plesk.page\/fr\/wp-json\/wp\/v2\/types\/product"}],"replies":[{"embeddable":true,"href":"https:\/\/stoic-curie.212-227-153-4.plesk.page\/fr\/wp-json\/wp\/v2\/comments?post=732224"}],"version-history":[{"count":0,"href":"https:\/\/stoic-curie.212-227-153-4.plesk.page\/fr\/wp-json\/wp\/v2\/product\/732224\/revisions"}],"wp:featuredmedia":[{"embeddable":true,"href":"https:\/\/stoic-curie.212-227-153-4.plesk.page\/fr\/wp-json\/wp\/v2\/media\/5948979"}],"wp:attachment":[{"href":"https:\/\/stoic-curie.212-227-153-4.plesk.page\/fr\/wp-json\/wp\/v2\/media?parent=732224"}],"wp:term":[{"taxonomy":"product_brand","embeddable":true,"href":"https:\/\/stoic-curie.212-227-153-4.plesk.page\/fr\/wp-json\/wp\/v2\/product_brand?post=732224"},{"taxonomy":"product_cat","embeddable":true,"href":"https:\/\/stoic-curie.212-227-153-4.plesk.page\/fr\/wp-json\/wp\/v2\/product_cat?post=732224"},{"taxonomy":"product_tag","embeddable":true,"href":"https:\/\/stoic-curie.212-227-153-4.plesk.page\/fr\/wp-json\/wp\/v2\/product_tag?post=732224"}],"curies":[{"name":"wp","href":"https:\/\/api.w.org\/{rel}","templated":true}]}}