{"id":732226,"date":"2025-03-03T16:14:32","date_gmt":"2025-03-03T15:14:32","guid":{"rendered":"https:\/\/stoic-curie.212-227-153-4.plesk.page\/producto\/garmin-gt23m-tm\/"},"modified":"2026-02-24T23:08:54","modified_gmt":"2026-02-24T23:08:54","slug":"garmin-gt23m-tm","status":"publish","type":"product","link":"https:\/\/stoic-curie.212-227-153-4.plesk.page\/fr\/product\/garmin-gt23m-tm\/","title":{"rendered":"Garmin GT23M-TM"},"content":{"rendered":"<p>Garmin GT23M-TM &#8211; <\/p>\n<p>Le Garmin echoMAP UHD2 72CV est un traceur de cartes\/sondeur de poissons avec un \u00e9cran tactile de 7&#8243;\/800&#215;480 pixels, un clavier int\u00e9gr\u00e9 et un r\u00e9cepteur GPS interne. Module CHIRP, ClearVu et UHD de 500W int\u00e9gr\u00e9. Compatible avec toutes les cartes Garmin BlueChart et Garmin Navionics+, avec connectivit\u00e9 sans fil int\u00e9gr\u00e9e, NMEA0183\/2000 et Fusion-Link. Il s&#8217;int\u00e8gre compl\u00e8tement avec tous les syst\u00e8mes \u00e0 bord. \u00c9quip\u00e9 de toutes les fonctions Garmin, telles que Auto Guidance, Active Captain, Sail Assist et Quickdraw Contours. Livr\u00e9 avec un support r\u00e9glable et un c\u00e2ble d&#8217;alimentation\/donn\u00e9es. Compatible avec tous les transducteurs traditionnels, All-in-One et UHD, connexion \u00e0 4 broches. Pour les transducteurs \u00e0 8 broches, le c\u00e2ble adaptateur doit \u00eatre achet\u00e9 s\u00e9par\u00e9ment. TD = Transducteur<\/p>\n","protected":false},"excerpt":{"rendered":"<p>Garmin GT23M-TM &#8211; Le Garmin echoMAP UHD2 72CV est un traceur de cartes\/sondeur de poissons avec un \u00e9cran tactile de<\/p>\n","protected":false},"featured_media":5948984,"comment_status":"open","ping_status":"closed","template":"","meta":[],"product_brand":[2969],"product_cat":[1170],"product_tag":[],"class_list":{"0":"post-732226","1":"product","2":"type-product","3":"status-publish","4":"has-post-thumbnail","6":"product_brand-garmin-fr","7":"product_cat-electronique","9":"first","10":"instock","11":"shipping-taxable","12":"purchasable","13":"product-type-simple"},"_links":{"self":[{"href":"https:\/\/stoic-curie.212-227-153-4.plesk.page\/fr\/wp-json\/wp\/v2\/product\/732226","targetHints":{"allow":["GET"]}}],"collection":[{"href":"https:\/\/stoic-curie.212-227-153-4.plesk.page\/fr\/wp-json\/wp\/v2\/product"}],"about":[{"href":"https:\/\/stoic-curie.212-227-153-4.plesk.page\/fr\/wp-json\/wp\/v2\/types\/product"}],"replies":[{"embeddable":true,"href":"https:\/\/stoic-curie.212-227-153-4.plesk.page\/fr\/wp-json\/wp\/v2\/comments?post=732226"}],"version-history":[{"count":0,"href":"https:\/\/stoic-curie.212-227-153-4.plesk.page\/fr\/wp-json\/wp\/v2\/product\/732226\/revisions"}],"wp:featuredmedia":[{"embeddable":true,"href":"https:\/\/stoic-curie.212-227-153-4.plesk.page\/fr\/wp-json\/wp\/v2\/media\/5948984"}],"wp:attachment":[{"href":"https:\/\/stoic-curie.212-227-153-4.plesk.page\/fr\/wp-json\/wp\/v2\/media?parent=732226"}],"wp:term":[{"taxonomy":"product_brand","embeddable":true,"href":"https:\/\/stoic-curie.212-227-153-4.plesk.page\/fr\/wp-json\/wp\/v2\/product_brand?post=732226"},{"taxonomy":"product_cat","embeddable":true,"href":"https:\/\/stoic-curie.212-227-153-4.plesk.page\/fr\/wp-json\/wp\/v2\/product_cat?post=732226"},{"taxonomy":"product_tag","embeddable":true,"href":"https:\/\/stoic-curie.212-227-153-4.plesk.page\/fr\/wp-json\/wp\/v2\/product_tag?post=732226"}],"curies":[{"name":"wp","href":"https:\/\/api.w.org\/{rel}","templated":true}]}}