{"id":732227,"date":"2025-03-03T16:14:32","date_gmt":"2025-03-03T15:14:32","guid":{"rendered":"https:\/\/stoic-curie.212-227-153-4.plesk.page\/producto\/garmin-gpsmap-723xsv\/"},"modified":"2026-02-24T23:08:54","modified_gmt":"2026-02-24T23:08:54","slug":"garmin-gpsmap-723xsv","status":"publish","type":"product","link":"https:\/\/stoic-curie.212-227-153-4.plesk.page\/fr\/product\/garmin-gpsmap-723xsv\/","title":{"rendered":"Garmin GPSMAP 723xsv"},"content":{"rendered":"<p>Garmin GPSMAP 723xsv &#8211; <\/p>\n<p>Les traceurs Garmin GPSMAP 723xsv sont \u00e9quip\u00e9s d&#8217;un \u00e9cran tactile couleur de 7 pouces et incluent une carte de base mondiale. Ce mod\u00e8le dispose d&#8217;un syst\u00e8me GPS\/GLONASS interne \u00e0 haute sensibilit\u00e9 de 10Hz qui met \u00e0 jour votre position et votre cap dix fois par seconde. Vous pouvez aussi connecter votre smartphone ou votre tablette en utilisant l&#8217;application ActiveCaptain et le Wi-Fi.<\/p>\n<p>Seul le mod\u00e8le Garmin GPSMAP 723xsv inclut Garmin CHIRP SideVu, CHIRP ClearVu et sonar traditionnel CHIRP. Pour utiliser les fonctionnalit\u00e9s de sonar, vous aurez besoin du mod\u00e8le 723xsv.<\/p>\n<p>Les mod\u00e8les Garmin GPSMAP 723 et 723xsv sont pr\u00e9charg\u00e9s avec une carte de base mondiale. Vous pouvez \u00e9galement acheter des cartes marines d\u00e9taill\u00e9es suppl\u00e9mentaires Garmin BlueChart g3 sur une carte microSD\/SD pr\u00e9programm\u00e9e d&#8217;ActiveGPS. Les derni\u00e8res cartes, connues sous le nom de BlueChart g3 Vision, offrent des fonctionnalit\u00e9s premium telles que des images satellites haute r\u00e9solution des ports et des baies, la guidance automatique, MarinerEye pour des informations 3D au-dessus de la ligne de flottaison, et FishEye pour des informations 3D en dessous de la ligne de flottaison.<\/p>\n<p>Les capacit\u00e9s de sonar int\u00e9gr\u00e9es ne sont standard que sur le mod\u00e8le Garmin GPSMAP 723xsv, qui comprend Garmin CHIRP SideVu, CHIRP ClearVu et sonar traditionnel CHIRP. Ces trois traceurs Garmin GPSMAP 723 prennent \u00e9galement en charge le sonar Panoptix tout-voir, le sonar premium Garmin et une vari\u00e9t\u00e9 de transducteurs (vendus s\u00e9par\u00e9ment). Si vous achetez le Garmin GPSMAP 723 (sans sonar), vous pourrez ajouter des capacit\u00e9s de sonar ult\u00e9rieurement en achetant une bo\u00eete noire externe Garmin.<\/p>\n<p><strong>Sonar \u00e0 balayage Ultra Haute D\u00e9finition (mod\u00e8le Garmin GPSMAP 723xsv uniquement)<\/strong><\/p>\n<p>Le mod\u00e8le Garmin GPSMAP 723xsv est \u00e9quip\u00e9 de sonars de balayage Ultra Haute D\u00e9finition SideVu et ClearVu int\u00e9gr\u00e9s, qui fournissent des palettes de couleurs vives et \u00e0 fort contraste pour vous aider \u00e0 distinguer les poissons des structures lorsqu&#8217;ils sont associ\u00e9s \u00e0 un transducteur Garmin compatible. Le GPSMAP 723xsv prend \u00e9galement en charge les capacit\u00e9s de sonar traditionnel CHIRP de 1kW.<\/p>\n<ul>\n<li>Sonar \u00e0 double fr\u00e9quence (50\/200 kHz) compatible<\/li>\n<li>Sonar \u00e0 double faisceau (77\/200 kHz) compatible<\/li>\n<\/ul>\n<p>Les traceurs Garmin GPSMAP 723xsv prennent en charge les fr\u00e9quences suivantes :<\/p>\n<ul>\n<li>Traditionnel : 50\/77\/83\/200 kHz<\/li>\n<li>CHIRP (bas, moyen, haut)<\/li>\n<li>ClearVu (260\/455\/800 kHz)<\/li>\n<li>SideVu (260\/455\/800 kHz)<\/li>\n<li>UHD ClearVu\/SideVu (800\/1000\/1200 kHz) (selon le transducteur)<\/li>\n<\/ul>\n<p>Pour trouver le bon transducteur pour votre GPSMAP 723xsv et votre bateau, veuillez remplir notre formulaire de transducteur en ligne. Si vous savez d\u00e9j\u00e0 quel transducteur vous avez besoin (bien que nous recommandions d&#8217;utiliser notre formulaire en ligne pour le meilleur ajustement), vous pouvez consulter toute la gamme de transducteurs disponibles \u00e0 l&#8217;achat chez ActiveGPS. Voici des exemples de transducteurs mont\u00e9s \u00e0 l&#8217;arri\u00e8re, \u00e0 travers la coque et \u00e0 l&#8217;int\u00e9rieur de la coque.<\/p>\n<p>Le traceur met \u00e0 jour votre direction et votre position sur l&#8217;\u00e9cran dix fois par seconde, permettant une visualisation fluide de la position GPS de votre bateau ou yacht. Il dispose d&#8217;un r\u00e9cepteur GPS et GLONASS de 10Hz, rapide et sensible. Le GPSMAP 723 comprend \u00e9galement des connectivit\u00e9s NMEA 2000 et NMEA 0183.<\/p>\n<p>Avec le Wi-Fi int\u00e9gr\u00e9, vous pouvez contr\u00f4ler le traceur Garmin en utilisant l&#8217;application BlueChart Mobile 2.0 ou l&#8217;application Garmin ActiveCaptain. Cette connectivit\u00e9 permet d&#8217;acc\u00e9der \u00e0 la fonction OneChart, aux notifications intelligentes, aux mises \u00e0 jour logicielles, \u00e0 Garmin Helm, aux donn\u00e9es de la communaut\u00e9 Garmin Quickdraw, et plus encore.<\/p>\n<p>Les fonctionnalit\u00e9s de navigation Garmin SailAssist vous permettent de visualiser les laylines, la guidance de d\u00e9part de course, une rose des vents am\u00e9lior\u00e9e, des lignes de cap et de cap au sol, des champs de donn\u00e9es sur le vent r\u00e9el, des curseurs de mar\u00e9es\/courants\/temps, des angles de vent, des d\u00e9rives, des vitesses de vent, et plus encore.<\/p>\n<p>La connectivit\u00e9 ANT int\u00e9gr\u00e9e vous permet de vous connecter \u00e0 certains de vos appareils pr\u00e9f\u00e9r\u00e9s, tels que la montre marine Garmin quatix 5, les transducteurs Garmin gWind Wireless 2, les instruments marins Garmin GNX Wind et des t\u00e9l\u00e9commandes sans fil comme le dispositif d&#8217;entr\u00e9e \u00e0 distance Garmin GRID 20.<\/p>\n<p>Les mod\u00e8les Garmin GPSMAP 723\/723xsv disposent de connectivit\u00e9s J1939, vous permettant de connecter le traceur \u00e0 divers moteurs, y compris les moteurs Yamaha. De plus, les mod\u00e8les Garmin GPSMAP 723 incluent OneHelm, une fonctionnalit\u00e9 exclusive qui consolide les op\u00e9rations et les capacit\u00e9s d&#8217;appareils tiers, tels que le commutateur num\u00e9rique EmpirBus, sur un seul \u00e9cran.<\/p>\n","protected":false},"excerpt":{"rendered":"<p>Garmin GPSMAP 723xsv &#8211; Les traceurs Garmin GPSMAP 723xsv sont \u00e9quip\u00e9s d&#8217;un \u00e9cran tactile couleur de 7 pouces et incluent<\/p>\n","protected":false},"featured_media":5948991,"comment_status":"open","ping_status":"closed","template":"","meta":[],"product_brand":[2969],"product_cat":[1170],"product_tag":[],"class_list":{"0":"post-732227","1":"product","2":"type-product","3":"status-publish","4":"has-post-thumbnail","6":"product_brand-garmin-fr","7":"product_cat-electronique","9":"first","10":"instock","11":"shipping-taxable","12":"purchasable","13":"product-type-simple"},"_links":{"self":[{"href":"https:\/\/stoic-curie.212-227-153-4.plesk.page\/fr\/wp-json\/wp\/v2\/product\/732227","targetHints":{"allow":["GET"]}}],"collection":[{"href":"https:\/\/stoic-curie.212-227-153-4.plesk.page\/fr\/wp-json\/wp\/v2\/product"}],"about":[{"href":"https:\/\/stoic-curie.212-227-153-4.plesk.page\/fr\/wp-json\/wp\/v2\/types\/product"}],"replies":[{"embeddable":true,"href":"https:\/\/stoic-curie.212-227-153-4.plesk.page\/fr\/wp-json\/wp\/v2\/comments?post=732227"}],"version-history":[{"count":0,"href":"https:\/\/stoic-curie.212-227-153-4.plesk.page\/fr\/wp-json\/wp\/v2\/product\/732227\/revisions"}],"wp:featuredmedia":[{"embeddable":true,"href":"https:\/\/stoic-curie.212-227-153-4.plesk.page\/fr\/wp-json\/wp\/v2\/media\/5948991"}],"wp:attachment":[{"href":"https:\/\/stoic-curie.212-227-153-4.plesk.page\/fr\/wp-json\/wp\/v2\/media?parent=732227"}],"wp:term":[{"taxonomy":"product_brand","embeddable":true,"href":"https:\/\/stoic-curie.212-227-153-4.plesk.page\/fr\/wp-json\/wp\/v2\/product_brand?post=732227"},{"taxonomy":"product_cat","embeddable":true,"href":"https:\/\/stoic-curie.212-227-153-4.plesk.page\/fr\/wp-json\/wp\/v2\/product_cat?post=732227"},{"taxonomy":"product_tag","embeddable":true,"href":"https:\/\/stoic-curie.212-227-153-4.plesk.page\/fr\/wp-json\/wp\/v2\/product_tag?post=732227"}],"curies":[{"name":"wp","href":"https:\/\/api.w.org\/{rel}","templated":true}]}}