{"id":732228,"date":"2025-03-03T16:14:32","date_gmt":"2025-03-03T15:14:32","guid":{"rendered":"https:\/\/stoic-curie.212-227-153-4.plesk.page\/producto\/raymarine-axiom-7\/"},"modified":"2026-02-24T23:08:54","modified_gmt":"2026-02-24T23:08:54","slug":"raymarine-axiom-7","status":"publish","type":"product","link":"https:\/\/stoic-curie.212-227-153-4.plesk.page\/fr\/product\/raymarine-axiom-7\/","title":{"rendered":"Raymarine Axiom+ 7"},"content":{"rendered":"<p>Raymarine Axiom+ 7 &#8211; <\/p>\n<p style=\"color: rgb(34, 34, 34); font-family: Arial, Helvetica, sans-serif; font-size: small;\">Le Raymarine Axiom 7 Plus est un affichage multifonction de 7 pouces (MFD) qui dispose d&#8217;un puissant processeur quadric\u0153ur, garantissant une r\u00e9activit\u00e9 et une rapidit\u00e9 optimales. Cela vous permet de redessiner facilement les cartes et de naviguer en utilisant la r\u00e9alit\u00e9 augment\u00e9e. L&#8217;\u00e9cran IPS de haute r\u00e9solution offre 25 % de luminosit\u00e9 en plus, am\u00e9liorant ainsi la visibilit\u00e9 dans diverses conditions d&#8217;\u00e9clairage. Veuillez noter qu&#8217;aucune carte ou transducteur n&#8217;est inclus avec cet appareil.<\/p>\n<p style=\"color: rgb(34, 34, 34); font-family: Arial, Helvetica, sans-serif; font-size: small;\">Le chartplotter Axiom+ est \u00e9quip\u00e9 d&#8217;un \u00e9cran tactile en verre IPS avanc\u00e9 qui offre un contraste am\u00e9lior\u00e9 et est clairement visible sous tous les angles, m\u00eame en plein soleil. Le nouveau processeur quadric\u0153ur, associ\u00e9 \u00e0 l&#8217;interface LightHouse 3, accro\u00eet la vitesse et les performances. Il comprend une antenne GPS int\u00e9gr\u00e9e de 10 Hz, Wi-Fi, Bluetooth, connectivit\u00e9 NMEA2000, un port micro USB et un emplacement pour carte micro SD. Cet appareil est compatible avec les cartes Lighthouse, Navionics Gold, Platinum et la cartographie C-MAP. Il est \u00e9galement livr\u00e9 avec une housse de protection, un c\u00e2ble d&#8217;alimentation\/donn\u00e9es et un kit de montage en console\/affleurant.<\/p>\n<p style=\"color: rgb(34, 34, 34); font-family: Arial, Helvetica, sans-serif; font-size: small;\">Le Raymarine Axiom Plus repr\u00e9sente la derni\u00e8re g\u00e9n\u00e9ration d&#8217;affichages multifonction prim\u00e9s. Il est optimis\u00e9 pour la vitesse et dot\u00e9 d&#8217;un puissant processeur quadric\u0153ur, permettant un redessin de carte sans couture et une navigation en r\u00e9alit\u00e9 augment\u00e9e. La technologie d&#8217;affichage IPS am\u00e9lior\u00e9e offre des couleurs et une clart\u00e9 \u00e9poustouflantes, avec des palettes de couleurs jour\/nuit pour am\u00e9liorer la visibilit\u00e9 dans toutes les conditions d&#8217;\u00e9clairage. L&#8217;Axiom Plus dispose du syst\u00e8me d&#8217;exploitation convivial LightHouse 3, le plus puissant et le plus facile \u00e0 utiliser des MFD Raymarine \u00e0 ce jour.<\/p>\n<p style=\"color: rgb(34, 34, 34); font-family: Arial, Helvetica, sans-serif; font-size: small;\">Ce chartplotter est extensible, vous permettant d&#8217;am\u00e9liorer ses capacit\u00e9s au besoin. Il prend en charge une large gamme d&#8217;accessoires Raymarine, y compris le radar Quantum, le sonar CHIRP, les cam\u00e9ras thermiques FLIR, l&#8217;int\u00e9gration audio, les instruments, les cam\u00e9ras et le pilote automatique Evolution. La connectivit\u00e9 standard Wi-Fi et Bluetooth vous permet de vous connecter aux derni\u00e8res applications Raymarine pour tablettes et smartphones.<\/p>\n<p style=\"color: rgb(34, 34, 34); font-family: Arial, Helvetica, sans-serif; font-size: small;\"><strong>Caract\u00e9ristiques de performance :<\/strong><\/p>\n<ul style=\"color: rgb(34, 34, 34); font-family: Arial, Helvetica, sans-serif; font-size: small;\">\n<li>Con\u00e7u pour la vitesse, la r\u00e9activit\u00e9 et l&#8217;expansion future.<\/li>\n<li>Processeur quadric\u0153ur puissant avec une capacit\u00e9 de stockage embarqu\u00e9 accrue pour les donn\u00e9es personnelles et les applications.<\/li>\n<li>Redessin rapide et fluide des cartes pour les cartes Raymarine LightHouse, ainsi que pour Navionics et C-MAP.<\/li>\n<li>Capacit\u00e9 ClearCruise\u2122 Augmented Reality pour des d\u00e9cisions de navigation plus intelligentes.<\/li>\n<li>Syst\u00e8me d&#8217;exploitation intuitif LightHouse 3 pour une navigation facile.<\/li>\n<\/ul>\n<p style=\"color: rgb(34, 34, 34); font-family: Arial, Helvetica, sans-serif; font-size: small;\"><strong>Visibilit\u00e9 maximale :<\/strong><\/p>\n<ul style=\"color: rgb(34, 34, 34); font-family: Arial, Helvetica, sans-serif; font-size: small;\">\n<li>La technologie d&#8217;affichage IPS am\u00e9lior\u00e9e pr\u00e9sente des cartes, du sonar, du radar et des vid\u00e9os dans des couleurs vives.<\/li>\n<li>Angles de vue plus larges et contraste net \u00e0 deux fois la r\u00e9solution des affichages traditionnels.<\/li>\n<li>Disponible en affichages tout temps de 7, 9 et 12 pouces qui sont 25 % plus lumineux (jusqu&#8217;\u00e0 1 800 nits).<\/li>\n<li>\u00c9cran en verre trait\u00e9 HydroTough\u2122 r\u00e9sistant aux impacts, qui repousse l&#8217;eau, l&#8217;huile et les traces de doigts pour une meilleure visibilit\u00e9 et un contr\u00f4le tactile pr\u00e9cis.<\/li>\n<li>Options de visualisation am\u00e9lior\u00e9es avec les th\u00e8mes de couleur LightHouse 3, y compris les modes clair, sombre et nuit.<\/li>\n<\/ul>\n","protected":false},"excerpt":{"rendered":"<p>Raymarine Axiom+ 7 &#8211; Le Raymarine Axiom 7 Plus est un affichage multifonction de 7 pouces (MFD) qui dispose d&#8217;un<\/p>\n","protected":false},"featured_media":5948993,"comment_status":"open","ping_status":"closed","template":"","meta":[],"product_brand":[3299],"product_cat":[1170],"product_tag":[],"class_list":{"0":"post-732228","1":"product","2":"type-product","3":"status-publish","4":"has-post-thumbnail","6":"product_brand-raymarine-fr","7":"product_cat-electronique","9":"first","10":"instock","11":"shipping-taxable","12":"purchasable","13":"product-type-simple"},"_links":{"self":[{"href":"https:\/\/stoic-curie.212-227-153-4.plesk.page\/fr\/wp-json\/wp\/v2\/product\/732228","targetHints":{"allow":["GET"]}}],"collection":[{"href":"https:\/\/stoic-curie.212-227-153-4.plesk.page\/fr\/wp-json\/wp\/v2\/product"}],"about":[{"href":"https:\/\/stoic-curie.212-227-153-4.plesk.page\/fr\/wp-json\/wp\/v2\/types\/product"}],"replies":[{"embeddable":true,"href":"https:\/\/stoic-curie.212-227-153-4.plesk.page\/fr\/wp-json\/wp\/v2\/comments?post=732228"}],"version-history":[{"count":0,"href":"https:\/\/stoic-curie.212-227-153-4.plesk.page\/fr\/wp-json\/wp\/v2\/product\/732228\/revisions"}],"wp:featuredmedia":[{"embeddable":true,"href":"https:\/\/stoic-curie.212-227-153-4.plesk.page\/fr\/wp-json\/wp\/v2\/media\/5948993"}],"wp:attachment":[{"href":"https:\/\/stoic-curie.212-227-153-4.plesk.page\/fr\/wp-json\/wp\/v2\/media?parent=732228"}],"wp:term":[{"taxonomy":"product_brand","embeddable":true,"href":"https:\/\/stoic-curie.212-227-153-4.plesk.page\/fr\/wp-json\/wp\/v2\/product_brand?post=732228"},{"taxonomy":"product_cat","embeddable":true,"href":"https:\/\/stoic-curie.212-227-153-4.plesk.page\/fr\/wp-json\/wp\/v2\/product_cat?post=732228"},{"taxonomy":"product_tag","embeddable":true,"href":"https:\/\/stoic-curie.212-227-153-4.plesk.page\/fr\/wp-json\/wp\/v2\/product_tag?post=732228"}],"curies":[{"name":"wp","href":"https:\/\/api.w.org\/{rel}","templated":true}]}}