{"id":732232,"date":"2025-03-03T16:14:33","date_gmt":"2025-03-03T15:14:33","guid":{"rendered":"https:\/\/stoic-curie.212-227-153-4.plesk.page\/producto\/echelle-en-aluminium-pour-plateformes-tiki\/"},"modified":"2026-02-24T23:08:54","modified_gmt":"2026-02-24T23:08:54","slug":"echelle-en-aluminium-pour-plateformes-tiki","status":"publish","type":"product","link":"https:\/\/stoic-curie.212-227-153-4.plesk.page\/fr\/product\/echelle-en-aluminium-pour-plateformes-tiki\/","title":{"rendered":"\u00c9chelle en aluminium pour plateformes Tiki"},"content":{"rendered":"<p>\u00c9chelle en aluminium pour plateformes Tiki &#8211; <\/p>\n<p>Plateforme flottante en maille polyester Dropstitch recouverte de PVC haute r\u00e9sistance avec une structure interne en nid d&#8217;abeille. Elle peut \u00eatre gonfl\u00e9e et d\u00e9gonfl\u00e9e et se plie facilement pour occuper un minimum d&#8217;espace. Compl\u00e8te avec un sol en EVA antid\u00e9rapant et des anneaux en D en acier inoxydable pour \u00eatre fix\u00e9e \u00e0 un bateau ou \u00e0 d&#8217;autres unit\u00e9s flottantes ou \u00e0 des quais. Elle peut \u00eatre utilis\u00e9e comme plateforme r\u00e9cr\u00e9ative, comme matelas aquatique ou comme plateforme d&#8217;entretien de coque. \u00c9chelle en aluminium optionnelle \u00e0 3 \u00e9tapes, facilement amovible gr\u00e2ce aux plaques de connexion d\u00e9j\u00e0 pr\u00e9sentes sur les mod\u00e8les 200\/400, \u00e0 coller sur le mod\u00e8le 150.<\/p>\n","protected":false},"excerpt":{"rendered":"<p>\u00c9chelle en aluminium pour plateformes Tiki &#8211; Plateforme flottante en maille polyester Dropstitch recouverte de PVC haute r\u00e9sistance avec une<\/p>\n","protected":false},"featured_media":5949005,"comment_status":"open","ping_status":"closed","template":"","meta":[],"product_brand":[3204],"product_cat":[1120,1040],"product_tag":[],"class_list":{"0":"post-732232","1":"product","2":"type-product","3":"status-publish","4":"has-post-thumbnail","6":"product_brand-nova-argonautica-fr","7":"product_cat-plates-formes-a-poupe","8":"product_cat-plates-formes-de-bain","10":"first","11":"instock","12":"shipping-taxable","13":"purchasable","14":"product-type-simple"},"_links":{"self":[{"href":"https:\/\/stoic-curie.212-227-153-4.plesk.page\/fr\/wp-json\/wp\/v2\/product\/732232","targetHints":{"allow":["GET"]}}],"collection":[{"href":"https:\/\/stoic-curie.212-227-153-4.plesk.page\/fr\/wp-json\/wp\/v2\/product"}],"about":[{"href":"https:\/\/stoic-curie.212-227-153-4.plesk.page\/fr\/wp-json\/wp\/v2\/types\/product"}],"replies":[{"embeddable":true,"href":"https:\/\/stoic-curie.212-227-153-4.plesk.page\/fr\/wp-json\/wp\/v2\/comments?post=732232"}],"version-history":[{"count":0,"href":"https:\/\/stoic-curie.212-227-153-4.plesk.page\/fr\/wp-json\/wp\/v2\/product\/732232\/revisions"}],"wp:featuredmedia":[{"embeddable":true,"href":"https:\/\/stoic-curie.212-227-153-4.plesk.page\/fr\/wp-json\/wp\/v2\/media\/5949005"}],"wp:attachment":[{"href":"https:\/\/stoic-curie.212-227-153-4.plesk.page\/fr\/wp-json\/wp\/v2\/media?parent=732232"}],"wp:term":[{"taxonomy":"product_brand","embeddable":true,"href":"https:\/\/stoic-curie.212-227-153-4.plesk.page\/fr\/wp-json\/wp\/v2\/product_brand?post=732232"},{"taxonomy":"product_cat","embeddable":true,"href":"https:\/\/stoic-curie.212-227-153-4.plesk.page\/fr\/wp-json\/wp\/v2\/product_cat?post=732232"},{"taxonomy":"product_tag","embeddable":true,"href":"https:\/\/stoic-curie.212-227-153-4.plesk.page\/fr\/wp-json\/wp\/v2\/product_tag?post=732232"}],"curies":[{"name":"wp","href":"https:\/\/api.w.org\/{rel}","templated":true}]}}