{"id":732295,"date":"2025-03-03T16:14:45","date_gmt":"2025-03-03T15:14:45","guid":{"rendered":"https:\/\/stoic-curie.212-227-153-4.plesk.page\/producto\/helice-sierra-inox-pour-volvo-penta-sx-14-3-4-x-19-lh\/"},"modified":"2026-02-24T23:08:54","modified_gmt":"2026-02-24T23:08:54","slug":"helice-sierra-inox-pour-volvo-penta-sx-14-3-4-x-19-lh","status":"publish","type":"product","link":"https:\/\/stoic-curie.212-227-153-4.plesk.page\/fr\/product\/helice-sierra-inox-pour-volvo-penta-sx-14-3-4-x-19-lh\/","title":{"rendered":"H\u00e9lice Sierra Inox pour Volvo Penta SX 14 3\/4 x 19 (LH)"},"content":{"rendered":"<p>H\u00e9lice Sierra Inox pour Volvo Penta SX 14 3\/4 x 19 (LH) &#8211; <\/p>\n<p>H\u00e9lices en acier inoxydable Alice pour moteurs \u00e0 drive Volvo Penta SX. Fabriqu\u00e9es en acier inoxydable A4 Duplex ASTM-A890. Num\u00e9risation laser 3D pour le contr\u00f4le statique et dynamique. Polissage miroir avec technologie d&#8217;\u00e9lectrolyse. Haute efficacit\u00e9 et consommation r\u00e9duite gr\u00e2ce \u00e0 des pales parfaitement fa\u00e7onn\u00e9es. Pour les moteurs \u00e0 drive Volvo Penta SX : Cobra SX [1994>], Volvo Penta SX 3.0L\/4.3L\/5.0L\/5.7L\/5.8L\/7.4L\/8.2L [tous]<\/p>\n","protected":false},"excerpt":{"rendered":"<p>H\u00e9lice Sierra Inox pour Volvo Penta SX 14 3\/4 x 19 (LH) &#8211; H\u00e9lices en acier inoxydable Alice pour moteurs<\/p>\n","protected":false},"featured_media":5949020,"comment_status":"open","ping_status":"closed","template":"","meta":[],"product_brand":[3389],"product_cat":[1255],"product_tag":[],"class_list":{"0":"post-732295","1":"product","2":"type-product","3":"status-publish","4":"has-post-thumbnail","6":"product_brand-sierra-marine-fr","7":"product_cat-pieces-detachees-pour-moteurs-volvo-penta","9":"first","10":"instock","11":"shipping-taxable","12":"purchasable","13":"product-type-simple"},"_links":{"self":[{"href":"https:\/\/stoic-curie.212-227-153-4.plesk.page\/fr\/wp-json\/wp\/v2\/product\/732295","targetHints":{"allow":["GET"]}}],"collection":[{"href":"https:\/\/stoic-curie.212-227-153-4.plesk.page\/fr\/wp-json\/wp\/v2\/product"}],"about":[{"href":"https:\/\/stoic-curie.212-227-153-4.plesk.page\/fr\/wp-json\/wp\/v2\/types\/product"}],"replies":[{"embeddable":true,"href":"https:\/\/stoic-curie.212-227-153-4.plesk.page\/fr\/wp-json\/wp\/v2\/comments?post=732295"}],"version-history":[{"count":0,"href":"https:\/\/stoic-curie.212-227-153-4.plesk.page\/fr\/wp-json\/wp\/v2\/product\/732295\/revisions"}],"wp:featuredmedia":[{"embeddable":true,"href":"https:\/\/stoic-curie.212-227-153-4.plesk.page\/fr\/wp-json\/wp\/v2\/media\/5949020"}],"wp:attachment":[{"href":"https:\/\/stoic-curie.212-227-153-4.plesk.page\/fr\/wp-json\/wp\/v2\/media?parent=732295"}],"wp:term":[{"taxonomy":"product_brand","embeddable":true,"href":"https:\/\/stoic-curie.212-227-153-4.plesk.page\/fr\/wp-json\/wp\/v2\/product_brand?post=732295"},{"taxonomy":"product_cat","embeddable":true,"href":"https:\/\/stoic-curie.212-227-153-4.plesk.page\/fr\/wp-json\/wp\/v2\/product_cat?post=732295"},{"taxonomy":"product_tag","embeddable":true,"href":"https:\/\/stoic-curie.212-227-153-4.plesk.page\/fr\/wp-json\/wp\/v2\/product_tag?post=732295"}],"curies":[{"name":"wp","href":"https:\/\/api.w.org\/{rel}","templated":true}]}}