{"id":732304,"date":"2025-03-03T16:14:47","date_gmt":"2025-03-03T15:14:47","guid":{"rendered":"https:\/\/stoic-curie.212-227-153-4.plesk.page\/producto\/cuisiniere-a-gaz-dometic-2-feux-480-x-370-mm\/"},"modified":"2026-02-24T23:08:54","modified_gmt":"2026-02-24T23:08:54","slug":"cuisiniere-a-gaz-dometic-2-feux-480-x-370-mm","status":"publish","type":"product","link":"https:\/\/stoic-curie.212-227-153-4.plesk.page\/fr\/product\/cuisiniere-a-gaz-dometic-2-feux-480-x-370-mm\/","title":{"rendered":"Cuisini\u00e8re \u00e0 gaz Dometic 2 feux 480 x 370 mm"},"content":{"rendered":"<p>Cuisini\u00e8re \u00e0 gaz Dometic 2 feux 480 x 370 mm &#8211; <\/p>\n<p>Hobs \u00e0 gaz encastr\u00e9s en acier inoxydable satin\u00e9e avec thermocouples de s\u00e9curit\u00e9 et couvercle en verre tremp\u00e9.<\/p>\n","protected":false},"excerpt":{"rendered":"<p>Cuisini\u00e8re \u00e0 gaz Dometic 2 feux 480 x 370 mm &#8211; Hobs \u00e0 gaz encastr\u00e9s en acier inoxydable satin\u00e9e avec<\/p>\n","protected":false},"featured_media":5949022,"comment_status":"open","ping_status":"closed","template":"","meta":[],"product_brand":[2894],"product_cat":[1067],"product_tag":[],"class_list":{"0":"post-732304","1":"product","2":"type-product","3":"status-publish","4":"has-post-thumbnail","6":"product_brand-dometic-fr","7":"product_cat-cuissons","9":"first","10":"instock","11":"shipping-taxable","12":"purchasable","13":"product-type-simple"},"_links":{"self":[{"href":"https:\/\/stoic-curie.212-227-153-4.plesk.page\/fr\/wp-json\/wp\/v2\/product\/732304","targetHints":{"allow":["GET"]}}],"collection":[{"href":"https:\/\/stoic-curie.212-227-153-4.plesk.page\/fr\/wp-json\/wp\/v2\/product"}],"about":[{"href":"https:\/\/stoic-curie.212-227-153-4.plesk.page\/fr\/wp-json\/wp\/v2\/types\/product"}],"replies":[{"embeddable":true,"href":"https:\/\/stoic-curie.212-227-153-4.plesk.page\/fr\/wp-json\/wp\/v2\/comments?post=732304"}],"version-history":[{"count":0,"href":"https:\/\/stoic-curie.212-227-153-4.plesk.page\/fr\/wp-json\/wp\/v2\/product\/732304\/revisions"}],"wp:featuredmedia":[{"embeddable":true,"href":"https:\/\/stoic-curie.212-227-153-4.plesk.page\/fr\/wp-json\/wp\/v2\/media\/5949022"}],"wp:attachment":[{"href":"https:\/\/stoic-curie.212-227-153-4.plesk.page\/fr\/wp-json\/wp\/v2\/media?parent=732304"}],"wp:term":[{"taxonomy":"product_brand","embeddable":true,"href":"https:\/\/stoic-curie.212-227-153-4.plesk.page\/fr\/wp-json\/wp\/v2\/product_brand?post=732304"},{"taxonomy":"product_cat","embeddable":true,"href":"https:\/\/stoic-curie.212-227-153-4.plesk.page\/fr\/wp-json\/wp\/v2\/product_cat?post=732304"},{"taxonomy":"product_tag","embeddable":true,"href":"https:\/\/stoic-curie.212-227-153-4.plesk.page\/fr\/wp-json\/wp\/v2\/product_tag?post=732304"}],"curies":[{"name":"wp","href":"https:\/\/api.w.org\/{rel}","templated":true}]}}