{"id":732323,"date":"2025-03-03T16:14:53","date_gmt":"2025-03-03T15:14:53","guid":{"rendered":"https:\/\/stoic-curie.212-227-153-4.plesk.page\/producto\/helice-yamaha-9-1-4-x-10-rh\/"},"modified":"2026-02-24T23:08:54","modified_gmt":"2026-02-24T23:08:54","slug":"helice-yamaha-9-1-4-x-10-rh","status":"publish","type":"product","link":"https:\/\/stoic-curie.212-227-153-4.plesk.page\/fr\/product\/helice-yamaha-9-1-4-x-10-rh\/","title":{"rendered":"H\u00e9lice Yamaha 9 1\/4 x 10 RH"},"content":{"rendered":"<p>H\u00e9lice Yamaha 9 1\/4 x 10 RH &#8211; <\/p>\n<p>H\u00e9lices en aluminium Alice pour moteurs hors-bord Yamaha. Fabriqu\u00e9es en alliage aluminium-titane a\u00e9rospatial. Scanning laser 3D pour contr\u00f4le statique et dynamique. Rev\u00eatement en poudre AkzoNobel r\u00e9alis\u00e9 par robot. Haute efficacit\u00e9 et consommation r\u00e9duite gr\u00e2ce \u00e0 la courbure parfaite des pales. Le kit de montage doit \u00eatre command\u00e9 s\u00e9par\u00e9ment s&#8217;il est n\u00e9cessaire de remplacer les \u00e9crous, rondelles et entretoises. Pour moteurs hors-bord Yamaha : FT8\/FT9.9 [tous] 9.9D\/9.9F\/15D\/15F (2 temps) [19842009] F8B\/F9.9B\/F9.9C (4 temps) [20002007] F15A\/F15C\/F20B (4 temps) [2007>]<\/p>\n","protected":false},"excerpt":{"rendered":"<p>H\u00e9lice Yamaha 9 1\/4 x 10 RH &#8211; H\u00e9lices en aluminium Alice pour moteurs hors-bord Yamaha. Fabriqu\u00e9es en alliage aluminium-titane<\/p>\n","protected":false},"featured_media":5949026,"comment_status":"open","ping_status":"closed","template":"","meta":[],"product_brand":[3389],"product_cat":[1229,1257],"product_tag":[],"class_list":{"0":"post-732323","1":"product","2":"type-product","3":"status-publish","4":"has-post-thumbnail","6":"product_brand-sierra-marine-fr","7":"product_cat-helices-pour-hors-bord","8":"product_cat-pieces-detachees-hors-bord-yamaha","10":"first","11":"instock","12":"shipping-taxable","13":"purchasable","14":"product-type-simple"},"_links":{"self":[{"href":"https:\/\/stoic-curie.212-227-153-4.plesk.page\/fr\/wp-json\/wp\/v2\/product\/732323","targetHints":{"allow":["GET"]}}],"collection":[{"href":"https:\/\/stoic-curie.212-227-153-4.plesk.page\/fr\/wp-json\/wp\/v2\/product"}],"about":[{"href":"https:\/\/stoic-curie.212-227-153-4.plesk.page\/fr\/wp-json\/wp\/v2\/types\/product"}],"replies":[{"embeddable":true,"href":"https:\/\/stoic-curie.212-227-153-4.plesk.page\/fr\/wp-json\/wp\/v2\/comments?post=732323"}],"version-history":[{"count":0,"href":"https:\/\/stoic-curie.212-227-153-4.plesk.page\/fr\/wp-json\/wp\/v2\/product\/732323\/revisions"}],"wp:featuredmedia":[{"embeddable":true,"href":"https:\/\/stoic-curie.212-227-153-4.plesk.page\/fr\/wp-json\/wp\/v2\/media\/5949026"}],"wp:attachment":[{"href":"https:\/\/stoic-curie.212-227-153-4.plesk.page\/fr\/wp-json\/wp\/v2\/media?parent=732323"}],"wp:term":[{"taxonomy":"product_brand","embeddable":true,"href":"https:\/\/stoic-curie.212-227-153-4.plesk.page\/fr\/wp-json\/wp\/v2\/product_brand?post=732323"},{"taxonomy":"product_cat","embeddable":true,"href":"https:\/\/stoic-curie.212-227-153-4.plesk.page\/fr\/wp-json\/wp\/v2\/product_cat?post=732323"},{"taxonomy":"product_tag","embeddable":true,"href":"https:\/\/stoic-curie.212-227-153-4.plesk.page\/fr\/wp-json\/wp\/v2\/product_tag?post=732323"}],"curies":[{"name":"wp","href":"https:\/\/api.w.org\/{rel}","templated":true}]}}