{"id":732332,"date":"2025-03-03T16:14:54","date_gmt":"2025-03-03T15:14:54","guid":{"rendered":"https:\/\/stoic-curie.212-227-153-4.plesk.page\/producto\/helice-pour-yamaha-11-1-8-x-13-rh\/"},"modified":"2026-02-24T23:08:54","modified_gmt":"2026-02-24T23:08:54","slug":"helice-pour-yamaha-11-1-8-x-13-rh","status":"publish","type":"product","link":"https:\/\/stoic-curie.212-227-153-4.plesk.page\/fr\/product\/helice-pour-yamaha-11-1-8-x-13-rh\/","title":{"rendered":"H\u00e9lice pour Yamaha 11 1\/8 x 13 RH"},"content":{"rendered":"<p>H\u00e9lice pour Yamaha 11 1\/8 x 13 RH &#8211; <\/p>\n<p>H\u00e9lices en aluminium Alice pour moteurs hors-bord Yamaha. Fabriqu\u00e9es en alliage aluminium-titane a\u00e9rospatial. Scan laser 3D pour contr\u00f4le statique et dynamique. Rev\u00eatement en poudre robotis\u00e9 AkzoNobel. Haute efficacit\u00e9 et consommation r\u00e9duite gr\u00e2ce \u00e0 la parfaite courbure des pales. Le kit de montage doit \u00eatre command\u00e9 s\u00e9par\u00e9ment s&#8217;il est n\u00e9cessaire de remplacer les \u00e9crous, rondelles et spacers. Pour moteurs hors-bord Yamaha : FT25 (4 temps) [2010>], F30A\/B (4 temps) [2015>], 40H\/V\/Q\/X (2 temps) [1984>], F40A\/B\/F (4 temps) [1999>], 50D\/G\/H (2 temps) [1984>], F50A\/F\/H (4 temps) [1995>], F60A\/C\/F (4 temps) [1999>]<\/p>\n","protected":false},"excerpt":{"rendered":"<p>H\u00e9lice pour Yamaha 11 1\/8 x 13 RH &#8211; H\u00e9lices en aluminium Alice pour moteurs hors-bord Yamaha. Fabriqu\u00e9es en alliage<\/p>\n","protected":false},"featured_media":5949030,"comment_status":"open","ping_status":"closed","template":"","meta":[],"product_brand":[3389],"product_cat":[1229,1257],"product_tag":[],"class_list":{"0":"post-732332","1":"product","2":"type-product","3":"status-publish","4":"has-post-thumbnail","6":"product_brand-sierra-marine-fr","7":"product_cat-helices-pour-hors-bord","8":"product_cat-pieces-detachees-hors-bord-yamaha","10":"first","11":"instock","12":"shipping-taxable","13":"purchasable","14":"product-type-simple"},"_links":{"self":[{"href":"https:\/\/stoic-curie.212-227-153-4.plesk.page\/fr\/wp-json\/wp\/v2\/product\/732332","targetHints":{"allow":["GET"]}}],"collection":[{"href":"https:\/\/stoic-curie.212-227-153-4.plesk.page\/fr\/wp-json\/wp\/v2\/product"}],"about":[{"href":"https:\/\/stoic-curie.212-227-153-4.plesk.page\/fr\/wp-json\/wp\/v2\/types\/product"}],"replies":[{"embeddable":true,"href":"https:\/\/stoic-curie.212-227-153-4.plesk.page\/fr\/wp-json\/wp\/v2\/comments?post=732332"}],"version-history":[{"count":0,"href":"https:\/\/stoic-curie.212-227-153-4.plesk.page\/fr\/wp-json\/wp\/v2\/product\/732332\/revisions"}],"wp:featuredmedia":[{"embeddable":true,"href":"https:\/\/stoic-curie.212-227-153-4.plesk.page\/fr\/wp-json\/wp\/v2\/media\/5949030"}],"wp:attachment":[{"href":"https:\/\/stoic-curie.212-227-153-4.plesk.page\/fr\/wp-json\/wp\/v2\/media?parent=732332"}],"wp:term":[{"taxonomy":"product_brand","embeddable":true,"href":"https:\/\/stoic-curie.212-227-153-4.plesk.page\/fr\/wp-json\/wp\/v2\/product_brand?post=732332"},{"taxonomy":"product_cat","embeddable":true,"href":"https:\/\/stoic-curie.212-227-153-4.plesk.page\/fr\/wp-json\/wp\/v2\/product_cat?post=732332"},{"taxonomy":"product_tag","embeddable":true,"href":"https:\/\/stoic-curie.212-227-153-4.plesk.page\/fr\/wp-json\/wp\/v2\/product_tag?post=732332"}],"curies":[{"name":"wp","href":"https:\/\/api.w.org\/{rel}","templated":true}]}}