{"id":732343,"date":"2025-03-03T16:14:56","date_gmt":"2025-03-03T15:14:56","guid":{"rendered":"https:\/\/stoic-curie.212-227-153-4.plesk.page\/producto\/lampe-led-sous-marine-astel-marine-blue-bronze-10wt\/"},"modified":"2026-02-24T23:08:54","modified_gmt":"2026-02-24T23:08:54","slug":"lampe-led-sous-marine-astel-marine-blue-bronze-10wt","status":"publish","type":"product","link":"https:\/\/stoic-curie.212-227-153-4.plesk.page\/fr\/product\/lampe-led-sous-marine-astel-marine-blue-bronze-10wt\/","title":{"rendered":"Lampe LED sous-marine Astel Marine Blue &#8211; Bronze 10wt"},"content":{"rendered":"<p>Lampe LED sous-marine Astel Marine Blue &#8211; Bronze 10wt &#8211; <\/p>\n<p>Projecteur LED sous-marin ultra-plat avec bo\u00eetier en alliage de bronze AB2 et aluminium, formul\u00e9 pour une r\u00e9sistance in\u00e9gal\u00e9e \u00e0 la corrosion et \u00e0 l&#8217;oxydation. Con\u00e7u selon les sp\u00e9cifications RINa avec un c\u00f4ne lumineux blanc de 8000\u00c2\u00b0K \u00e9largi \u00e0 60\u00c2\u00b0 et des lentilles en polycarbonate incassables avec r\u00e9flecteurs LED \u00e0 vide. \u00c9lectronique scell\u00e9e avec driver int\u00e9gr\u00e9 et circuit prot\u00e9g\u00e9 contre les pics de tension, l&#8217;inversion de polarit\u00e9 et la surchauffe. Installation simple sous la ligne de flottaison avec un trou d&#8217;alimentation de 10 mm et 4 vis M6x80 mm.<\/p>\n<p>Avertissement : les lumi\u00e8res doivent toujours \u00eatre immerg\u00e9es dans l&#8217;eau pour \u00e9viter les d\u00e9faillances dues \u00e0 une surchauffe prolong\u00e9e. Une protection cathodique ad\u00e9quate est recommand\u00e9e, en particulier si elles sont install\u00e9es sur des coques m\u00e9talliques.<\/p>\n","protected":false},"excerpt":{"rendered":"<p>Lampe LED sous-marine Astel Marine Blue &#8211; Bronze 10wt &#8211; Projecteur LED sous-marin ultra-plat avec bo\u00eetier en alliage de bronze<\/p>\n","protected":false},"featured_media":5949054,"comment_status":"open","ping_status":"closed","template":"","meta":[],"product_brand":[2799],"product_cat":[1157],"product_tag":[],"class_list":{"0":"post-732343","1":"product","2":"type-product","3":"status-publish","4":"has-post-thumbnail","6":"product_brand-astel-marine-fr","7":"product_cat-lumieres-led-submersibles","9":"first","10":"instock","11":"shipping-taxable","12":"purchasable","13":"product-type-simple"},"_links":{"self":[{"href":"https:\/\/stoic-curie.212-227-153-4.plesk.page\/fr\/wp-json\/wp\/v2\/product\/732343","targetHints":{"allow":["GET"]}}],"collection":[{"href":"https:\/\/stoic-curie.212-227-153-4.plesk.page\/fr\/wp-json\/wp\/v2\/product"}],"about":[{"href":"https:\/\/stoic-curie.212-227-153-4.plesk.page\/fr\/wp-json\/wp\/v2\/types\/product"}],"replies":[{"embeddable":true,"href":"https:\/\/stoic-curie.212-227-153-4.plesk.page\/fr\/wp-json\/wp\/v2\/comments?post=732343"}],"version-history":[{"count":0,"href":"https:\/\/stoic-curie.212-227-153-4.plesk.page\/fr\/wp-json\/wp\/v2\/product\/732343\/revisions"}],"wp:featuredmedia":[{"embeddable":true,"href":"https:\/\/stoic-curie.212-227-153-4.plesk.page\/fr\/wp-json\/wp\/v2\/media\/5949054"}],"wp:attachment":[{"href":"https:\/\/stoic-curie.212-227-153-4.plesk.page\/fr\/wp-json\/wp\/v2\/media?parent=732343"}],"wp:term":[{"taxonomy":"product_brand","embeddable":true,"href":"https:\/\/stoic-curie.212-227-153-4.plesk.page\/fr\/wp-json\/wp\/v2\/product_brand?post=732343"},{"taxonomy":"product_cat","embeddable":true,"href":"https:\/\/stoic-curie.212-227-153-4.plesk.page\/fr\/wp-json\/wp\/v2\/product_cat?post=732343"},{"taxonomy":"product_tag","embeddable":true,"href":"https:\/\/stoic-curie.212-227-153-4.plesk.page\/fr\/wp-json\/wp\/v2\/product_tag?post=732343"}],"curies":[{"name":"wp","href":"https:\/\/api.w.org\/{rel}","templated":true}]}}