{"id":732348,"date":"2025-03-03T16:14:57","date_gmt":"2025-03-03T15:14:57","guid":{"rendered":"https:\/\/stoic-curie.212-227-153-4.plesk.page\/producto\/lumiere-led-sous-marine-astel-marine-bleu-20wt\/"},"modified":"2026-02-24T23:08:54","modified_gmt":"2026-02-24T23:08:54","slug":"lumiere-led-sous-marine-astel-marine-bleu-20wt","status":"publish","type":"product","link":"https:\/\/stoic-curie.212-227-153-4.plesk.page\/fr\/product\/lumiere-led-sous-marine-astel-marine-bleu-20wt\/","title":{"rendered":"Lumi\u00e8re LED sous-marine Astel Marine Bleu 20wt"},"content":{"rendered":"<p>Lumi\u00e8re LED sous-marine Astel Marine Bleu 20wt &#8211; <\/p>\n<p>Projecteur LED sous-marin ultra-plat avec bo\u00eetier en acier inoxydable SAE316L. Con\u00e7u selon les sp\u00e9cifications RINa, avec un c\u00f4ne de lumi\u00e8re blanche de 8000 K \u00e9tendu jusqu&#8217;\u00e0 60\u00b0 et des lentilles en polycarbonate incassables dot\u00e9es de r\u00e9flecteurs LED sous vide. \u00c9lectronique scell\u00e9e avec pilote int\u00e9gr\u00e9 et circuits prot\u00e9g\u00e9s contre les pics de tension, l&#8217;inversion de polarit\u00e9 et la surchauffe. Installation simple sous la ligne de flottaison avec un trou d&#8217;alimentation de 10 mm et 4 vis M6x80 mm.<\/p>\n<p>Avertissement : les lumi\u00e8res doivent toujours \u00eatre immerg\u00e9es dans l&#8217;eau pour \u00e9viter les pannes dues \u00e0 une surchauffe prolong\u00e9e. Une protection cathodique ad\u00e9quate est recommand\u00e9e, en particulier si elles sont install\u00e9es sur des coques m\u00e9talliques.<\/p>\n","protected":false},"excerpt":{"rendered":"<p>Lumi\u00e8re LED sous-marine Astel Marine Bleu 20wt &#8211; Projecteur LED sous-marin ultra-plat avec bo\u00eetier en acier inoxydable SAE316L. Con\u00e7u selon<\/p>\n","protected":false},"featured_media":5949040,"comment_status":"open","ping_status":"closed","template":"","meta":[],"product_brand":[2799],"product_cat":[1157],"product_tag":[],"class_list":{"0":"post-732348","1":"product","2":"type-product","3":"status-publish","4":"has-post-thumbnail","6":"product_brand-astel-marine-fr","7":"product_cat-lumieres-led-submersibles","9":"first","10":"instock","11":"shipping-taxable","12":"purchasable","13":"product-type-simple"},"_links":{"self":[{"href":"https:\/\/stoic-curie.212-227-153-4.plesk.page\/fr\/wp-json\/wp\/v2\/product\/732348","targetHints":{"allow":["GET"]}}],"collection":[{"href":"https:\/\/stoic-curie.212-227-153-4.plesk.page\/fr\/wp-json\/wp\/v2\/product"}],"about":[{"href":"https:\/\/stoic-curie.212-227-153-4.plesk.page\/fr\/wp-json\/wp\/v2\/types\/product"}],"replies":[{"embeddable":true,"href":"https:\/\/stoic-curie.212-227-153-4.plesk.page\/fr\/wp-json\/wp\/v2\/comments?post=732348"}],"version-history":[{"count":0,"href":"https:\/\/stoic-curie.212-227-153-4.plesk.page\/fr\/wp-json\/wp\/v2\/product\/732348\/revisions"}],"wp:featuredmedia":[{"embeddable":true,"href":"https:\/\/stoic-curie.212-227-153-4.plesk.page\/fr\/wp-json\/wp\/v2\/media\/5949040"}],"wp:attachment":[{"href":"https:\/\/stoic-curie.212-227-153-4.plesk.page\/fr\/wp-json\/wp\/v2\/media?parent=732348"}],"wp:term":[{"taxonomy":"product_brand","embeddable":true,"href":"https:\/\/stoic-curie.212-227-153-4.plesk.page\/fr\/wp-json\/wp\/v2\/product_brand?post=732348"},{"taxonomy":"product_cat","embeddable":true,"href":"https:\/\/stoic-curie.212-227-153-4.plesk.page\/fr\/wp-json\/wp\/v2\/product_cat?post=732348"},{"taxonomy":"product_tag","embeddable":true,"href":"https:\/\/stoic-curie.212-227-153-4.plesk.page\/fr\/wp-json\/wp\/v2\/product_tag?post=732348"}],"curies":[{"name":"wp","href":"https:\/\/api.w.org\/{rel}","templated":true}]}}