{"id":732359,"date":"2025-03-03T16:14:59","date_gmt":"2025-03-03T15:14:59","guid":{"rendered":"https:\/\/stoic-curie.212-227-153-4.plesk.page\/producto\/helice-pour-yamaha-13-5-8-x-14-rh\/"},"modified":"2026-02-24T23:08:55","modified_gmt":"2026-02-24T23:08:55","slug":"helice-pour-yamaha-13-5-8-x-14-rh","status":"publish","type":"product","link":"https:\/\/stoic-curie.212-227-153-4.plesk.page\/fr\/product\/helice-pour-yamaha-13-5-8-x-14-rh\/","title":{"rendered":"H\u00e9lice pour Yamaha 13 5\/8 x 14 RH"},"content":{"rendered":"<p>H\u00e9lice pour Yamaha 13 5\/8 x 14 RH &#8211; <\/p>\n<p>H\u00e9lices en aluminium Alice pour moteurs hors-bord Yamaha.<br \/>Fabriqu\u00e9es en alliage aluminium-titane a\u00e9rospatial.<br \/>Scan laser 3D pour le contr\u00f4le statique et dynamique.<br \/>Rev\u00eatement en poudre AkzoNobel par robot.<br \/>Haute efficacit\u00e9 et consommation r\u00e9duite gr\u00e2ce \u00e0 des pales parfaitement form\u00e9es.<br \/>Le kit de montage doit \u00eatre command\u00e9 s\u00e9par\u00e9ment si n\u00e9cessaire pour remplacer les \u00e9crous, rondelles et entretoises.<br \/>Pour moteurs hors-bord Yamaha :<br \/>60F (2 temps) [1992-2005]<br \/>70B (2 temps) [1984>]<br \/>F70A (4 temps) [2010>]<br \/>75A\/C (2 temps) [1994-1999]<br \/>F80A\/B (4 temps) [1999-2002]<br \/>85A (2 temps) [1991-1997]<br \/>90A (2 temps) [1984>] F100A\/D\/F (4 temps) [1999-2002]<br \/>115B\/C (2 temps) [1984>]<br \/>F115A\/B (4 temps) [2000>]<br \/>130A\/B (2 temps) [1984-2003]<\/p>\n","protected":false},"excerpt":{"rendered":"<p>H\u00e9lice pour Yamaha 13 5\/8 x 14 RH &#8211; H\u00e9lices en aluminium Alice pour moteurs hors-bord Yamaha.Fabriqu\u00e9es en alliage aluminium-titane<\/p>\n","protected":false},"featured_media":5949032,"comment_status":"open","ping_status":"closed","template":"","meta":[],"product_brand":[3389],"product_cat":[1229,1257],"product_tag":[],"class_list":{"0":"post-732359","1":"product","2":"type-product","3":"status-publish","4":"has-post-thumbnail","6":"product_brand-sierra-marine-fr","7":"product_cat-helices-pour-hors-bord","8":"product_cat-pieces-detachees-hors-bord-yamaha","10":"first","11":"instock","12":"shipping-taxable","13":"purchasable","14":"product-type-simple"},"_links":{"self":[{"href":"https:\/\/stoic-curie.212-227-153-4.plesk.page\/fr\/wp-json\/wp\/v2\/product\/732359","targetHints":{"allow":["GET"]}}],"collection":[{"href":"https:\/\/stoic-curie.212-227-153-4.plesk.page\/fr\/wp-json\/wp\/v2\/product"}],"about":[{"href":"https:\/\/stoic-curie.212-227-153-4.plesk.page\/fr\/wp-json\/wp\/v2\/types\/product"}],"replies":[{"embeddable":true,"href":"https:\/\/stoic-curie.212-227-153-4.plesk.page\/fr\/wp-json\/wp\/v2\/comments?post=732359"}],"version-history":[{"count":0,"href":"https:\/\/stoic-curie.212-227-153-4.plesk.page\/fr\/wp-json\/wp\/v2\/product\/732359\/revisions"}],"wp:featuredmedia":[{"embeddable":true,"href":"https:\/\/stoic-curie.212-227-153-4.plesk.page\/fr\/wp-json\/wp\/v2\/media\/5949032"}],"wp:attachment":[{"href":"https:\/\/stoic-curie.212-227-153-4.plesk.page\/fr\/wp-json\/wp\/v2\/media?parent=732359"}],"wp:term":[{"taxonomy":"product_brand","embeddable":true,"href":"https:\/\/stoic-curie.212-227-153-4.plesk.page\/fr\/wp-json\/wp\/v2\/product_brand?post=732359"},{"taxonomy":"product_cat","embeddable":true,"href":"https:\/\/stoic-curie.212-227-153-4.plesk.page\/fr\/wp-json\/wp\/v2\/product_cat?post=732359"},{"taxonomy":"product_tag","embeddable":true,"href":"https:\/\/stoic-curie.212-227-153-4.plesk.page\/fr\/wp-json\/wp\/v2\/product_tag?post=732359"}],"curies":[{"name":"wp","href":"https:\/\/api.w.org\/{rel}","templated":true}]}}