{"id":732364,"date":"2025-03-03T16:15:00","date_gmt":"2025-03-03T15:15:00","guid":{"rendered":"https:\/\/stoic-curie.212-227-153-4.plesk.page\/producto\/connecteur-ultra-pour-chaine-de-6-mm\/"},"modified":"2026-02-24T23:08:55","modified_gmt":"2026-02-24T23:08:55","slug":"connecteur-ultra-pour-chaine-de-6-mm","status":"publish","type":"product","link":"https:\/\/stoic-curie.212-227-153-4.plesk.page\/fr\/product\/connecteur-ultra-pour-chaine-de-6-mm\/","title":{"rendered":"Connecteur Ultra pour cha\u00eene de 6 mm"},"content":{"rendered":"<p>Connecteur Ultra pour cha\u00eene de 6 mm &#8211; <\/p>\n<p style=\"color: rgb(34, 34, 34); font-family: Arial, Helvetica, sans-serif; font-size: small;\"><strong>UFS6-12 ULTRA Flip Swivel pour cha\u00eene de 6 mm ou 3\/16&#8243; &#8211; Supporte des ancrages jusqu&#8217;\u00e0 12 kg\/26 lbs<\/strong><\/p>\n<p style=\"color: rgb(34, 34, 34); font-family: Arial, Helvetica, sans-serif; font-size: small;\">Le ULTRA Flip Swivel est un syst\u00e8me de rotation d&#8217;ancrage ing\u00e9nieusement con\u00e7u qui facilite la connexion entre votre cha\u00eene et votre ancrage sans n\u00e9cessiter de manilles suppl\u00e9mentaires. Fabriqu\u00e9 en acier inoxydable 316 et soigneusement poli \u00e0 la main pour obtenir une finition exquise, cet accessoire incarne \u00e0 la fois la robustesse et l&#8217;\u00e9l\u00e9gance. Il fonctionne sans besoin de goupilles de verrouillage ou de c\u00e2bles de s\u00e9curit\u00e9, augmentant ainsi le confort d&#8217;utilisation avec des ancrages pesant jusqu&#8217;\u00e0 12 kg (26 lbs). Fi\u00e8rement fabriqu\u00e9 en Turquie, le ULTRA Flip Swivel se distingue par sa durabilit\u00e9 et son design innovant.<\/p>\n<p style=\"color: rgb(34, 34, 34); font-family: Arial, Helvetica, sans-serif; font-size: small;\">Ce syst\u00e8me poss\u00e8de une r\u00e9sistance \u00e0 la rupture qui d\u00e9passe g\u00e9n\u00e9ralement celle de la cha\u00eene \u00e0 laquelle il est attach\u00e9, permettant une rotation de 30 degr\u00e9s et une rotation compl\u00e8te \u00e0 360 degr\u00e9s. Le bossoir distinctif et le pont arri\u00e8re sont con\u00e7us pour aider \u00e0 r\u00e9cup\u00e9rer l&#8217;ancre en position verticale dans le rouleau de proue. Cette fonctionnalit\u00e9, associ\u00e9e aux capacit\u00e9s de rotation du dispositif, simplifie et am\u00e9liore la s\u00e9curit\u00e9 de la mise \u00e0 l&#8217;ancre et de la r\u00e9cup\u00e9ration.<\/p>\n<p style=\"color: rgb(34, 34, 34); font-family: Arial, Helvetica, sans-serif; font-size: small;\">L&#8217;incorporation de boulons de verrouillage \u00e0 t\u00eate hexagonale \u00e9limine le besoin de vis de s\u00e9curit\u00e9 suppl\u00e9mentaires pour fixer les axes de rotation. Chaque ULTRA Flip Swivel est marqu\u00e9 de sa r\u00e9sistance \u00e0 la rupture au verso de son corps unique. Pour des performances optimales, il est conseill\u00e9 d&#8217;associer ce dispositif avec des ancrages ULTRA, garantissant une compatibilit\u00e9 sans faille.<\/p>\n<p style=\"color: rgb(34, 34, 34); font-family: Arial, Helvetica, sans-serif; font-size: small;\">Le ULTRA Flip Swivel est accompagn\u00e9 d&#8217;une garantie standard de 5 ans et pr\u00e9sente des \u00e9l\u00e9ments de design innovants qui le placent parmi les syst\u00e8mes de rotation d&#8217;ancrage les plus avanc\u00e9s du march\u00e9.<\/p>\n<p style=\"color: rgb(34, 34, 34); font-family: Arial, Helvetica, sans-serif; font-size: small;\"><strong>Caract\u00e9ristiques cl\u00e9s<\/strong><\/p>\n<ul style=\"color: rgb(34, 34, 34); font-family: Arial, Helvetica, sans-serif; font-size: small;\">\n<li>Facilite la connexion entre l&#8217;ancre et la cha\u00eene sans n\u00e9cessiter de manilles suppl\u00e9mentaires.<\/li>\n<li>Construit en acier inoxydable 316 et poli \u00e0 la main pour une apparence \u00e9l\u00e9gante.<\/li>\n<li>Design robuste et \u00e9pur\u00e9, \u00e9liminant la n\u00e9cessit\u00e9 de goupilles de verrouillage ou de c\u00e2bles de s\u00e9curit\u00e9.<\/li>\n<li>La r\u00e9sistance \u00e0 la rupture d\u00e9passe g\u00e9n\u00e9ralement celle de la cha\u00eene connect\u00e9e.<\/li>\n<li>Permet une rotation de 30\u00b0 et un pivotement complet \u00e0 360\u00b0.<\/li>\n<li>Incorpore un bossoir unique pour aider \u00e0 positionner correctement l&#8217;ancre sur le rouleau de proue.<\/li>\n<li>Des boulons de verrouillage \u00e0 t\u00eate hexagonale s\u00e9curisent les axes de rotation sans n\u00e9cessiter de vis suppl\u00e9mentaires.<\/li>\n<\/ul>\n<p style=\"color: rgb(34, 34, 34); font-family: Arial, Helvetica, sans-serif; font-size: small;\"><strong>Avantages :<\/strong><\/p>\n<ul style=\"color: rgb(34, 34, 34); font-family: Arial, Helvetica, sans-serif; font-size: small;\">\n<li>Connecte facilement la cha\u00eene et l&#8217;ancre.<\/li>\n<li>Affiche une r\u00e9sistance \u00e0 la rupture sup\u00e9rieure \u00e0 celle de la cha\u00eene.<\/li>\n<li>Permet un mouvement multidirectionnel.<\/li>\n<li>Se d\u00e9place en douceur sur la poulie gr\u00e2ce \u00e0 son design \u00e9pur\u00e9.<\/li>\n<li>Fabriqu\u00e9 en acier inoxydable 316 robuste, assurant durabilit\u00e9 et r\u00e9sistance.<\/li>\n<\/ul>\n","protected":false},"excerpt":{"rendered":"<p>Connecteur Ultra pour cha\u00eene de 6 mm &#8211; UFS6-12 ULTRA Flip Swivel pour cha\u00eene de 6 mm ou 3\/16&#8243; &#8211;<\/p>\n","protected":false},"featured_media":5946957,"comment_status":"open","ping_status":"closed","template":"","meta":[],"product_brand":[3494],"product_cat":[1293],"product_tag":[],"class_list":{"0":"post-732364","1":"product","2":"type-product","3":"status-publish","4":"has-post-thumbnail","6":"product_brand-ultra-marine-fr","7":"product_cat-ancres-ultra","9":"first","10":"instock","11":"shipping-taxable","12":"purchasable","13":"product-type-simple"},"_links":{"self":[{"href":"https:\/\/stoic-curie.212-227-153-4.plesk.page\/fr\/wp-json\/wp\/v2\/product\/732364","targetHints":{"allow":["GET"]}}],"collection":[{"href":"https:\/\/stoic-curie.212-227-153-4.plesk.page\/fr\/wp-json\/wp\/v2\/product"}],"about":[{"href":"https:\/\/stoic-curie.212-227-153-4.plesk.page\/fr\/wp-json\/wp\/v2\/types\/product"}],"replies":[{"embeddable":true,"href":"https:\/\/stoic-curie.212-227-153-4.plesk.page\/fr\/wp-json\/wp\/v2\/comments?post=732364"}],"version-history":[{"count":0,"href":"https:\/\/stoic-curie.212-227-153-4.plesk.page\/fr\/wp-json\/wp\/v2\/product\/732364\/revisions"}],"wp:featuredmedia":[{"embeddable":true,"href":"https:\/\/stoic-curie.212-227-153-4.plesk.page\/fr\/wp-json\/wp\/v2\/media\/5946957"}],"wp:attachment":[{"href":"https:\/\/stoic-curie.212-227-153-4.plesk.page\/fr\/wp-json\/wp\/v2\/media?parent=732364"}],"wp:term":[{"taxonomy":"product_brand","embeddable":true,"href":"https:\/\/stoic-curie.212-227-153-4.plesk.page\/fr\/wp-json\/wp\/v2\/product_brand?post=732364"},{"taxonomy":"product_cat","embeddable":true,"href":"https:\/\/stoic-curie.212-227-153-4.plesk.page\/fr\/wp-json\/wp\/v2\/product_cat?post=732364"},{"taxonomy":"product_tag","embeddable":true,"href":"https:\/\/stoic-curie.212-227-153-4.plesk.page\/fr\/wp-json\/wp\/v2\/product_tag?post=732364"}],"curies":[{"name":"wp","href":"https:\/\/api.w.org\/{rel}","templated":true}]}}