{"id":732365,"date":"2025-03-03T16:15:00","date_gmt":"2025-03-03T15:15:00","guid":{"rendered":"https:\/\/stoic-curie.212-227-153-4.plesk.page\/producto\/garmin-gt20-tm\/"},"modified":"2026-02-24T23:08:55","modified_gmt":"2026-02-24T23:08:55","slug":"garmin-gt20-tm","status":"publish","type":"product","link":"https:\/\/stoic-curie.212-227-153-4.plesk.page\/fr\/product\/garmin-gt20-tm\/","title":{"rendered":"Garmin GT20-TM"},"content":{"rendered":"<p>Garmin GT20-TM &#8211; <\/p>\n<p>Le Garmin echoMAP UHD2 72CV est un traceur de cartes\/sondeur de poissons dot\u00e9 d&#8217;un \u00e9cran tactile de 7&#8243;\/800&#215;480 pixels, d&#8217;un clavier int\u00e9gr\u00e9 et d&#8217;un r\u00e9cepteur GPS interne. Module CHIRP de 500W, ClearVu et UHD int\u00e9gr\u00e9s. Compatible avec toutes les cartographies Garmin BlueChart et Garmin Navionics+, avec connectivit\u00e9 sans fil int\u00e9gr\u00e9e, NMEA0183\/2000 et Fusion-Link. Il s&#8217;int\u00e8gre enti\u00e8rement \u00e0 tous les syst\u00e8mes de bord. \u00c9quip\u00e9 de toutes les fonctions Garmin, telles que Auto Guidance, Active Captain, Sail Assist et Quickdraw Contours. Inclus : support ajustable et c\u00e2ble d&#8217;alimentation\/donn\u00e9es. Compatible avec tous les transducteurs traditionnels, tous-en-un et UHD, connexion 4 broches. Pour les transducteurs 8 broches, le c\u00e2ble adaptateur doit \u00eatre achet\u00e9 s\u00e9par\u00e9ment. TD = Transducteur<\/p>\n","protected":false},"excerpt":{"rendered":"<p>Garmin GT20-TM &#8211; Le Garmin echoMAP UHD2 72CV est un traceur de cartes\/sondeur de poissons dot\u00e9 d&#8217;un \u00e9cran tactile de<\/p>\n","protected":false},"featured_media":5949065,"comment_status":"open","ping_status":"closed","template":"","meta":[],"product_brand":[2969],"product_cat":[1170],"product_tag":[],"class_list":{"0":"post-732365","1":"product","2":"type-product","3":"status-publish","4":"has-post-thumbnail","6":"product_brand-garmin-fr","7":"product_cat-electronique","9":"first","10":"instock","11":"shipping-taxable","12":"purchasable","13":"product-type-simple"},"_links":{"self":[{"href":"https:\/\/stoic-curie.212-227-153-4.plesk.page\/fr\/wp-json\/wp\/v2\/product\/732365","targetHints":{"allow":["GET"]}}],"collection":[{"href":"https:\/\/stoic-curie.212-227-153-4.plesk.page\/fr\/wp-json\/wp\/v2\/product"}],"about":[{"href":"https:\/\/stoic-curie.212-227-153-4.plesk.page\/fr\/wp-json\/wp\/v2\/types\/product"}],"replies":[{"embeddable":true,"href":"https:\/\/stoic-curie.212-227-153-4.plesk.page\/fr\/wp-json\/wp\/v2\/comments?post=732365"}],"version-history":[{"count":0,"href":"https:\/\/stoic-curie.212-227-153-4.plesk.page\/fr\/wp-json\/wp\/v2\/product\/732365\/revisions"}],"wp:featuredmedia":[{"embeddable":true,"href":"https:\/\/stoic-curie.212-227-153-4.plesk.page\/fr\/wp-json\/wp\/v2\/media\/5949065"}],"wp:attachment":[{"href":"https:\/\/stoic-curie.212-227-153-4.plesk.page\/fr\/wp-json\/wp\/v2\/media?parent=732365"}],"wp:term":[{"taxonomy":"product_brand","embeddable":true,"href":"https:\/\/stoic-curie.212-227-153-4.plesk.page\/fr\/wp-json\/wp\/v2\/product_brand?post=732365"},{"taxonomy":"product_cat","embeddable":true,"href":"https:\/\/stoic-curie.212-227-153-4.plesk.page\/fr\/wp-json\/wp\/v2\/product_cat?post=732365"},{"taxonomy":"product_tag","embeddable":true,"href":"https:\/\/stoic-curie.212-227-153-4.plesk.page\/fr\/wp-json\/wp\/v2\/product_tag?post=732365"}],"curies":[{"name":"wp","href":"https:\/\/api.w.org\/{rel}","templated":true}]}}