{"id":732366,"date":"2025-03-03T16:15:00","date_gmt":"2025-03-03T15:15:00","guid":{"rendered":"https:\/\/stoic-curie.212-227-153-4.plesk.page\/producto\/fendering-profile-qbe-h65mm-12mt\/"},"modified":"2026-02-24T23:08:55","modified_gmt":"2026-02-24T23:08:55","slug":"fendering-profile-qbe-h65mm-12mt","status":"publish","type":"product","link":"https:\/\/stoic-curie.212-227-153-4.plesk.page\/fr\/product\/fendering-profile-qbe-h65mm-12mt\/","title":{"rendered":"Fendering Profile QBE H65mm 12mt"},"content":{"rendered":"<p>Fendering Profile QBE H65mm 12mt &#8211; <\/p>\n<p><strong>Profil de Fendering Qbe en PVC par Tessilmare<\/strong><\/p>\n<p>Nous sommes heureux de vous pr\u00e9senter le Qbe, un profil de protection avanc\u00e9 qui se distingue par sa remarquable r\u00e9sistance aux impacts, rendue possible gr\u00e2ce \u00e0 son design carr\u00e9 unique. Ce produit fait partie de la collection renomm\u00e9e de solutions rubrail de Tessilmare, une marque respect\u00e9e dans l&#8217;industrie maritime. Le Qbe est propos\u00e9 dans un rouleau cons\u00e9quent de 12 m\u00e8tres, ce qui le rend facile \u00e0 stocker et \u00e0 manipuler lors du processus d&#8217;installation.<\/p>\n<p>Une caract\u00e9ristique notable de cette option de fendering l\u00e9g\u00e8re est son syst\u00e8me de fixation s\u00e9curis\u00e9. Il utilise une barre de fixation en inox subtilement plac\u00e9e sous le profil sup\u00e9rieur en PVC, garantissant un aspect soign\u00e9 tout en offrant un soutien solide.<\/p>\n<p>Le design contemporain et \u00e9l\u00e9gant du profil de fendering Qbe en fait un excellent choix pour les bateaux fr\u00e9quemment utilis\u00e9s, qu&#8217;il s&#8217;agisse de bateaux de travail ou de navires marins professionnels. Il est sp\u00e9cifiquement con\u00e7u pour absorber des chocs importants tout en maintenant une structure l\u00e9g\u00e8re qui ne compromet pas les performances.<\/p>\n<p>L&#8217;installation du Qbe est simple et conviviale, gr\u00e2ce \u00e0 sa base fixe, \u00e0 une barre en inox pr\u00e9-perc\u00e9e et \u00e0 un profil en cr\u00eate de pression qui am\u00e9liore son efficacit\u00e9. De plus, le Qbe est polyvalent et compatible avec divers types de coques, y compris celles \u00e0 accouplement lisses, en bo\u00eete ou plates. Cette flexibilit\u00e9 garantit que les propri\u00e9taires de bateaux peuvent compter sur le Qbe pour une protection fiable, quel que soit le design de leur embarcation.<\/p>\n","protected":false},"excerpt":{"rendered":"<p>Fendering Profile QBE H65mm 12mt &#8211; Profil de Fendering Qbe en PVC par Tessilmare Nous sommes heureux de vous pr\u00e9senter<\/p>\n","protected":false},"featured_media":5948803,"comment_status":"open","ping_status":"closed","template":"","meta":[],"product_brand":[3479],"product_cat":[1278],"product_tag":[],"class_list":{"0":"post-732366","1":"product","2":"type-product","3":"status-publish","4":"has-post-thumbnail","6":"product_brand-tessilmare-fr","7":"product_cat-profils-de-pare-battage","9":"first","10":"instock","11":"shipping-taxable","12":"purchasable","13":"product-type-simple"},"_links":{"self":[{"href":"https:\/\/stoic-curie.212-227-153-4.plesk.page\/fr\/wp-json\/wp\/v2\/product\/732366","targetHints":{"allow":["GET"]}}],"collection":[{"href":"https:\/\/stoic-curie.212-227-153-4.plesk.page\/fr\/wp-json\/wp\/v2\/product"}],"about":[{"href":"https:\/\/stoic-curie.212-227-153-4.plesk.page\/fr\/wp-json\/wp\/v2\/types\/product"}],"replies":[{"embeddable":true,"href":"https:\/\/stoic-curie.212-227-153-4.plesk.page\/fr\/wp-json\/wp\/v2\/comments?post=732366"}],"version-history":[{"count":0,"href":"https:\/\/stoic-curie.212-227-153-4.plesk.page\/fr\/wp-json\/wp\/v2\/product\/732366\/revisions"}],"wp:featuredmedia":[{"embeddable":true,"href":"https:\/\/stoic-curie.212-227-153-4.plesk.page\/fr\/wp-json\/wp\/v2\/media\/5948803"}],"wp:attachment":[{"href":"https:\/\/stoic-curie.212-227-153-4.plesk.page\/fr\/wp-json\/wp\/v2\/media?parent=732366"}],"wp:term":[{"taxonomy":"product_brand","embeddable":true,"href":"https:\/\/stoic-curie.212-227-153-4.plesk.page\/fr\/wp-json\/wp\/v2\/product_brand?post=732366"},{"taxonomy":"product_cat","embeddable":true,"href":"https:\/\/stoic-curie.212-227-153-4.plesk.page\/fr\/wp-json\/wp\/v2\/product_cat?post=732366"},{"taxonomy":"product_tag","embeddable":true,"href":"https:\/\/stoic-curie.212-227-153-4.plesk.page\/fr\/wp-json\/wp\/v2\/product_tag?post=732366"}],"curies":[{"name":"wp","href":"https:\/\/api.w.org\/{rel}","templated":true}]}}