{"id":732367,"date":"2025-03-03T16:15:01","date_gmt":"2025-03-03T15:15:01","guid":{"rendered":"https:\/\/stoic-curie.212-227-153-4.plesk.page\/producto\/paire-de-bornes-en-acier-inoxydable-pour-radial-85\/"},"modified":"2026-02-24T23:08:55","modified_gmt":"2026-02-24T23:08:55","slug":"paire-de-bornes-en-acier-inoxydable-pour-radial-85","status":"publish","type":"product","link":"https:\/\/stoic-curie.212-227-153-4.plesk.page\/fr\/product\/paire-de-bornes-en-acier-inoxydable-pour-radial-85\/","title":{"rendered":"Paire de bornes en acier inoxydable pour Radial 85"},"content":{"rendered":"<p>Paire de bornes en acier inoxydable pour Radial 85 &#8211; <\/p>\n<p>Radial est le seul profil de pare-chocs en PVC qui peut \u00eatre install\u00e9 facilement et rapidement et qui peut \u00eatre mont\u00e9 \u00e0 froid en quelques \u00e9tapes. Sa flexibilit\u00e9 et sa maniabilit\u00e9 rendent le profil Radial unique. Le profil est fourni en rouleaux de 12 &#8211; 16 &#8211; 24 m\u00e8tres avec une hauteur de 30 &#8211; 40 &#8211; 52 &#8211; 65 &#8211; 85 mm. Il est disponible en couleurs Noir, Blanc et Gris. Les bouchons de bout et les joints sont disponibles en plastique de la m\u00eame couleur que le profil ou en acier inoxydable. Les rails de support rigides sont vendus en barres de 2 m\u00e8tres.<\/p>\n","protected":false},"excerpt":{"rendered":"<p>Paire de bornes en acier inoxydable pour Radial 85 &#8211; Radial est le seul profil de pare-chocs en PVC qui<\/p>\n","protected":false},"featured_media":5949066,"comment_status":"open","ping_status":"closed","template":"","meta":[],"product_brand":[3479],"product_cat":[1278],"product_tag":[],"class_list":{"0":"post-732367","1":"product","2":"type-product","3":"status-publish","4":"has-post-thumbnail","6":"product_brand-tessilmare-fr","7":"product_cat-profils-de-pare-battage","9":"first","10":"instock","11":"shipping-taxable","12":"purchasable","13":"product-type-simple"},"_links":{"self":[{"href":"https:\/\/stoic-curie.212-227-153-4.plesk.page\/fr\/wp-json\/wp\/v2\/product\/732367","targetHints":{"allow":["GET"]}}],"collection":[{"href":"https:\/\/stoic-curie.212-227-153-4.plesk.page\/fr\/wp-json\/wp\/v2\/product"}],"about":[{"href":"https:\/\/stoic-curie.212-227-153-4.plesk.page\/fr\/wp-json\/wp\/v2\/types\/product"}],"replies":[{"embeddable":true,"href":"https:\/\/stoic-curie.212-227-153-4.plesk.page\/fr\/wp-json\/wp\/v2\/comments?post=732367"}],"version-history":[{"count":0,"href":"https:\/\/stoic-curie.212-227-153-4.plesk.page\/fr\/wp-json\/wp\/v2\/product\/732367\/revisions"}],"wp:featuredmedia":[{"embeddable":true,"href":"https:\/\/stoic-curie.212-227-153-4.plesk.page\/fr\/wp-json\/wp\/v2\/media\/5949066"}],"wp:attachment":[{"href":"https:\/\/stoic-curie.212-227-153-4.plesk.page\/fr\/wp-json\/wp\/v2\/media?parent=732367"}],"wp:term":[{"taxonomy":"product_brand","embeddable":true,"href":"https:\/\/stoic-curie.212-227-153-4.plesk.page\/fr\/wp-json\/wp\/v2\/product_brand?post=732367"},{"taxonomy":"product_cat","embeddable":true,"href":"https:\/\/stoic-curie.212-227-153-4.plesk.page\/fr\/wp-json\/wp\/v2\/product_cat?post=732367"},{"taxonomy":"product_tag","embeddable":true,"href":"https:\/\/stoic-curie.212-227-153-4.plesk.page\/fr\/wp-json\/wp\/v2\/product_tag?post=732367"}],"curies":[{"name":"wp","href":"https:\/\/api.w.org\/{rel}","templated":true}]}}